{"id":67392,"date":"2025-10-20T14:12:09","date_gmt":"2025-10-20T12:12:09","guid":{"rendered":"https:\/\/mexpo.eu\/produkt\/fbi-re-oreillette-de-remplacement-pour-le-casque-de-gst-fbi\/"},"modified":"2025-10-20T14:12:09","modified_gmt":"2025-10-20T12:12:09","slug":"fbi-re-oreillette-de-remplacement-pour-le-casque-de-gst-fbi","status":"publish","type":"product","link":"https:\/\/mexpo.eu\/fr\/produkt\/fbi-re-oreillette-de-remplacement-pour-le-casque-de-gst-fbi\/","title":{"rendered":"FBI-RE \u2013 Oreillette de remplacement pour le casque de GST-FBI"},"content":{"rendered":"<p>\u00c9couteur de rechange intra-auriculaire (Tube acoustique) pour\u00a0<b>le casque (headset) GST-FBI\u00a0<\/b>avec clip de fixation pour v\u00eatement.<\/p>\n<p><strong>Principaux avantages du FBI-RE :<\/strong><\/p>\n<ul>\n<li><b>Discr\u00e9tion Maximale:<\/b>\u00a0Le tube souple et transparent est presque invisible, ce qui le rend id\u00e9al pour les services de s\u00e9curit\u00e9, les agents de protection rapproch\u00e9e (<b>garde du corps<\/b>), et le personnel d\u2019\u00e9v\u00e9nements, de casinos et de discoth\u00e8ques.<\/li>\n<li><b>Maintien de l\u2019Hygi\u00e8ne:<\/b>\u00a0Vendu comme \u00e9l\u00e9ment rempla\u00e7able, il permet un \u00e9change rapide et facile de l\u2019\u00e9couteur intra-auriculaire entre les utilisateurs, ce qui est essentiel en cas de rotation du personnel et d\u2019utilisation intensive.<\/li>\n<li><b>Haute Qualit\u00e9 Sonore:<\/b>\u00a0Utilis\u00e9 avec le casque GST-FBI, il transmet efficacement le son de l\u2019interphone mGuide GST directement \u00e0 l\u2019oreille, assurant clart\u00e9 et intelligibilit\u00e9 des messages m\u00eame dans un environnement bruyant.<\/li>\n<li><b>Confort:<\/b>\u00a0Il comporte une section spirale et flexible qui s\u2019adapte \u00e0 la forme de la t\u00eate, minimisant le risque de chute. Le clip m\u00e9tallique int\u00e9gr\u00e9 permet de fixer solidement l\u2019\u00e9couteur au col ou au v\u00eatement.<\/li>\n<\/ul>\n","protected":false},"excerpt":{"rendered":"<p>\u00c9couteur rempla\u00e7able (Tube acoustique) pour le casque discret GST-FBI.<\/p>\n","protected":false},"featured_media":67391,"template":"","meta":{"_acf_changed":false},"product_brand":[],"product_cat":[5185],"product_tag":[],"class_list":{"0":"post-67392","1":"product","2":"type-product","3":"status-publish","4":"has-post-thumbnail","6":"product_cat-hygiene-fr","8":"first","9":"instock","10":"taxable","11":"shipping-taxable","12":"purchasable","13":"product-type-simple"},"acf":[],"_links":{"self":[{"href":"https:\/\/mexpo.eu\/fr\/wp-json\/wp\/v2\/product\/67392","targetHints":{"allow":["GET"]}}],"collection":[{"href":"https:\/\/mexpo.eu\/fr\/wp-json\/wp\/v2\/product"}],"about":[{"href":"https:\/\/mexpo.eu\/fr\/wp-json\/wp\/v2\/types\/product"}],"wp:featuredmedia":[{"embeddable":true,"href":"https:\/\/mexpo.eu\/fr\/wp-json\/wp\/v2\/media\/67391"}],"wp:attachment":[{"href":"https:\/\/mexpo.eu\/fr\/wp-json\/wp\/v2\/media?parent=67392"}],"wp:term":[{"taxonomy":"product_brand","embeddable":true,"href":"https:\/\/mexpo.eu\/fr\/wp-json\/wp\/v2\/product_brand?post=67392"},{"taxonomy":"product_cat","embeddable":true,"href":"https:\/\/mexpo.eu\/fr\/wp-json\/wp\/v2\/product_cat?post=67392"},{"taxonomy":"product_tag","embeddable":true,"href":"https:\/\/mexpo.eu\/fr\/wp-json\/wp\/v2\/product_tag?post=67392"}],"curies":[{"name":"wp","href":"https:\/\/api.w.org\/{rel}","templated":true}]}}