{"id":66426,"date":"2025-08-28T12:11:57","date_gmt":"2025-08-28T12:11:57","guid":{"rendered":"https:\/\/mexpo.eu\/?post_type=product&#038;p=66426"},"modified":"2025-09-09T08:19:39","modified_gmt":"2025-09-09T08:19:39","slug":"kit-de-guide-touristique-pour-mguide-pellegrino-easy-l-522","status":"publish","type":"product","link":"https:\/\/mexpo.eu\/fr\/produkt\/kit-de-guide-touristique-pour-mguide-pellegrino-easy-l-522\/","title":{"rendered":"Kit de guide touristique pour mGuide Pellegrino Easy | L (52+2)"},"content":{"rendered":"<p>Contenu du coffret\u00a0:<\/p>\n<ul>\n<li>2 \u00e9metteurs mGuide Pellegrino Easy<\/li>\n<li>52 r\u00e9cepteurs mGuide Pellegrino Easy<\/li>\n<li>Bo\u00eetier de charge TC-54SG<\/li>\n<li>52 \u00e9couteurs s\u00e9rie SH<\/li>\n<li>2 microphones s\u00e9rie LM<\/li>\n<li>Cordons<br \/>\nLes images des accessoires sont fournies \u00e0 titre d&#8217;illustration uniquement\u00a0; les \u00e9couteurs et microphones peuvent varier selon la disponibilit\u00e9.<\/li>\n<\/ul>\n<p>Le syst\u00e8me mGuide Pellegrino Easy est un syst\u00e8me de communication num\u00e9rique unidirectionnel compact et l\u00e9ger (45 g), id\u00e9al pour une utilisation longue dur\u00e9e, notamment en voyage. Sa principale caract\u00e9ristique est le balayage et le r\u00e9glage automatiques des fr\u00e9quences en temps r\u00e9el, garantissant une transmission stable et sans interf\u00e9rences, \u00e9liminant ainsi toute configuration manuelle. L&#8217;appareil offre une port\u00e9e en visibilit\u00e9 directe allant jusqu&#8217;\u00e0 110 m, une technologie antibruit et un clip de fixation pratique.<\/p>\n<p>Caract\u00e9ristiques principales\u00a0:<\/p>\n<p>Appairage group\u00e9 rapide des r\u00e9cepteurs.<\/p>\n<p>Autonomie\u00a0: 16 \u00e0 23\u00a0heures, charge compl\u00e8te via USB-C en 2 \u00e0 4,5\u00a0heures.<\/p>\n<p>Fonction d&#8217;\u00e9conomie d&#8217;\u00e9nergie automatique\u00a0: s&#8217;\u00e9teint apr\u00e8s 20\u00a0minutes d&#8217;absence de signal.<\/p>\n<p>\u00c9metteur avec microphone int\u00e9gr\u00e9 et possibilit\u00e9 de connecter un microphone externe.<\/p>\n","protected":false},"excerpt":{"rendered":"<p>mGuide Pellegrino Easy L (52+2) est un ensemble de guide touristique complet, qui comprend : 2 \u00e9metteurs, 52 r\u00e9cepteurs, un sac avec un chargeur, des \u00e9couteurs de la s\u00e9rie SH, des microphones de la s\u00e9rie LM et des cordons hygi\u00e9niques.<\/p>\n","protected":false},"featured_media":66444,"template":"","meta":{"_acf_changed":false},"product_brand":[],"product_cat":[5175],"product_tag":[],"class_list":{"0":"post-66426","1":"product","2":"type-product","3":"status-publish","4":"has-post-thumbnail","6":"product_cat-sets-tour-guide","8":"first","9":"instock","10":"taxable","11":"shipping-taxable","12":"purchasable","13":"product-type-simple"},"acf":[],"_links":{"self":[{"href":"https:\/\/mexpo.eu\/fr\/wp-json\/wp\/v2\/product\/66426","targetHints":{"allow":["GET"]}}],"collection":[{"href":"https:\/\/mexpo.eu\/fr\/wp-json\/wp\/v2\/product"}],"about":[{"href":"https:\/\/mexpo.eu\/fr\/wp-json\/wp\/v2\/types\/product"}],"wp:featuredmedia":[{"embeddable":true,"href":"https:\/\/mexpo.eu\/fr\/wp-json\/wp\/v2\/media\/66444"}],"wp:attachment":[{"href":"https:\/\/mexpo.eu\/fr\/wp-json\/wp\/v2\/media?parent=66426"}],"wp:term":[{"taxonomy":"product_brand","embeddable":true,"href":"https:\/\/mexpo.eu\/fr\/wp-json\/wp\/v2\/product_brand?post=66426"},{"taxonomy":"product_cat","embeddable":true,"href":"https:\/\/mexpo.eu\/fr\/wp-json\/wp\/v2\/product_cat?post=66426"},{"taxonomy":"product_tag","embeddable":true,"href":"https:\/\/mexpo.eu\/fr\/wp-json\/wp\/v2\/product_tag?post=66426"}],"curies":[{"name":"wp","href":"https:\/\/api.w.org\/{rel}","templated":true}]}}