{"id":66417,"date":"2025-08-28T11:25:38","date_gmt":"2025-08-28T11:25:38","guid":{"rendered":"https:\/\/mexpo.eu\/?post_type=product&#038;p=66417"},"modified":"2025-08-28T11:25:39","modified_gmt":"2025-08-28T11:25:39","slug":"ecouteurs-em-aus-10-pieces","status":"publish","type":"product","link":"https:\/\/mexpo.eu\/fr\/produkt\/ecouteurs-em-aus-10-pieces\/","title":{"rendered":"\u00c9couteurs EM-AUS (10 pi\u00e8ces)"},"content":{"rendered":"<p>Casque st\u00e9r\u00e9o confortable et r\u00e9glable \u2013 id\u00e9al pour les visites touristiques et les voyages<\/p>\n<p>Casque supra-auriculaire confortable, con\u00e7u pour un port prolong\u00e9, notamment lors de visites de mus\u00e9es, de visites audioguid\u00e9es ou d&#8217;\u00e9v\u00e9nements \u00e9ducatifs. Gr\u00e2ce \u00e0 son arceau r\u00e9glable et \u00e0 sa conception l\u00e9g\u00e8re, il s&#8217;adapte \u00e0 toutes les t\u00eates et assure un confort optimal pendant des heures.<\/p>\n<p>Ce casque est \u00e9quip\u00e9 d&#8217;une prise jack standard de 3,5 mm, compatible avec la plupart des lecteurs multim\u00e9dias, audioguides, t\u00e9l\u00e9phones, tablettes et ordinateurs. Son c\u00e2ble de 90 cm permet une connexion pratique \u00e0 un appareil port\u00e9 autour du cou, dans une poche ou attach\u00e9 \u00e0 un cordon.<\/p>\n","protected":false},"excerpt":{"rendered":"<p>Casque st\u00e9r\u00e9o avec arceau r\u00e9glable et coussinets en similicuir. Id\u00e9al et tr\u00e8s confortable pour une utilisation prolong\u00e9e lors d&#8217;une visite au mus\u00e9e ou d&#8217;un voyage.<\/p>\n","protected":false},"featured_media":66388,"template":"","meta":{"_acf_changed":false},"product_brand":[],"product_cat":[5184],"product_tag":[],"class_list":{"0":"post-66417","1":"product","2":"type-product","3":"status-publish","4":"has-post-thumbnail","6":"product_cat-ecouteurs-reutilisables","8":"first","9":"instock","10":"taxable","11":"shipping-taxable","12":"purchasable","13":"product-type-simple"},"acf":[],"_links":{"self":[{"href":"https:\/\/mexpo.eu\/fr\/wp-json\/wp\/v2\/product\/66417","targetHints":{"allow":["GET"]}}],"collection":[{"href":"https:\/\/mexpo.eu\/fr\/wp-json\/wp\/v2\/product"}],"about":[{"href":"https:\/\/mexpo.eu\/fr\/wp-json\/wp\/v2\/types\/product"}],"wp:featuredmedia":[{"embeddable":true,"href":"https:\/\/mexpo.eu\/fr\/wp-json\/wp\/v2\/media\/66388"}],"wp:attachment":[{"href":"https:\/\/mexpo.eu\/fr\/wp-json\/wp\/v2\/media?parent=66417"}],"wp:term":[{"taxonomy":"product_brand","embeddable":true,"href":"https:\/\/mexpo.eu\/fr\/wp-json\/wp\/v2\/product_brand?post=66417"},{"taxonomy":"product_cat","embeddable":true,"href":"https:\/\/mexpo.eu\/fr\/wp-json\/wp\/v2\/product_cat?post=66417"},{"taxonomy":"product_tag","embeddable":true,"href":"https:\/\/mexpo.eu\/fr\/wp-json\/wp\/v2\/product_tag?post=66417"}],"curies":[{"name":"wp","href":"https:\/\/api.w.org\/{rel}","templated":true}]}}