{"id":66377,"date":"2025-08-28T12:11:47","date_gmt":"2025-08-28T12:11:47","guid":{"rendered":"https:\/\/mexpo.eu\/?post_type=product&#038;p=66377"},"modified":"2025-08-28T12:11:48","modified_gmt":"2025-08-28T12:11:48","slug":"recepteur-mguide-pellegrino-easy","status":"publish","type":"product","link":"https:\/\/mexpo.eu\/fr\/produkt\/recepteur-mguide-pellegrino-easy\/","title":{"rendered":"R\u00e9cepteur mGuide Pellegrino Easy"},"content":{"rendered":"<p>R\u00e9cepteur d\u00e9di\u00e9 au dernier syst\u00e8me unidirectionnel mGuide Pellegrino Easy. Il est extr\u00eamement l\u00e9ger (45 g) et compact. De plus, il est \u00e9quip\u00e9 d&#8217;un clip m\u00e9tallique sp\u00e9cial permettant de fixer l&#8217;\u00e9quipement sur les v\u00eatements.<\/p>\n<p>Le syst\u00e8me mGuide Pellegrino Easy est un syst\u00e8me num\u00e9rique moderne \u00e0 sens unique qui, gr\u00e2ce \u00e0 des solutions intelligentes, assure une communication fiable et confortable. Son plus grand atout est la fonction de balayage et d&#8217;accord automatique des fr\u00e9quences, qui fonctionne en permanence. Cela garantit une transmission sans interf\u00e9rences, tout en \u00e9liminant le besoin d&#8217;une configuration manuelle.<\/p>\n","protected":false},"excerpt":{"rendered":"<p>R\u00e9cepteur num\u00e9rique unidirectionnel du syst\u00e8me mGuide Pellegrino Easy. Compact et ultra-l\u00e9ger.<\/p>\n","protected":false},"featured_media":66309,"template":"","meta":{"_acf_changed":false},"product_brand":[],"product_cat":[5186],"product_tag":[],"class_list":{"0":"post-66377","1":"product","2":"type-product","3":"status-publish","4":"has-post-thumbnail","6":"product_cat-emetteurs-et-recepteurs","8":"first","9":"instock","10":"taxable","11":"shipping-taxable","12":"purchasable","13":"product-type-simple"},"acf":[],"_links":{"self":[{"href":"https:\/\/mexpo.eu\/fr\/wp-json\/wp\/v2\/product\/66377","targetHints":{"allow":["GET"]}}],"collection":[{"href":"https:\/\/mexpo.eu\/fr\/wp-json\/wp\/v2\/product"}],"about":[{"href":"https:\/\/mexpo.eu\/fr\/wp-json\/wp\/v2\/types\/product"}],"wp:featuredmedia":[{"embeddable":true,"href":"https:\/\/mexpo.eu\/fr\/wp-json\/wp\/v2\/media\/66309"}],"wp:attachment":[{"href":"https:\/\/mexpo.eu\/fr\/wp-json\/wp\/v2\/media?parent=66377"}],"wp:term":[{"taxonomy":"product_brand","embeddable":true,"href":"https:\/\/mexpo.eu\/fr\/wp-json\/wp\/v2\/product_brand?post=66377"},{"taxonomy":"product_cat","embeddable":true,"href":"https:\/\/mexpo.eu\/fr\/wp-json\/wp\/v2\/product_cat?post=66377"},{"taxonomy":"product_tag","embeddable":true,"href":"https:\/\/mexpo.eu\/fr\/wp-json\/wp\/v2\/product_tag?post=66377"}],"curies":[{"name":"wp","href":"https:\/\/api.w.org\/{rel}","templated":true}]}}