{"id":66372,"date":"2025-08-28T12:11:56","date_gmt":"2025-08-28T12:11:56","guid":{"rendered":"https:\/\/mexpo.eu\/?post_type=product&#038;p=66372"},"modified":"2025-08-28T12:11:57","modified_gmt":"2025-08-28T12:11:57","slug":"emetteur-mguide-pellegrino-easy","status":"publish","type":"product","link":"https:\/\/mexpo.eu\/fr\/produkt\/emetteur-mguide-pellegrino-easy\/","title":{"rendered":"\u00c9metteur mGuide Pellegrino Easy"},"content":{"rendered":"<p>\u00c9metteur d\u00e9di\u00e9 au syst\u00e8me mGuide Pellegrino Easy. L&#8217;appareil est ultra-l\u00e9ger &#8211; il ne p\u00e8se que 45 grammes, ce qui le rend extr\u00eamement confortable, m\u00eame en cas de<br \/>\nutilisable pendant de longues heures, par exemple lors de voyages organis\u00e9s. Le confort d&#8217;utilisation est \u00e9galement am\u00e9lior\u00e9 par le clip pratique qui permet de fixer facilement l&#8217;\u00e9quipement sur les v\u00eatements.<\/p>\n<p>Caract\u00e9ristiques cl\u00e9s du syst\u00e8me mGuide Pellegrino Easy :<\/p>\n<ul>\n<li>Appariement intelligent de groupe : permet de connecter rapidement un ou plusieurs r\u00e9cepteurs \u00e0 un groupe existant via une synchronisation automatique de la fr\u00e9quence.<\/li>\n<li>Batterie performante : assure de 16 \u00e0 23 heures de fonctionnement continu sur une seule charge.<\/li>\n<li>Charge rapide : le chargement complet de la batterie via le port USB-C ne prend que 2 \u00e0 4,5 heures.<\/li>\n<li>Fonction d&#8217;\u00e9conomie d&#8217;\u00e9nergie : le syst\u00e8me \u00e9teint automatiquement l&#8217;\u00e9metteur apr\u00e8s 20 minutes sans son ou le r\u00e9cepteur apr\u00e8s 20 minutes sans signal, ce qui prolonge la dur\u00e9e de fonctionnement.<\/li>\n<li>Flexibilit\u00e9 audio : Les \u00e9metteurs sont dot\u00e9s d&#8217;un microphone int\u00e9gr\u00e9 et de la possibilit\u00e9 de connecter un microphone externe, s&#8217;adaptant ainsi aux besoins de l&#8217;utilisateur.<\/li>\n<\/ul>\n","protected":false},"excerpt":{"rendered":"<p>\u00c9metteur num\u00e9rique unidirectionnel mGuide Pellegrino Easy. Compact et ultra-l\u00e9ger. Microphone int\u00e9gr\u00e9.<\/p>\n","protected":false},"featured_media":66339,"template":"","meta":{"_acf_changed":false},"product_brand":[],"product_cat":[5186],"product_tag":[],"class_list":{"0":"post-66372","1":"product","2":"type-product","3":"status-publish","4":"has-post-thumbnail","6":"product_cat-emetteurs-et-recepteurs","8":"first","9":"instock","10":"taxable","11":"shipping-taxable","12":"purchasable","13":"product-type-simple"},"acf":[],"_links":{"self":[{"href":"https:\/\/mexpo.eu\/fr\/wp-json\/wp\/v2\/product\/66372","targetHints":{"allow":["GET"]}}],"collection":[{"href":"https:\/\/mexpo.eu\/fr\/wp-json\/wp\/v2\/product"}],"about":[{"href":"https:\/\/mexpo.eu\/fr\/wp-json\/wp\/v2\/types\/product"}],"wp:featuredmedia":[{"embeddable":true,"href":"https:\/\/mexpo.eu\/fr\/wp-json\/wp\/v2\/media\/66339"}],"wp:attachment":[{"href":"https:\/\/mexpo.eu\/fr\/wp-json\/wp\/v2\/media?parent=66372"}],"wp:term":[{"taxonomy":"product_brand","embeddable":true,"href":"https:\/\/mexpo.eu\/fr\/wp-json\/wp\/v2\/product_brand?post=66372"},{"taxonomy":"product_cat","embeddable":true,"href":"https:\/\/mexpo.eu\/fr\/wp-json\/wp\/v2\/product_cat?post=66372"},{"taxonomy":"product_tag","embeddable":true,"href":"https:\/\/mexpo.eu\/fr\/wp-json\/wp\/v2\/product_tag?post=66372"}],"curies":[{"name":"wp","href":"https:\/\/api.w.org\/{rel}","templated":true}]}}