{"id":66361,"date":"2025-08-28T12:12:03","date_gmt":"2025-08-28T12:12:03","guid":{"rendered":"https:\/\/mexpo.eu\/?post_type=product&#038;p=66361"},"modified":"2025-08-28T12:12:04","modified_gmt":"2025-08-28T12:12:04","slug":"sac-avec-chargeur-tc-18sg","status":"publish","type":"product","link":"https:\/\/mexpo.eu\/fr\/produkt\/sac-avec-chargeur-tc-18sg\/","title":{"rendered":"Sac avec chargeur TC-18SG"},"content":{"rendered":"<p>Chargeur collectif dans un sac de transport noir avec poign\u00e9e. D\u00e9di\u00e9 \u00e0 18 appareils, mGuide Pellegrino Easy. Fourni avec le c\u00e2ble et l&#8217;adaptateur secteur.<\/p>\n","protected":false},"excerpt":{"rendered":"<p>Chargeur collectif dans un \u00e9tui pour 18 appareils mGuide Pellegrino Easy. Fourni avec le c\u00e2ble et l&#8217;adaptateur secteur.<\/p>\n","protected":false},"featured_media":66263,"template":"","meta":{"_acf_changed":false},"product_brand":[],"product_cat":[5177],"product_tag":[],"class_list":{"0":"post-66361","1":"product","2":"type-product","3":"status-publish","4":"has-post-thumbnail","6":"product_cat-chargeurs","8":"first","9":"instock","10":"taxable","11":"shipping-taxable","12":"purchasable","13":"product-type-simple"},"acf":[],"_links":{"self":[{"href":"https:\/\/mexpo.eu\/fr\/wp-json\/wp\/v2\/product\/66361","targetHints":{"allow":["GET"]}}],"collection":[{"href":"https:\/\/mexpo.eu\/fr\/wp-json\/wp\/v2\/product"}],"about":[{"href":"https:\/\/mexpo.eu\/fr\/wp-json\/wp\/v2\/types\/product"}],"wp:featuredmedia":[{"embeddable":true,"href":"https:\/\/mexpo.eu\/fr\/wp-json\/wp\/v2\/media\/66263"}],"wp:attachment":[{"href":"https:\/\/mexpo.eu\/fr\/wp-json\/wp\/v2\/media?parent=66361"}],"wp:term":[{"taxonomy":"product_brand","embeddable":true,"href":"https:\/\/mexpo.eu\/fr\/wp-json\/wp\/v2\/product_brand?post=66361"},{"taxonomy":"product_cat","embeddable":true,"href":"https:\/\/mexpo.eu\/fr\/wp-json\/wp\/v2\/product_cat?post=66361"},{"taxonomy":"product_tag","embeddable":true,"href":"https:\/\/mexpo.eu\/fr\/wp-json\/wp\/v2\/product_tag?post=66361"}],"curies":[{"name":"wp","href":"https:\/\/api.w.org\/{rel}","templated":true}]}}