{"id":66351,"date":"2025-08-28T12:11:53","date_gmt":"2025-08-28T12:11:53","guid":{"rendered":"https:\/\/mexpo.eu\/?post_type=product&#038;p=66351"},"modified":"2025-09-09T08:19:51","modified_gmt":"2025-09-09T08:19:51","slug":"mguide-pellegrino-easy","status":"publish","type":"product","link":"https:\/\/mexpo.eu\/fr\/produkt\/mguide-pellegrino-easy\/","title":{"rendered":"mGuide Pellegrino Easy"},"content":{"rendered":"<p>mGuide Pellegrino est un syst\u00e8me de guide touristique facile \u00e0 utiliser qui allie un design moderne et une construction ultra-l\u00e9g\u00e8re (45 g). Le syst\u00e8me garantit une transmission propre et stable jusqu&#8217;\u00e0 110 m\u00e8tres en ligne de mire, et la technologie de r\u00e9duction du bruit (Noise Cancelling) utilis\u00e9e assure une excellente qualit\u00e9 sonore m\u00eame dans un environnement bruyant. Ce mod\u00e8le est dot\u00e9 d&#8217;une fonction de charge rapide via un c\u00e2ble USB-C ou une chargeur collectif.<\/p>\n<p>Le r\u00e9cepteur ne n\u00e9cessite aucune intervention de l&#8217;utilisateur (touriste), ce qui simplifie encore plus les visites. Il ne poss\u00e8de m\u00eame pas d&#8217;\u00e9cran, et les changements de cha\u00eene sont automatiques et transparents pour l&#8217;utilisateur. Il ne peut que r\u00e9gler le volume.<\/p>\n<p>Caract\u00e9ristiques techniques :<\/p>\n<ul>\n<li>Type de communication : unidirectionnelle<\/li>\n<li>Nombre de canaux : 54<\/li>\n<li>Port\u00e9e : &lt; 110<\/li>\n<li>Dur\u00e9e de fonctionnement de l&#8217;\u00e9metteur : ~ 16h<br \/>\nDur\u00e9e de fonctionnement du r\u00e9cepteur : ~ 23h<\/li>\n<li>Temps de charge : 2-4,5 h<\/li>\n<li>Type d&#8217;alimentation : 1x Li-Poly 3.7V 630mAh<\/li>\n<li>Poids avec la batterie : 45g<\/li>\n<li>Dimensions : 34 x 20 x 63<\/li>\n<\/ul>\n","protected":false},"excerpt":{"rendered":"<p>Pellegrino Easy est un syst\u00e8me de communication sans fil moderne, unidirectionnel et pratiquement sans entretien. Compact et ultra-l\u00e9ger, il dispose d&#8217;un \u00e9metteur avec microphone int\u00e9gr\u00e9.<\/p>\n","protected":false},"featured_media":66339,"template":"","meta":{"_acf_changed":false},"product_brand":[],"product_cat":[5174],"product_tag":[],"class_list":{"0":"post-66351","1":"product","2":"type-product","3":"status-publish","4":"has-post-thumbnail","6":"product_cat-modeles","8":"first","9":"instock","10":"taxable","11":"shipping-taxable","12":"product-type-grouped"},"acf":[],"_links":{"self":[{"href":"https:\/\/mexpo.eu\/fr\/wp-json\/wp\/v2\/product\/66351","targetHints":{"allow":["GET"]}}],"collection":[{"href":"https:\/\/mexpo.eu\/fr\/wp-json\/wp\/v2\/product"}],"about":[{"href":"https:\/\/mexpo.eu\/fr\/wp-json\/wp\/v2\/types\/product"}],"wp:featuredmedia":[{"embeddable":true,"href":"https:\/\/mexpo.eu\/fr\/wp-json\/wp\/v2\/media\/66339"}],"wp:attachment":[{"href":"https:\/\/mexpo.eu\/fr\/wp-json\/wp\/v2\/media?parent=66351"}],"wp:term":[{"taxonomy":"product_brand","embeddable":true,"href":"https:\/\/mexpo.eu\/fr\/wp-json\/wp\/v2\/product_brand?post=66351"},{"taxonomy":"product_cat","embeddable":true,"href":"https:\/\/mexpo.eu\/fr\/wp-json\/wp\/v2\/product_cat?post=66351"},{"taxonomy":"product_tag","embeddable":true,"href":"https:\/\/mexpo.eu\/fr\/wp-json\/wp\/v2\/product_tag?post=66351"}],"curies":[{"name":"wp","href":"https:\/\/api.w.org\/{rel}","templated":true}]}}