{"id":66346,"date":"2025-08-28T12:12:07","date_gmt":"2025-08-28T12:12:07","guid":{"rendered":"https:\/\/mexpo.eu\/?post_type=product&#038;p=66346"},"modified":"2025-08-28T12:12:10","modified_gmt":"2025-08-28T12:12:10","slug":"sac-avec-chargeur-tc-36sg","status":"publish","type":"product","link":"https:\/\/mexpo.eu\/fr\/produkt\/sac-avec-chargeur-tc-36sg\/","title":{"rendered":"Sac avec chargeur TC-36SG"},"content":{"rendered":"<p>Chargeur collectif dans un sac de transport noir avec une longue bandouli\u00e8re. \u00c9quip\u00e9e d&#8217;une poche int\u00e9rieure en maille zipp\u00e9e et de poches ext\u00e9rieures. D\u00e9di\u00e9 \u00e0 36 appareils mGuide Pellegrino Easy. Fourni avec le c\u00e2ble et l&#8217;adaptateur secteur.<\/p>\n","protected":false},"excerpt":{"rendered":"<p>Chargeur collectif dans un sac de transport pour 36 appareils mGuide Pellegrino Easy. Fourni avec le c\u00e2ble et l&#8217;adaptateur secteur.<\/p>\n","protected":false},"featured_media":66250,"template":"","meta":{"_acf_changed":false},"product_brand":[],"product_cat":[5177],"product_tag":[],"class_list":{"0":"post-66346","1":"product","2":"type-product","3":"status-publish","4":"has-post-thumbnail","6":"product_cat-chargeurs","8":"first","9":"instock","10":"taxable","11":"shipping-taxable","12":"purchasable","13":"product-type-simple"},"acf":[],"_links":{"self":[{"href":"https:\/\/mexpo.eu\/fr\/wp-json\/wp\/v2\/product\/66346","targetHints":{"allow":["GET"]}}],"collection":[{"href":"https:\/\/mexpo.eu\/fr\/wp-json\/wp\/v2\/product"}],"about":[{"href":"https:\/\/mexpo.eu\/fr\/wp-json\/wp\/v2\/types\/product"}],"wp:featuredmedia":[{"embeddable":true,"href":"https:\/\/mexpo.eu\/fr\/wp-json\/wp\/v2\/media\/66250"}],"wp:attachment":[{"href":"https:\/\/mexpo.eu\/fr\/wp-json\/wp\/v2\/media?parent=66346"}],"wp:term":[{"taxonomy":"product_brand","embeddable":true,"href":"https:\/\/mexpo.eu\/fr\/wp-json\/wp\/v2\/product_brand?post=66346"},{"taxonomy":"product_cat","embeddable":true,"href":"https:\/\/mexpo.eu\/fr\/wp-json\/wp\/v2\/product_cat?post=66346"},{"taxonomy":"product_tag","embeddable":true,"href":"https:\/\/mexpo.eu\/fr\/wp-json\/wp\/v2\/product_tag?post=66346"}],"curies":[{"name":"wp","href":"https:\/\/api.w.org\/{rel}","templated":true}]}}