{"id":66168,"date":"2025-08-05T08:50:26","date_gmt":"2025-08-05T08:50:26","guid":{"rendered":"https:\/\/mexpo.eu\/produkt\/laniere-fit-100-pieces\/"},"modified":"2025-10-29T09:41:59","modified_gmt":"2025-10-29T08:41:59","slug":"laniere-fit-100-pieces","status":"publish","type":"product","link":"https:\/\/mexpo.eu\/fr\/produkt\/laniere-fit-100-pieces\/","title":{"rendered":"Lani\u00e8res FIT, 100 unit\u00e9s de rechange (sans attaches ZK)"},"content":{"rendered":"<p><b>Lani\u00e8re blanche l\u00e9g\u00e8re et discr\u00e8te de 80 cm.<\/b>\u00a0Fabriqu\u00e9e en cordon cir\u00e9, elle est con\u00e7ue pour \u00eatre utilis\u00e9e avec l\u2019attache ZK. Id\u00e9ale pour les appareils l\u00e9gers, comme les r\u00e9cepteurs Okayo EarME ou Okayo EarME FIT.\u00a0<b>Attention : Cette lani\u00e8re de rechange n\u2019inclut pas les attaches ZK.<\/b><\/p>\n","protected":false},"excerpt":{"rendered":"<p>Kit de lani\u00e8res l\u00e9g\u00e8res et subtiles pour r\u00e9cepteurs Okayo EarME. \u00c0 utiliser avec l\u2019attache ZK.<\/p>\n","protected":false},"featured_media":66162,"template":"","meta":{"_acf_changed":false},"product_brand":[],"product_cat":[5185],"product_tag":[],"class_list":{"0":"post-66168","1":"product","2":"type-product","3":"status-publish","4":"has-post-thumbnail","6":"product_cat-hygiene-fr","8":"first","9":"instock","10":"taxable","11":"shipping-taxable","12":"purchasable","13":"product-type-simple"},"acf":[],"_links":{"self":[{"href":"https:\/\/mexpo.eu\/fr\/wp-json\/wp\/v2\/product\/66168","targetHints":{"allow":["GET"]}}],"collection":[{"href":"https:\/\/mexpo.eu\/fr\/wp-json\/wp\/v2\/product"}],"about":[{"href":"https:\/\/mexpo.eu\/fr\/wp-json\/wp\/v2\/types\/product"}],"wp:featuredmedia":[{"embeddable":true,"href":"https:\/\/mexpo.eu\/fr\/wp-json\/wp\/v2\/media\/66162"}],"wp:attachment":[{"href":"https:\/\/mexpo.eu\/fr\/wp-json\/wp\/v2\/media?parent=66168"}],"wp:term":[{"taxonomy":"product_brand","embeddable":true,"href":"https:\/\/mexpo.eu\/fr\/wp-json\/wp\/v2\/product_brand?post=66168"},{"taxonomy":"product_cat","embeddable":true,"href":"https:\/\/mexpo.eu\/fr\/wp-json\/wp\/v2\/product_cat?post=66168"},{"taxonomy":"product_tag","embeddable":true,"href":"https:\/\/mexpo.eu\/fr\/wp-json\/wp\/v2\/product_tag?post=66168"}],"curies":[{"name":"wp","href":"https:\/\/api.w.org\/{rel}","templated":true}]}}