{"id":65115,"date":"2025-04-09T13:30:38","date_gmt":"2025-04-09T13:30:38","guid":{"rendered":"https:\/\/mexpo.pl\/?post_type=product&#038;p=65115"},"modified":"2025-04-09T13:32:00","modified_gmt":"2025-04-09T13:32:00","slug":"systeme-de-visite-guidee-okayo-earme-fit-s-111","status":"publish","type":"product","link":"https:\/\/mexpo.eu\/fr\/produkt\/systeme-de-visite-guidee-okayo-earme-fit-s-111\/","title":{"rendered":"Syst\u00e8me de visite guid\u00e9e \u2013 Okayo EarME FIT | S (11+1)"},"content":{"rendered":"<p><strong>Contenu du set:<\/strong><br \/>\n\u2013 11 r\u00e9cepteurs Okayo EarME FIT<br \/>\n\u2013 1 \u00e9metteur Okayo EarME FIT<br \/>\n\u2013 1 chargeur C111<br \/>\n\u2013 1 microphone HEM-100A<\/p>\n<p data-sourcepos=\"7:1-7:253\"><strong>Le Syst\u00e8me Okayo EarME FIT, combin\u00e9 \u00e0 l\u2019\u00e9metteur audio guide Okayo EarME Player, repr\u00e9sente des solutions de pointe pour les guides touristiques et les groupes de touristes, offrant une qualit\u00e9 sonore sup\u00e9rieure et un confort d\u2019utilisation exceptionnel.<\/strong><\/p>\n<p data-sourcepos=\"9:1-9:560\">L\u2019Okayo EarME FIT est un syst\u00e8me de guide touristique qui \u00e9limine efficacement les probl\u00e8mes de distance et de communication entre les guides et les touristes. Le r\u00e9cepteur oreillette est l\u00e9ger, compact et ergonomique, con\u00e7u pour un confort tout au long de la journ\u00e9e. Il est dot\u00e9 d\u2019un crochet d\u2019oreille en caoutchouc interchangeable pour l\u2019oreille droite ou gauche, \u00e9liminant les c\u00e2bles d\u2019\u00e9couteurs emm\u00eal\u00e9s et les co\u00fbts de remplacement. Le syst\u00e8me int\u00e8gre une technologie de r\u00e9duction du bruit, garantissant un son clair m\u00eame dans les environnements bruyants.<\/p>\n<p data-sourcepos=\"11:1-11:127\"><strong>Les r\u00e9cepteurs et les \u00e9metteurs sont r\u00e9trocompatibles et compatibles crois\u00e9s avec la version pr\u00e9c\u00e9dente du syst\u00e8me Okayo EarME.<\/strong><\/p>\n<p data-sourcepos=\"13:1-13:54\"><strong>Caract\u00e9ristiques principales de l\u2019Okayo EarME FIT:<\/strong><\/p>\n<ul data-sourcepos=\"15:1-26:0\">\n<li data-sourcepos=\"15:1-15:112\">\u00c9metteur Okayo EarME Player avec fonctionnalit\u00e9 de guide audio pour la lecture de contenu audio pr\u00e9enregistr\u00e9.<\/li>\n<li data-sourcepos=\"16:1-16:95\">Conception l\u00e9g\u00e8re (le r\u00e9cepteur ne p\u00e8se que 24 g) pour un confort tout au long de la journ\u00e9e.<\/li>\n<li data-sourcepos=\"17:1-17:69\">Crochets d\u2019oreille ergonomiques pour les oreilles gauche et droite.<\/li>\n<li data-sourcepos=\"18:1-18:36\">Conception d\u2019\u00e9couteurs sans c\u00e2ble.<\/li>\n<li data-sourcepos=\"19:1-19:36\">Technologie de r\u00e9duction du bruit.<\/li>\n<li data-sourcepos=\"20:1-20:38\">Charge rapide en seulement 2 heures.<\/li>\n<li data-sourcepos=\"21:1-21:52\">Autonomie de batterie prolong\u00e9e jusqu\u2019\u00e0 18 heures.<\/li>\n<li data-sourcepos=\"22:1-22:31\">Fonction d\u2019arr\u00eat automatique.<\/li>\n<li data-sourcepos=\"23:1-23:25\">Arr\u00eat de groupe facile.<\/li>\n<li data-sourcepos=\"24:1-24:54\">V\u00e9rification de l\u2019\u00e9tat de la batterie apr\u00e8s l\u2019arr\u00eat.<\/li>\n<li data-sourcepos=\"25:1-26:0\">Compatibilit\u00e9 avec la version pr\u00e9c\u00e9dente du syst\u00e8me Okayo EarME.<\/li>\n<\/ul>\n","protected":false},"excerpt":{"rendered":"<p>Okayo EarME FIT S est un ensemble complet pr\u00eat \u00e0 l&#8217;emploi qui comprend un \u00e9metteur avec un microphone contour d&#8217;oreille, 11 r\u00e9cepteurs et un chargeur.<br \/>\nL\u2019Okayo EarME FIT est une version am\u00e9lior\u00e9e du syst\u00e8me Okayo EarME, caract\u00e9ris\u00e9e par une port\u00e9e de transmission accrue et une qualit\u00e9 sonore am\u00e9lior\u00e9e. La nouveaut\u00e9 est l\u2019\u00e9metteur suppl\u00e9mentaire Okayo EarME Player avec fonction de guide audio, permettant l\u2019enregistrement et la lecture de contenu audio, de musique et d\u2019autres sons. Le r\u00e9cepteur se pr\u00e9sente sous la forme d\u2019une oreillette sans fil avec des crochets d\u2019oreille ergonomiques. Le syst\u00e8me \u00e9limine le besoin de c\u00e2bles. L\u2019Okayo EarME FIT est r\u00e9trocompatible et compatible crois\u00e9 avec le syst\u00e8me Okayo EarME.<\/p>\n","protected":false},"featured_media":65097,"template":"","meta":{"_acf_changed":false},"product_brand":[],"product_cat":[5175],"product_tag":[],"class_list":{"0":"post-65115","1":"product","2":"type-product","3":"status-publish","4":"has-post-thumbnail","6":"product_cat-sets-tour-guide","8":"first","9":"instock","10":"taxable","11":"shipping-taxable","12":"purchasable","13":"product-type-simple"},"acf":[],"_links":{"self":[{"href":"https:\/\/mexpo.eu\/fr\/wp-json\/wp\/v2\/product\/65115","targetHints":{"allow":["GET"]}}],"collection":[{"href":"https:\/\/mexpo.eu\/fr\/wp-json\/wp\/v2\/product"}],"about":[{"href":"https:\/\/mexpo.eu\/fr\/wp-json\/wp\/v2\/types\/product"}],"wp:featuredmedia":[{"embeddable":true,"href":"https:\/\/mexpo.eu\/fr\/wp-json\/wp\/v2\/media\/65097"}],"wp:attachment":[{"href":"https:\/\/mexpo.eu\/fr\/wp-json\/wp\/v2\/media?parent=65115"}],"wp:term":[{"taxonomy":"product_brand","embeddable":true,"href":"https:\/\/mexpo.eu\/fr\/wp-json\/wp\/v2\/product_brand?post=65115"},{"taxonomy":"product_cat","embeddable":true,"href":"https:\/\/mexpo.eu\/fr\/wp-json\/wp\/v2\/product_cat?post=65115"},{"taxonomy":"product_tag","embeddable":true,"href":"https:\/\/mexpo.eu\/fr\/wp-json\/wp\/v2\/product_tag?post=65115"}],"curies":[{"name":"wp","href":"https:\/\/api.w.org\/{rel}","templated":true}]}}