{"id":64970,"date":"2025-04-07T07:26:45","date_gmt":"2025-04-07T07:26:45","guid":{"rendered":"https:\/\/mexpo.pl\/?post_type=product&#038;p=64970"},"modified":"2025-04-07T08:16:08","modified_gmt":"2025-04-07T08:16:08","slug":"mguide-aqua-poste-radio-emetteur-pour-entraineur-et-2-x-recepteur-pour-etudiants-pour-les-sports-nautiques","status":"publish","type":"product","link":"https:\/\/mexpo.eu\/fr\/produkt\/mguide-aqua-poste-radio-emetteur-pour-entraineur-et-2-x-recepteur-pour-etudiants-pour-les-sports-nautiques\/","title":{"rendered":"mGuide AQUA \u2013 poste radio \u2013 \u00e9metteur pour entra\u00eeneur et 2 x r\u00e9cepteur pour \u00e9tudiants pour les sports nautiques"},"content":{"rendered":"<p>L&#8217;\u00e9metteur mGuide AQUA T est utilis\u00e9 pour communiquer avec un ou plusieurs r\u00e9cepteurs mGuide AQUA R (disponibles s\u00e9par\u00e9ment ou dans un ensemble de 1 + 1, 1 + 2).<\/p>\n<p>Le syst\u00e8me mGuide AQUA dispose de 9 canaux, ce qui signifie que jusqu&#8217;\u00e0 9 entra\u00eeneurs peuvent donner des instructions simultan\u00e9ment dans une piscine ou qu&#8217;un entra\u00eeneur peut donner \u00e0 tour de r\u00f4le des instructions \u00e0 9 sportifs sur des canaux s\u00e9par\u00e9s. Alternativement, l&#8217;instructeur peut guider l&#8217;ensemble du groupe sur un seul canal. L&#8217;\u00e9metteur et le r\u00e9cepteur sont tous deux \u00e9tanches et donc parfaits pour soutenir l&#8217;entra\u00eenement de tous les sports aquatiques tels que la natation, la natation artistique, la planche \u00e0 voile, le kite surf, l&#8217;aqua fitness et l&#8217;aquagym.<\/p>\n<p>Le fonctionnement de l&#8217;\u00e9metteur est tr\u00e8s simple: pour l&#8217;allumer et l&#8217;\u00e9teindre, il faut appuyer et maintenir enfonc\u00e9 un moment le bouton d&#8217;alimentation (au milieu). Nous changerons le canal avec les boutons CH + et CH-CH, et nous modifions le volume (sensibilit\u00e9 au microphone) avec le bouton &#8211; \u00e0 gauche et \u00e0 droite \u00e0 partir du bouton d&#8217;alimentation.<\/p>\n<p>L&#8217;\u00e9metteur est livr\u00e9 avec un micro cravate (en option, l&#8217;\u00e9metteur lui-m\u00eame poss\u00e8de \u00e9galement un microphone int\u00e9gr\u00e9), 2 antennes (1 de rechange), un c\u00e2ble de charge blanc et une prise USB (temps de charge est d&#8217;environ 6 h, dur\u00e9e de fonctionnement de 10 h), un porte-mains et un capuchon pour \u00e9metteur avec clip ceinture.<\/p>\n<p>Le r\u00e9cepteur mGuide AQUA se pr\u00e9sente sous la forme d&#8217;un \u00e9couteur de sport confortable et tr\u00e8s l\u00e9ger (39 grammes). En raison de son utilisation pr\u00e9vue dans l&#8217;eau, il est totalement \u00e9tanche. Le r\u00e9cepteur AQUA utilise l&#8217;induction osseuse, gr\u00e2ce \u00e0 laquelle nous entendons les sons transmis, malgr\u00e9 le fait que les pointes des \u00e9couteurs ne sont pas dans les oreilles mais \u00e0 l&#8217;ext\u00e9rieur (au point de contact du pavillon de l&#8217;oreille avec la t\u00eate). Il s&#8217;agit d&#8217;une m\u00e9thode de transmission du son totalement s\u00fbre, qui permet d&#8217;entendre, par exemple, les commentaires d&#8217;un instructeur tout en recevant des sons ambiants. De plus, peu importe que le r\u00e9cepteur soit au-dessus ou au-dessous de l&#8217;eau, la transmission est toujours parfaite.<\/p>\n<p>Le r\u00e9cepteur mGuide AQUA n&#8217;a que 3 boutons &#8211; +, POWER et son fonctionnement est tr\u00e8s simple. Pour allumer ou \u00e9teindre le r\u00e9cepteur, il faut maintenir le bouton central appuy\u00e9 longtemps. Le changement de canal se fait en appuyant bri\u00e8vement sur le bouton + ou &#8211; et le changement est confirm\u00e9 par un message automatique en anglais.<\/p>\n<p>mGuide AQUA dispose de 9 canaux. Pour que la r\u00e9ception soit possible, le canal du r\u00e9cepteur doit \u00eatre le m\u00eame que celui de l&#8217;\u00e9metteur. Le volume est modifi\u00e9 en maintenant enfonc\u00e9 le bouton + ou &#8211; pendant un moment. Pour charger le r\u00e9cepteur, utilisez le c\u00e2ble et la prise fournis. La dur\u00e9e de fonctionnement avec une batterie compl\u00e8tement charg\u00e9e est de min. 4 heures._x000D_<\/p>\n<p>La distance maximale entre l&#8217;\u00e9metteur et le r\u00e9cepteur est d&#8217;environ 100-120 m en ligne de mire. Cela signifie que le mGuide AQUA convient m\u00eame aux plus grandes piscines et pour apprendre les bases de la planche \u00e0 voile ou du kitesurf.<\/p>\n","protected":false},"excerpt":{"rendered":"<p>mGuide AQUA est un ensemble compos\u00e9 d&#8217;un \u00e9metteur pour pour l&#8217;instructeur\/coach et de 2 casques &#8211; r\u00e9cepteurs pour \u00e9l\u00e8ves ou comp\u00e9titeurs. L&#8217;ensemble peut \u00eatre compl\u00e9t\u00e9 par des r\u00e9cepteurs suppl\u00e9mentaires.<\/p>\n<p>mGuide AQUA est un set radio pour l&#8217;entra\u00eenement \u00e0 la natation pour instructeurs, entra\u00eeneurs, comp\u00e9titeurs ou \u00e9l\u00e8ves. Il est parfait pour l&#8217;entra\u00eenement des amateurs de sports nautiques tels que la natation, la planche \u00e0 voile, le kitesurf ou la natation SUP. Gr\u00e2ce \u00e0 l&#8217;AQUA, l&#8217;entra\u00eenement sera plus efficace et plus facile, non seulement dans les \u00e9coles de natation ou pour les enfants, mais aussi pour les triathl\u00e8tes et les athl\u00e8tes aquatiques professionnels. L&#8217;\u00e9quipement est totalement \u00e9tanche.<\/p>\n<p><img loading=\"lazy\" decoding=\"async\" class=\"alignnone wp-image-35102 size-full\" src=\"https:\/\/mguide.eu\/wp-content\/uploads\/2023\/04\/promocjafr.jpg\" alt=\"\" width=\"624\" height=\"118\" \/><\/p>\n","protected":false},"featured_media":64975,"template":"","meta":{"_acf_changed":false},"product_brand":[],"product_cat":[5432],"product_tag":[],"class_list":{"0":"post-64970","1":"product","2":"type-product","3":"status-publish","4":"has-post-thumbnail","6":"product_cat-interphones-pour-sports-nautiques","8":"first","9":"instock","10":"sale","11":"taxable","12":"shipping-taxable","13":"purchasable","14":"product-type-simple"},"acf":[],"_links":{"self":[{"href":"https:\/\/mexpo.eu\/fr\/wp-json\/wp\/v2\/product\/64970","targetHints":{"allow":["GET"]}}],"collection":[{"href":"https:\/\/mexpo.eu\/fr\/wp-json\/wp\/v2\/product"}],"about":[{"href":"https:\/\/mexpo.eu\/fr\/wp-json\/wp\/v2\/types\/product"}],"wp:featuredmedia":[{"embeddable":true,"href":"https:\/\/mexpo.eu\/fr\/wp-json\/wp\/v2\/media\/64975"}],"wp:attachment":[{"href":"https:\/\/mexpo.eu\/fr\/wp-json\/wp\/v2\/media?parent=64970"}],"wp:term":[{"taxonomy":"product_brand","embeddable":true,"href":"https:\/\/mexpo.eu\/fr\/wp-json\/wp\/v2\/product_brand?post=64970"},{"taxonomy":"product_cat","embeddable":true,"href":"https:\/\/mexpo.eu\/fr\/wp-json\/wp\/v2\/product_cat?post=64970"},{"taxonomy":"product_tag","embeddable":true,"href":"https:\/\/mexpo.eu\/fr\/wp-json\/wp\/v2\/product_tag?post=64970"}],"curies":[{"name":"wp","href":"https:\/\/api.w.org\/{rel}","templated":true}]}}