{"id":64841,"date":"2025-04-04T08:26:55","date_gmt":"2025-04-04T08:26:55","guid":{"rendered":"https:\/\/mexpo.pl\/?post_type=product&#038;p=64841"},"modified":"2025-04-04T08:28:55","modified_gmt":"2025-04-04T08:28:55","slug":"oreillette-em-212pu","status":"publish","type":"product","link":"https:\/\/mexpo.eu\/fr\/produkt\/oreillette-em-212pu\/","title":{"rendered":"Oreillette EM-212PU"},"content":{"rendered":"<p>L\u00e9ger et extr\u00eamement confortable, le casque st\u00e9r\u00e9o supra-auriculaire Okayo EM-212PU a \u00e9t\u00e9 con\u00e7u pour r\u00e9pondre aux besoins des touristes et des guides. Avec un poids de seulement 62,5 g et une conception ergonomique dot\u00e9e d&#8217;un double arceau r\u00e9glable et d&#8217;oreillettes souples, il assure un confort m\u00eame pendant de longues heures d&#8217;utilisation. Le connecteur standard de 3,5 mm garantit une compatibilit\u00e9 parfaite avec les syst\u00e8mes de guidage touristique, ainsi qu&#8217;avec les smartphones et autres appareils audio. Le c\u00e2ble de 110 cm de long offre une libert\u00e9 de mouvement, \u00e9liminant ainsi tout risque d&#8217;enchev\u00eatrement d\u00e9sagr\u00e9able. C&#8217;est la solution id\u00e9ale pour les guides touristiques, les mus\u00e9es et les organisateurs de conf\u00e9rences qui appr\u00e9cient l&#8217;alliance de la l\u00e9g\u00e8ret\u00e9 et du confort.<\/p>\n","protected":false},"excerpt":{"rendered":"<p>Casque st\u00e9r\u00e9o supra-auriculaire Okayo EM-212PU ultra-l\u00e9ger et confortable avec oreillettes en similicuir.<\/p>\n","protected":false},"featured_media":64867,"template":"","meta":{"_acf_changed":false},"product_brand":[],"product_cat":[5183,5184],"product_tag":[],"class_list":{"0":"post-64841","1":"product","2":"type-product","3":"status-publish","4":"has-post-thumbnail","6":"product_cat-ecouteurs","7":"product_cat-ecouteurs-reutilisables","9":"first","10":"instock","11":"taxable","12":"shipping-taxable","13":"purchasable","14":"product-type-simple"},"acf":[],"_links":{"self":[{"href":"https:\/\/mexpo.eu\/fr\/wp-json\/wp\/v2\/product\/64841","targetHints":{"allow":["GET"]}}],"collection":[{"href":"https:\/\/mexpo.eu\/fr\/wp-json\/wp\/v2\/product"}],"about":[{"href":"https:\/\/mexpo.eu\/fr\/wp-json\/wp\/v2\/types\/product"}],"wp:featuredmedia":[{"embeddable":true,"href":"https:\/\/mexpo.eu\/fr\/wp-json\/wp\/v2\/media\/64867"}],"wp:attachment":[{"href":"https:\/\/mexpo.eu\/fr\/wp-json\/wp\/v2\/media?parent=64841"}],"wp:term":[{"taxonomy":"product_brand","embeddable":true,"href":"https:\/\/mexpo.eu\/fr\/wp-json\/wp\/v2\/product_brand?post=64841"},{"taxonomy":"product_cat","embeddable":true,"href":"https:\/\/mexpo.eu\/fr\/wp-json\/wp\/v2\/product_cat?post=64841"},{"taxonomy":"product_tag","embeddable":true,"href":"https:\/\/mexpo.eu\/fr\/wp-json\/wp\/v2\/product_tag?post=64841"}],"curies":[{"name":"wp","href":"https:\/\/api.w.org\/{rel}","templated":true}]}}