{"id":64734,"date":"2025-04-01T10:42:20","date_gmt":"2025-04-01T10:42:20","guid":{"rendered":"https:\/\/mexpo.pl\/produkt\/alimentation-zs1-pour-le-chargeur\/"},"modified":"2025-04-04T08:49:05","modified_gmt":"2025-04-04T08:49:05","slug":"alimentation-zs1-pour-le-chargeur","status":"publish","type":"product","link":"https:\/\/mexpo.eu\/fr\/produkt\/alimentation-zs1-pour-le-chargeur\/","title":{"rendered":"Alimentation ZS1 pour le chargeur"},"content":{"rendered":"<p>Alimentation ZS1 avec c\u00e2ble adapt\u00e9e aux mod\u00e8les de chargeurs suivants :<\/p>\n<ul>\n<li>HDC-300,<\/li>\n<li>HDC-324,<\/li>\n<li>WaveTalk C12\/C24,<\/li>\n<li>CHG-25,<\/li>\n<li>EZTour C24,<\/li>\n<li>CHG-24.<\/li>\n<\/ul>\n","protected":false},"excerpt":{"rendered":"<p>Alimentation avec c\u00e2ble pour chargeurs : HDC-300, HDC-324, WaveTalk C12\/C24, CHG-25, EZTour C24, CHG-24.<\/p>\n","protected":false},"featured_media":64717,"template":"","meta":{"_acf_changed":false},"product_brand":[],"product_cat":[5177],"product_tag":[],"class_list":{"0":"post-64734","1":"product","2":"type-product","3":"status-publish","4":"has-post-thumbnail","6":"product_cat-chargeurs","8":"first","9":"instock","10":"taxable","11":"shipping-taxable","12":"purchasable","13":"product-type-simple"},"acf":[],"_links":{"self":[{"href":"https:\/\/mexpo.eu\/fr\/wp-json\/wp\/v2\/product\/64734","targetHints":{"allow":["GET"]}}],"collection":[{"href":"https:\/\/mexpo.eu\/fr\/wp-json\/wp\/v2\/product"}],"about":[{"href":"https:\/\/mexpo.eu\/fr\/wp-json\/wp\/v2\/types\/product"}],"wp:featuredmedia":[{"embeddable":true,"href":"https:\/\/mexpo.eu\/fr\/wp-json\/wp\/v2\/media\/64717"}],"wp:attachment":[{"href":"https:\/\/mexpo.eu\/fr\/wp-json\/wp\/v2\/media?parent=64734"}],"wp:term":[{"taxonomy":"product_brand","embeddable":true,"href":"https:\/\/mexpo.eu\/fr\/wp-json\/wp\/v2\/product_brand?post=64734"},{"taxonomy":"product_cat","embeddable":true,"href":"https:\/\/mexpo.eu\/fr\/wp-json\/wp\/v2\/product_cat?post=64734"},{"taxonomy":"product_tag","embeddable":true,"href":"https:\/\/mexpo.eu\/fr\/wp-json\/wp\/v2\/product_tag?post=64734"}],"curies":[{"name":"wp","href":"https:\/\/api.w.org\/{rel}","templated":true}]}}