{"id":64640,"date":"2025-03-27T08:03:46","date_gmt":"2025-03-27T08:03:46","guid":{"rendered":"https:\/\/mexpo.pl\/produkt\/64640\/"},"modified":"2025-03-27T08:07:15","modified_gmt":"2025-03-27T08:07:15","slug":"64640","status":"publish","type":"product","link":"https:\/\/mexpo.eu\/fr\/produkt\/64640\/","title":{"rendered":"Bandouli\u00e8re AP-2"},"content":{"rendered":"<p>Une housse d\u2019\u00e9paule fonctionnelle et confortable d\u00e9di\u00e9e aux appareils Okayo C200 et Okayo WT-350D, offrant une protection contre la salet\u00e9 et l\u2019humidit\u00e9. Fabriqu\u00e9 dans un mat\u00e9riau r\u00e9sistant, \u00e9quip\u00e9 d\u2019une sangle \u00e9lastique qui s\u2019adapte \u00e0 l\u2019\u00e9paule, assurant un confort de port m\u00eame pendant une longue p\u00e9riode. La fen\u00eatre transparente vous permet de visualiser facilement l\u2019\u00e9cran sans avoir \u00e0 retirer l\u2019appareil du bo\u00eetier.<\/p>\n","protected":false},"excerpt":{"rendered":"<p>\u00c9tui bandouli\u00e8re noir avec sangle \u00e9lastique d\u00e9di\u00e9 aux appareils Okayo C200 et Okayo WT-350D. Prot\u00e8ge l\u2019appareil de l\u2019humidit\u00e9 et de la poussi\u00e8re.<\/p>\n","protected":false},"featured_media":64629,"template":"","meta":{"_acf_changed":false},"product_brand":[],"product_cat":[5264,5946,5957],"product_tag":[],"class_list":{"0":"post-64640","1":"product","2":"type-product","3":"status-publish","4":"has-post-thumbnail","6":"product_cat-autres-accessoires","7":"product_cat-intercoms-pour-lequitation-fr","8":"product_cat-okayo-c200-fr","10":"first","11":"instock","12":"taxable","13":"shipping-taxable","14":"purchasable","15":"product-type-simple"},"acf":[],"_links":{"self":[{"href":"https:\/\/mexpo.eu\/fr\/wp-json\/wp\/v2\/product\/64640","targetHints":{"allow":["GET"]}}],"collection":[{"href":"https:\/\/mexpo.eu\/fr\/wp-json\/wp\/v2\/product"}],"about":[{"href":"https:\/\/mexpo.eu\/fr\/wp-json\/wp\/v2\/types\/product"}],"wp:featuredmedia":[{"embeddable":true,"href":"https:\/\/mexpo.eu\/fr\/wp-json\/wp\/v2\/media\/64629"}],"wp:attachment":[{"href":"https:\/\/mexpo.eu\/fr\/wp-json\/wp\/v2\/media?parent=64640"}],"wp:term":[{"taxonomy":"product_brand","embeddable":true,"href":"https:\/\/mexpo.eu\/fr\/wp-json\/wp\/v2\/product_brand?post=64640"},{"taxonomy":"product_cat","embeddable":true,"href":"https:\/\/mexpo.eu\/fr\/wp-json\/wp\/v2\/product_cat?post=64640"},{"taxonomy":"product_tag","embeddable":true,"href":"https:\/\/mexpo.eu\/fr\/wp-json\/wp\/v2\/product_tag?post=64640"}],"curies":[{"name":"wp","href":"https:\/\/api.w.org\/{rel}","templated":true}]}}