{"id":64385,"date":"2025-03-11T11:08:02","date_gmt":"2025-03-11T11:08:02","guid":{"rendered":"https:\/\/mexpo.pl\/?post_type=product&#038;p=64385"},"modified":"2025-03-12T07:45:33","modified_gmt":"2025-03-12T07:45:33","slug":"okayo-earme-fit","status":"publish","type":"product","link":"https:\/\/mexpo.eu\/fr\/produkt\/okayo-earme-fit\/","title":{"rendered":"Okayo EarME FIT"},"content":{"rendered":"<p><strong>Le Syst\u00e8me Okayo EarME FIT, combin\u00e9 \u00e0 l&#8217;\u00e9metteur audio guide Okayo EarME Player, repr\u00e9sente des solutions de pointe pour les guides touristiques et les groupes de touristes, offrant une qualit\u00e9 sonore sup\u00e9rieure et un confort d&#8217;utilisation exceptionnel.<\/strong><\/p>\n<p>L&#8217;Okayo EarME FIT est un syst\u00e8me de guide touristique qui \u00e9limine efficacement les probl\u00e8mes de distance et de communication entre les guides et les touristes. Le r\u00e9cepteur oreillette est l\u00e9ger, compact et ergonomique, con\u00e7u pour un confort tout au long de la journ\u00e9e. Il est dot\u00e9 d&#8217;un crochet d&#8217;oreille en caoutchouc interchangeable pour l&#8217;oreille droite ou gauche, \u00e9liminant les c\u00e2bles d&#8217;\u00e9couteurs emm\u00eal\u00e9s et les co\u00fbts de remplacement. Le syst\u00e8me int\u00e8gre une technologie de r\u00e9duction du bruit, garantissant un son clair m\u00eame dans les environnements bruyants.<\/p>\n<p><strong>Les r\u00e9cepteurs et les \u00e9metteurs sont r\u00e9trocompatibles et compatibles crois\u00e9s avec la version pr\u00e9c\u00e9dente du syst\u00e8me Okayo EarME.<\/strong><\/p>\n<p><strong>Caract\u00e9ristiques principales de l&#8217;Okayo EarME FIT:<\/strong><\/p>\n<ul>\n<li>\u00c9metteur Okayo EarME Player avec fonctionnalit\u00e9 de guide audio pour la lecture de contenu audio pr\u00e9enregistr\u00e9.<\/li>\n<li>Conception l\u00e9g\u00e8re (le r\u00e9cepteur ne p\u00e8se que 24 g) pour un confort tout au long de la journ\u00e9e.<\/li>\n<li>Crochets d&#8217;oreille ergonomiques pour les oreilles gauche et droite.<\/li>\n<li>Conception d&#8217;\u00e9couteurs sans c\u00e2ble.<\/li>\n<li>Technologie de r\u00e9duction du bruit.<\/li>\n<li>Charge rapide en seulement 2 heures.<\/li>\n<li>Autonomie de batterie prolong\u00e9e jusqu&#8217;\u00e0 18 heures.<\/li>\n<li>Fonction d&#8217;arr\u00eat automatique.<\/li>\n<li>Arr\u00eat de groupe facile.<\/li>\n<li>V\u00e9rification de l&#8217;\u00e9tat de la batterie apr\u00e8s l&#8217;arr\u00eat.<\/li>\n<li>Compatibilit\u00e9 avec la version pr\u00e9c\u00e9dente du syst\u00e8me Okayo EarME.<\/li>\n<\/ul>\n<p><strong>Note: Nous pouvons produire des enregistrements audio professionnels avec un d\u00e9lai d&#8217;ex\u00e9cution rapide et des prix comp\u00e9titifs. Il suffit de fournir votre script, et votre audio termin\u00e9 sera livr\u00e9 en quelques jours ! <\/strong><\/p>\n<p><strong>Chargeurs:<\/strong><\/p>\n<ul>\n<li>Okayo C111 \u2013 Chargeur \u00e0 insertion pour 11 r\u00e9cepteurs Okayo EarME FIT et 1 \u00e9metteur.<\/li>\n<li>Okayo C222 \u2013 Chargeur \u00e0 insertion pour 22 r\u00e9cepteurs Okayo EarME FIT et 2 \u00e9metteurs.<\/li>\n<li>Okayo CHG-111 \u2013 Sac de transport avec chargeur \u00e0 insertion pour 11 r\u00e9cepteurs Okayo EarME FIT et 1 \u00e9metteur.<\/li>\n<li>Okayo CHG-222 \u2013 Sac de transport avec chargeur \u00e0 insertion pour 22 r\u00e9cepteurs Okayo EarME FIT et 2 \u00e9metteurs.<\/li>\n<\/ul>\n","protected":false},"excerpt":{"rendered":"<p>L&#8217;Okayo EarME FIT est une version am\u00e9lior\u00e9e du syst\u00e8me Okayo EarME, caract\u00e9ris\u00e9e par une port\u00e9e de transmission accrue et une qualit\u00e9 sonore am\u00e9lior\u00e9e. La nouveaut\u00e9 est l&#8217;\u00e9metteur suppl\u00e9mentaire Okayo EarME Player avec fonction de guide audio, permettant l&#8217;enregistrement et la lecture de contenu audio, de musique et d&#8217;autres sons. Le r\u00e9cepteur se pr\u00e9sente sous la forme d&#8217;une oreillette sans fil avec des crochets d&#8217;oreille ergonomiques. Le syst\u00e8me \u00e9limine le besoin de c\u00e2bles. L&#8217;Okayo EarME FIT est r\u00e9trocompatible et compatible crois\u00e9 avec le syst\u00e8me Okayo EarME.<\/p>\n","protected":false},"featured_media":64317,"template":"","meta":{"_acf_changed":false},"product_brand":[],"product_cat":[5174,5979],"product_tag":[],"class_list":{"0":"post-64385","1":"product","2":"type-product","3":"status-publish","4":"has-post-thumbnail","6":"product_cat-modeles","7":"product_cat-systemes-tour-guide","9":"first","10":"instock","11":"taxable","12":"shipping-taxable","13":"product-type-grouped"},"acf":[],"_links":{"self":[{"href":"https:\/\/mexpo.eu\/fr\/wp-json\/wp\/v2\/product\/64385","targetHints":{"allow":["GET"]}}],"collection":[{"href":"https:\/\/mexpo.eu\/fr\/wp-json\/wp\/v2\/product"}],"about":[{"href":"https:\/\/mexpo.eu\/fr\/wp-json\/wp\/v2\/types\/product"}],"wp:featuredmedia":[{"embeddable":true,"href":"https:\/\/mexpo.eu\/fr\/wp-json\/wp\/v2\/media\/64317"}],"wp:attachment":[{"href":"https:\/\/mexpo.eu\/fr\/wp-json\/wp\/v2\/media?parent=64385"}],"wp:term":[{"taxonomy":"product_brand","embeddable":true,"href":"https:\/\/mexpo.eu\/fr\/wp-json\/wp\/v2\/product_brand?post=64385"},{"taxonomy":"product_cat","embeddable":true,"href":"https:\/\/mexpo.eu\/fr\/wp-json\/wp\/v2\/product_cat?post=64385"},{"taxonomy":"product_tag","embeddable":true,"href":"https:\/\/mexpo.eu\/fr\/wp-json\/wp\/v2\/product_tag?post=64385"}],"curies":[{"name":"wp","href":"https:\/\/api.w.org\/{rel}","templated":true}]}}