{"id":64363,"date":"2025-03-11T11:08:00","date_gmt":"2025-03-11T11:08:00","guid":{"rendered":"https:\/\/mexpo.pl\/?post_type=product&#038;p=64363"},"modified":"2025-03-11T12:13:55","modified_gmt":"2025-03-11T12:13:55","slug":"systeme-de-visite-guidee-emetteur-avec-fonction-audioguide-okayo-earme-player","status":"publish","type":"product","link":"https:\/\/mexpo.eu\/fr\/produkt\/systeme-de-visite-guidee-emetteur-avec-fonction-audioguide-okayo-earme-player\/","title":{"rendered":"Syst\u00e8me de visite guid\u00e9e &#8211; \u00c9metteur avec fonction audioguide Okayo EarME Player"},"content":{"rendered":"<p>Okayo EarME Player \u2013 l\u2019\u00e9metteur tant attendu avec une fonction de lecture de guide audio qui r\u00e9volutionne la fa\u00e7on dont les visites et les pr\u00e9sentations sont men\u00e9es. C&#8217;est une solution id\u00e9ale pour les guides et les pilotes qui souhaitent transmettre des informations de mani\u00e8re simple et efficace.<\/p>\n<ul>\n<li><strong>Lecture d\u2019enregistrements :<\/strong> Possibilit\u00e9 d\u2019enregistrer et de lire des guides audio, de la musique ou d\u2019autres enregistrements. Enregistrez simplement des informations r\u00e9p\u00e9titives et diffusez-les au groupe au moment opportun, par exemple pendant un trajet en bus.<\/li>\n<li><strong>Utilisation intuitive :<\/strong> Utilisation extr\u00eamement simple et intuitive, qui facilite le travail du guide.<\/li>\n<li><strong>Enregistrements professionnels :<\/strong> Possibilit\u00e9 de r\u00e9aliser des enregistrements professionnels avec notre aide, avec une mise en \u0153uvre express et des co\u00fbts imbattables. Envoyez-nous simplement votre script d\u2019enregistrement et votre diffusion termin\u00e9e vous sera renvoy\u00e9e sous quelques jours.<\/li>\n<li><strong>Polyvalence :<\/strong> Possibilit\u00e9 de pr\u00e9parer des enregistrements de voyages sp\u00e9cifiques \u2013 lieux, monuments, faits int\u00e9ressants \u2013 et de les diffuser aux touristes lors de leurs d\u00e9placements et visites touristiques.<\/li>\n<li><strong>Compatibilit\u00e9 :<\/strong> les r\u00e9cepteurs et les \u00e9metteurs sont r\u00e9trocompatibles et compatibles avec l&#8217;Okayo EarME. Ni l&#8217;Okayo EarME ni le syst\u00e8me Okayo EarME FIT ne n\u00e9cessitent de casque.<\/li>\n<\/ul>\n<p><strong>Uniquement maintenant lors de l&#8217;achat d&#8217;un ensemble contenant au minimum. 50 r\u00e9cepteurs Okayo EarME FIT et vous pouvez obtenir jusqu&#8217;\u00e0 60 minutes d&#8217;enregistrements gratuitement !<\/strong><\/p>\n","protected":false},"excerpt":{"rendered":"<p>\u00c9metteur avec fonction de guide audio pour le syst\u00e8me de guide touristique Okayo EarME FIT et Okayo EarME. Il combine la fonctionnalit\u00e9 d&#8217;un \u00e9metteur traditionnel avec la possibilit\u00e9 de t\u00e9l\u00e9charger du contenu audio.<\/p>\n","protected":false},"featured_media":64305,"template":"","meta":{"_acf_changed":false},"product_brand":[],"product_cat":[5186],"product_tag":[],"class_list":{"0":"post-64363","1":"product","2":"type-product","3":"status-publish","4":"has-post-thumbnail","6":"product_cat-emetteurs-et-recepteurs","8":"first","9":"instock","10":"taxable","11":"shipping-taxable","12":"purchasable","13":"product-type-simple"},"acf":[],"_links":{"self":[{"href":"https:\/\/mexpo.eu\/fr\/wp-json\/wp\/v2\/product\/64363","targetHints":{"allow":["GET"]}}],"collection":[{"href":"https:\/\/mexpo.eu\/fr\/wp-json\/wp\/v2\/product"}],"about":[{"href":"https:\/\/mexpo.eu\/fr\/wp-json\/wp\/v2\/types\/product"}],"wp:featuredmedia":[{"embeddable":true,"href":"https:\/\/mexpo.eu\/fr\/wp-json\/wp\/v2\/media\/64305"}],"wp:attachment":[{"href":"https:\/\/mexpo.eu\/fr\/wp-json\/wp\/v2\/media?parent=64363"}],"wp:term":[{"taxonomy":"product_brand","embeddable":true,"href":"https:\/\/mexpo.eu\/fr\/wp-json\/wp\/v2\/product_brand?post=64363"},{"taxonomy":"product_cat","embeddable":true,"href":"https:\/\/mexpo.eu\/fr\/wp-json\/wp\/v2\/product_cat?post=64363"},{"taxonomy":"product_tag","embeddable":true,"href":"https:\/\/mexpo.eu\/fr\/wp-json\/wp\/v2\/product_tag?post=64363"}],"curies":[{"name":"wp","href":"https:\/\/api.w.org\/{rel}","templated":true}]}}