{"id":63768,"date":"2025-02-17T13:38:49","date_gmt":"2025-02-17T13:38:49","guid":{"rendered":"https:\/\/mexpo.pl?post_type=product&#038;p=63768"},"modified":"2025-02-17T15:07:31","modified_gmt":"2025-02-17T15:07:31","slug":"sac-de-transport-tb-tk-12-avec-mousse","status":"publish","type":"product","link":"https:\/\/mexpo.eu\/fr\/produkt\/sac-de-transport-tb-tk-12-avec-mousse\/","title":{"rendered":"Sac de transport TB-TK-12 avec mousse"},"content":{"rendered":"<p>Sac de transport noir TB-TK-12 avec mousse, d\u00e9di\u00e9 \u00e0 Okayo WaveTalk (24 pcs.), Okayo EzTour (12 pcs.) et mGuide GST (12 pcs.). Equip\u00e9 d&#8217;une bandouli\u00e8re, ferm\u00e9e par une fermeture \u00e9clair. Il dispose d&#8217;une poche suppl\u00e9mentaire en filet \u00e0 l&#8217;int\u00e9rieur.<\/p>\n","protected":false},"excerpt":{"rendered":"<p>Sac TB-TK-12 avec mousse pour Okayo WaveTalk (24), Okayo EZtour (12) et mGuide GST (12).<\/p>\n","protected":false},"featured_media":51829,"template":"","meta":{"_acf_changed":false},"product_brand":[],"product_cat":[5406,5946,5957,5178],"product_tag":[],"class_list":{"0":"post-63768","1":"product","2":"type-product","3":"status-publish","4":"has-post-thumbnail","6":"product_cat-accessoires-pour-systemes-dinterphone","7":"product_cat-intercoms-pour-lequitation-fr","8":"product_cat-okayo-c200-fr","9":"product_cat-sacoches-et-valises-de-transport","11":"first","12":"instock","13":"taxable","14":"shipping-taxable","15":"purchasable","16":"product-type-simple"},"acf":[],"_links":{"self":[{"href":"https:\/\/mexpo.eu\/fr\/wp-json\/wp\/v2\/product\/63768","targetHints":{"allow":["GET"]}}],"collection":[{"href":"https:\/\/mexpo.eu\/fr\/wp-json\/wp\/v2\/product"}],"about":[{"href":"https:\/\/mexpo.eu\/fr\/wp-json\/wp\/v2\/types\/product"}],"wp:featuredmedia":[{"embeddable":true,"href":"https:\/\/mexpo.eu\/fr\/wp-json\/wp\/v2\/media\/51829"}],"wp:attachment":[{"href":"https:\/\/mexpo.eu\/fr\/wp-json\/wp\/v2\/media?parent=63768"}],"wp:term":[{"taxonomy":"product_brand","embeddable":true,"href":"https:\/\/mexpo.eu\/fr\/wp-json\/wp\/v2\/product_brand?post=63768"},{"taxonomy":"product_cat","embeddable":true,"href":"https:\/\/mexpo.eu\/fr\/wp-json\/wp\/v2\/product_cat?post=63768"},{"taxonomy":"product_tag","embeddable":true,"href":"https:\/\/mexpo.eu\/fr\/wp-json\/wp\/v2\/product_tag?post=63768"}],"curies":[{"name":"wp","href":"https:\/\/api.w.org\/{rel}","templated":true}]}}