{"id":63743,"date":"2025-02-17T13:38:28","date_gmt":"2025-02-17T13:38:28","guid":{"rendered":"https:\/\/mexpo.pl?post_type=product&#038;p=63743"},"modified":"2025-02-17T15:07:15","modified_gmt":"2025-02-17T15:07:15","slug":"headset-jeu-micro-casque-hsm-31pu","status":"publish","type":"product","link":"https:\/\/mexpo.eu\/fr\/produkt\/headset-jeu-micro-casque-hsm-31pu\/","title":{"rendered":"Headset (jeu micro-casque) HSM-31PU"},"content":{"rendered":"<p>\u00c9couteurs avec fonction de r\u00e9duction du bruit ; port\u00e9s sur la t\u00eate, avec un seul \u00e9couteur. Le bras de microphone flexible permet d&#8217;ajuster et d&#8217;optimiser la position du microphone.<\/p>\n","protected":false},"excerpt":{"rendered":"<p>\u00c9couteurs avec fonction de r\u00e9duction du bruit ; port\u00e9s sur la t\u00eate, avec un seul \u00e9couteur. Le bras de microphone flexible permet d&#8217;ajuster et d&#8217;optimiser la position du microphone.<\/p>\n","protected":false},"featured_media":51761,"template":"","meta":{"_acf_changed":false},"product_brand":[],"product_cat":[5181,5179],"product_tag":[],"class_list":{"0":"post-63743","1":"product","2":"type-product","3":"status-publish","4":"has-post-thumbnail","6":"product_cat-headsets-systemes-dinterphone","7":"product_cat-headsets-systemes-tour-guide","9":"first","10":"instock","11":"taxable","12":"shipping-taxable","13":"purchasable","14":"product-type-simple"},"acf":[],"_links":{"self":[{"href":"https:\/\/mexpo.eu\/fr\/wp-json\/wp\/v2\/product\/63743","targetHints":{"allow":["GET"]}}],"collection":[{"href":"https:\/\/mexpo.eu\/fr\/wp-json\/wp\/v2\/product"}],"about":[{"href":"https:\/\/mexpo.eu\/fr\/wp-json\/wp\/v2\/types\/product"}],"wp:featuredmedia":[{"embeddable":true,"href":"https:\/\/mexpo.eu\/fr\/wp-json\/wp\/v2\/media\/51761"}],"wp:attachment":[{"href":"https:\/\/mexpo.eu\/fr\/wp-json\/wp\/v2\/media?parent=63743"}],"wp:term":[{"taxonomy":"product_brand","embeddable":true,"href":"https:\/\/mexpo.eu\/fr\/wp-json\/wp\/v2\/product_brand?post=63743"},{"taxonomy":"product_cat","embeddable":true,"href":"https:\/\/mexpo.eu\/fr\/wp-json\/wp\/v2\/product_cat?post=63743"},{"taxonomy":"product_tag","embeddable":true,"href":"https:\/\/mexpo.eu\/fr\/wp-json\/wp\/v2\/product_tag?post=63743"}],"curies":[{"name":"wp","href":"https:\/\/api.w.org\/{rel}","templated":true}]}}