{"id":63722,"date":"2025-02-17T13:38:07","date_gmt":"2025-02-17T13:38:07","guid":{"rendered":"https:\/\/mexpo.pl?post_type=product&#038;p=63722"},"modified":"2025-02-17T15:07:09","modified_gmt":"2025-02-17T15:07:09","slug":"headset-jeu-micro-casque-dt-802a","status":"publish","type":"product","link":"https:\/\/mexpo.eu\/fr\/produkt\/headset-jeu-micro-casque-dt-802a\/","title":{"rendered":"Headset (jeu micro-casque) DT-802A"},"content":{"rendered":"<p>Le headset con\u00e7u pour les utilisateurs du mod\u00e8le mGuide DLR-02 assurera une excellente r\u00e9ception aussi bien dans les r\u00e9cepteurs que dans les \u00e9metteurs. Il convient \u00e9galement aux \u00e9metteurs du mod\u00e8le DLR-01.<\/p>\n<p>L&#8217;\u00e9couteur s&#8217;adapte aussi bien \u00e0 l&#8217;oreille gauche qu&#8217;\u00e0 l&#8217;oreille droite. Le support flexible du microphone peut \u00eatre pli\u00e9e lorsqu&#8217;elle n&#8217;est pas utilis\u00e9e.<\/p>\n<p>Le headset est tr\u00e8s l\u00e9ger et confortable \u00e0 porter.<\/p>\n<p><strong>REMARQUE: le headset DT-802A fonctionne uniquement avec le mod\u00e8le mGuide DLR-02 (\u00e9metteurs et r\u00e9cepteurs) et les \u00e9metteurs DLR-01. Le mod\u00e8le DT-802A n&#8217;est pas compatible avec les mod\u00e8les Okayo.<\/strong><\/p>\n","protected":false},"excerpt":{"rendered":"<p>Headset pour les mod\u00e8les mGuide DLR, un \u00e9couteur intra-auriculaire l\u00e9ger et confortable avec un microphone sur un support flexible assurant une excellente qualit\u00e9 de transmission.<\/p>\n","protected":false},"featured_media":51755,"template":"","meta":{"_acf_changed":false},"product_brand":[],"product_cat":[5179,5181],"product_tag":[],"class_list":{"0":"post-63722","1":"product","2":"type-product","3":"status-publish","4":"has-post-thumbnail","6":"product_cat-headsets-systemes-tour-guide","7":"product_cat-headsets-systemes-dinterphone","9":"first","10":"instock","11":"taxable","12":"shipping-taxable","13":"purchasable","14":"product-type-simple"},"acf":[],"_links":{"self":[{"href":"https:\/\/mexpo.eu\/fr\/wp-json\/wp\/v2\/product\/63722","targetHints":{"allow":["GET"]}}],"collection":[{"href":"https:\/\/mexpo.eu\/fr\/wp-json\/wp\/v2\/product"}],"about":[{"href":"https:\/\/mexpo.eu\/fr\/wp-json\/wp\/v2\/types\/product"}],"wp:featuredmedia":[{"embeddable":true,"href":"https:\/\/mexpo.eu\/fr\/wp-json\/wp\/v2\/media\/51755"}],"wp:attachment":[{"href":"https:\/\/mexpo.eu\/fr\/wp-json\/wp\/v2\/media?parent=63722"}],"wp:term":[{"taxonomy":"product_brand","embeddable":true,"href":"https:\/\/mexpo.eu\/fr\/wp-json\/wp\/v2\/product_brand?post=63722"},{"taxonomy":"product_cat","embeddable":true,"href":"https:\/\/mexpo.eu\/fr\/wp-json\/wp\/v2\/product_cat?post=63722"},{"taxonomy":"product_tag","embeddable":true,"href":"https:\/\/mexpo.eu\/fr\/wp-json\/wp\/v2\/product_tag?post=63722"}],"curies":[{"name":"wp","href":"https:\/\/api.w.org\/{rel}","templated":true}]}}