{"id":63691,"date":"2025-02-17T13:37:47","date_gmt":"2025-02-17T13:37:47","guid":{"rendered":"https:\/\/mexpo.pl?post_type=product&#038;p=63691"},"modified":"2025-02-17T15:06:53","modified_gmt":"2025-02-17T15:06:53","slug":"systeme-de-visite-guidee-okayo-wt-350d-m-502hdc-324","status":"publish","type":"product","link":"https:\/\/mexpo.eu\/fr\/produkt\/systeme-de-visite-guidee-okayo-wt-350d-m-502hdc-324\/","title":{"rendered":"Syst\u00e8me de visite guid\u00e9e &#8211; Okayo WT-350D | M+ (50+2+HDC-324)"},"content":{"rendered":"<p><strong>Le kit comprend:<\/strong><\/p>\n<ul>\n<li>50 r\u00e9cepteurs Okayo WT-350D R City Jungle Edition<\/li>\n<li>2 \u00e9metteurs Okayo WT-350D T City Jungle Edition<\/li>\n<li>50 \u00e9couteurs s\u00e9rie de la s\u00e9rie SH*<\/li>\n<li>2 Headsets EMC-100<\/li>\n<li>50 clips pour le syst\u00e8me de tour de cou<\/li>\n<li>50 tours de cou hygi\u00e9niques (lani\u00e8res)<\/li>\n<li>2 sacs de transport TBX-2<\/li>\n<li>1 chargeur Okayo HDC-324<\/li>\n<li>52 batteries rechargeables de la ligne Everactive Silver Line<\/li>\n<\/ul>\n<p>* La s\u00e9lection d&#8217;un mod\u00e8le sp\u00e9cifique d\u00e9pend de la disponibilit\u00e9 des stocks.<\/p>\n<p><strong>R\u00e9cepteur Okayo WT-350D R City Jungle Edition<\/strong><\/p>\n<p>Le r\u00e9cepteur du syst\u00e8me num\u00e9rique Okayo WT-350D City Jungle Edition est un appareil de pointe qui fait passer l&#8217;exp\u00e9rience de la visite \u00e0 un niveau sup\u00e9rieur. L&#8217;appareil est \u00e9quip\u00e9 d&#8217;un bouton PTT (Push-To-Talk) qui permet aux participants de poser des questions \u00e0 un moment appropri\u00e9, indiqu\u00e9 par le guide. Gr\u00e2ce \u00e0 la fonction de changement de canal \u00e0 distance, le syst\u00e8me tourguide ne n\u00e9cessite pratiquement aucune maintenance, ce qui garantit des visites touristiques sans souci. De plus, l&#8217;innovante \u00ab\u00a0alarme de perte de port\u00e9e\u00a0\u00bb permet de s&#8217;assurer que chaque participant reste proche du groupe, garantissant ainsi une s\u00e9curit\u00e9 et un confort complets pendant la visite.<\/p>\n<p>Le r\u00e9cepteur de communication sans fil Okayo WT-350D City Jungle, de couleur jaune, se marie parfaitement avec l&#8217;\u00e9metteur vert sobre, tout en conf\u00e9rant au syst\u00e8me un style urbain.<\/p>\n<p>L&#8217;ensemble comprend 50 r\u00e9cepteurs mesurant 63 x 132 x 70 mm. Une unit\u00e9 p\u00e8se environ 65 g, batterie comprise.<\/p>\n<p><strong>\u00c9metteur Okayo WT-350D T City Jungle Edition<\/strong><\/p>\n<p>L&#8217;\u00e9metteur pour le syst\u00e8me tourguide Okayo WT-350D City Jungle Edition est la solution id\u00e9ale pour ceux qui appr\u00e9cient la technologie moderne et une excellente qualit\u00e9 sonore. L\u2019appareil se distingue par un \u00e9cran facile \u00e0 lire, des LED intuitives et un microphone int\u00e9gr\u00e9, garantissant confort et fiabilit\u00e9. Pour profiter pleinement de ses capacit\u00e9s et obtenir une qualit\u00e9 sonore optimale, nous recommandons de connecter un headset externe.<\/p>\n<p>L&#8217;\u00e9metteur Okayo WT-350D City Jungle Edition d&#8217;un vert \u00e9l\u00e9gant et discret, associ\u00e9 au r\u00e9cepteur jaune, cr\u00e9e un design unique inspir\u00e9 du style urbain, qui refl\u00e8te parfaitement son caract\u00e8re urbain.<\/p>\n<p>L&#8217;ensemble comprend 2 \u00e9metteurs mesurant 63 x 132 x 70 mm. Une unit\u00e9 p\u00e8se environ 65 g, batterie comprise.<\/p>\n<p><strong>\u00c9couteurs de la s\u00e9rie SH<\/strong><\/p>\n<p>Les \u00e9couteurs r\u00e9utilisables SH pour une oreille sont \u00e9quip\u00e9s d&#8217;un support d&#8217;oreille l\u00e9ger qui permet \u00e0 l&#8217;\u00e9couteur de s&#8217;adapter parfaitement \u00e0 l&#8217;oreille de l&#8217;utilisateur. La s\u00e9lection d&#8217;un mod\u00e8le sp\u00e9cifique d\u2019\u00e9couteur d\u00e9pend de la disponibilit\u00e9 des stocks.<\/p>\n<p><strong>Headset EMC-100<\/strong><\/p>\n<p>L&#8217;ensemble comprend deux headsets EMC-100 compos\u00e9s d&#8217;un microphone \u00e0 cravate avec une pince pour v\u00eatements et d&#8217;un \u00e9couteur intra-auriculaire avec un crochet en plastique. Il se caract\u00e9rise par sa taille et son poids r\u00e9duits, imperceptibles pour l&#8217;utilisateur. L&#8217;\u00e9couteur intra-auriculaire avec protection en caoutchouc rempla\u00e7able garantit une r\u00e9ception de transmission stable.<\/p>\n<p><strong>Tours de cou hygi\u00e9niques (lani\u00e8re + clip)<\/strong><\/p>\n<p>Le set M+ comprend 50 tours de cou hygi\u00e9niques avec clips. Le tour de cou hygi\u00e9nique se compose d&#8217;une lani\u00e8re en coton rempla\u00e7able et d&#8217;un clip d\u00e9tachable avec mousqueton. Le tour de cou peut \u00eatre facilement d\u00e9tach\u00e9e et remplac\u00e9e par une lani\u00e8re propre et inutilis\u00e9e. Ceci est particuli\u00e8rement important pour les touristes qui appr\u00e9cient l&#8217;hygi\u00e8ne et le confort lors de leur visite.<\/p>\n<p><strong>Sac de transport TBX-2<\/strong><\/p>\n<p>Le sac de transport TBX-2 a \u00e9t\u00e9 sp\u00e9cialement con\u00e7u pour les guides de ville et de mus\u00e9e. Le sac peut contenir l&#8217;ensemble du set M (50 r\u00e9cepteurs et 2 \u00e9metteurs).<\/p>\n<p>\u00c9quip\u00e9 d&#8217;une bandouli\u00e8re amovible et de bretelles r\u00e9tractables qui permettent de porter le sac comme un sac \u00e0 dos, il offre une totale libert\u00e9 d&#8217;utilisation. De plus, deux poign\u00e9es &#8211; une double horizontale et une verticale &#8211; assurent un transport confortable dans toutes les situations.<\/p>\n<p>Trois poches ext\u00e9rieures zipp\u00e9es d&#8217;acc\u00e9der facilement aux accessoires: deux plus petites \u00e0 l&#8217;avant sont parfaites pour les petits objets et la plus grande poche arri\u00e8re est id\u00e9ale pour les documents ou les accessoires plus volumineux. \u00c0 l&#8217;int\u00e9rieur du compartiment principal, vous trouverez une poche zipp\u00e9e suppl\u00e9mentaire et s\u00e9curis\u00e9e.<\/p>\n<p>Le sac mesure 330 x 445 x 75 mm.<\/p>\n<p><strong>Valise de chargement\u00a0 Okayo HDC-324<\/strong><\/p>\n<p>L&#8217;ensemble M+ comprend un chargeur portable d\u00e9di\u00e9 sous la forme d&#8217;une valise solide et durable. La valise de chargement permet de charger simultan\u00e9ment jusqu&#8217;\u00e0 24 appareils.<\/p>\n<p>Le chargeur a des dimensions de 44 x 27,5 x 17 cm et p\u00e8se environ 5,1 kg, alimentation comprise.<\/p>\n<p><strong>Batteries rechargeables de la ligne Everactive Silver Line<\/strong><\/p>\n<p>Les 52 batteries rechargeables everActive incluses dans le kit garantissent des performances \u00e9lev\u00e9es m\u00eame dans des conditions extr\u00eames. La nouvelle technologie signifie \u00e9galement une plus longue dur\u00e9e de vie de la batterie. Les batteries ont une capacit\u00e9 maximale de 2000 mAh. Une batterie peut remplacer plusieurs centaines de batteries traditionnelles.<\/p>\n","protected":false},"excerpt":{"rendered":"<p>Kit tourguide avec un chargeur bas\u00e9 sur le syst\u00e8me Okayo WT-350D pour un groupe de 50 personnes. Okayo WT-350D City Jungle Edition est le premier mod\u00e8le 2 en 1 qui, gr\u00e2ce \u00e0 un simple interrupteur, peut fonctionner comme un syst\u00e8me unidirectionnel ou bidirectionnel, permettant aux participants de la visite de poser des questions.<\/p>\n<p>&nbsp;<\/p>\n<p><a href=\"https:\/\/mguide.eu\/wp-content\/uploads\/2024\/08\/FR-Nano-Blitz-baner.png\"><img loading=\"lazy\" decoding=\"async\" class=\"alignnone size-full wp-image-45232\" src=\"https:\/\/mguide.eu\/wp-content\/uploads\/2024\/08\/FR-Nano-Blitz-baner.png\" alt=\"\" width=\"630\" height=\"120\" \/><\/a><\/p>\n","protected":false},"featured_media":51733,"template":"","meta":{"_acf_changed":false},"product_brand":[],"product_cat":[5175],"product_tag":[],"class_list":{"0":"post-63691","1":"product","2":"type-product","3":"status-publish","4":"has-post-thumbnail","6":"product_cat-sets-tour-guide","8":"first","9":"outofstock","10":"taxable","11":"shipping-taxable","12":"purchasable","13":"product-type-simple"},"acf":[],"_links":{"self":[{"href":"https:\/\/mexpo.eu\/fr\/wp-json\/wp\/v2\/product\/63691","targetHints":{"allow":["GET"]}}],"collection":[{"href":"https:\/\/mexpo.eu\/fr\/wp-json\/wp\/v2\/product"}],"about":[{"href":"https:\/\/mexpo.eu\/fr\/wp-json\/wp\/v2\/types\/product"}],"wp:featuredmedia":[{"embeddable":true,"href":"https:\/\/mexpo.eu\/fr\/wp-json\/wp\/v2\/media\/51733"}],"wp:attachment":[{"href":"https:\/\/mexpo.eu\/fr\/wp-json\/wp\/v2\/media?parent=63691"}],"wp:term":[{"taxonomy":"product_brand","embeddable":true,"href":"https:\/\/mexpo.eu\/fr\/wp-json\/wp\/v2\/product_brand?post=63691"},{"taxonomy":"product_cat","embeddable":true,"href":"https:\/\/mexpo.eu\/fr\/wp-json\/wp\/v2\/product_cat?post=63691"},{"taxonomy":"product_tag","embeddable":true,"href":"https:\/\/mexpo.eu\/fr\/wp-json\/wp\/v2\/product_tag?post=63691"}],"curies":[{"name":"wp","href":"https:\/\/api.w.org\/{rel}","templated":true}]}}