{"id":63643,"date":"2025-02-17T13:37:22","date_gmt":"2025-02-17T13:37:22","guid":{"rendered":"https:\/\/mexpo.pl?post_type=product&#038;p=63643"},"modified":"2025-08-05T09:50:44","modified_gmt":"2025-08-05T09:50:44","slug":"systeme-de-visite-guidee-recepteur-okayo-wt-350d","status":"publish","type":"product","link":"https:\/\/mexpo.eu\/fr\/produkt\/systeme-de-visite-guidee-recepteur-okayo-wt-350d\/","title":{"rendered":"Syst\u00e8me de visite guid\u00e9e &#8211; R\u00e9cepteur Okayo WT-350D"},"content":{"rendered":"<p data-start=\"0\" data-end=\"81\">R\u00e9cepteur pour le syst\u00e8me tourguide num\u00e9rique \u2013 Okayo WT-350D City Jungle Edition<\/p>\n<p data-start=\"83\" data-end=\"229\">L&#8217;appareil est \u00e9quip\u00e9 d&#8217;un bouton PTT (Push-To-Talk), permettant aux participants de poser des questions au moment appropri\u00e9, d\u00e9fini par le guide.<\/p>\n<p data-start=\"231\" data-end=\"415\">Le r\u00e9cepteur de communication sans fil Okayo WT-350D City Jungle, de couleur jaune, se marie parfaitement avec l\u2019\u00e9metteur vert discret, conf\u00e9rant au syst\u00e8me un style urbain et moderne.<\/p>\n<p data-start=\"417\" data-end=\"713\">En tenant compte des besoins et attentes des utilisateurs, la fonction de changement de canal \u00e0 distance rend le syst\u00e8me pratiquement autonome du c\u00f4t\u00e9 du r\u00e9cepteur. De plus, si l\u2019option \u00ab alerte de perte de port\u00e9e \u00bb est activ\u00e9e, le participant sera averti en cas d\u2019\u00e9loignement excessif du groupe.<\/p>\n<p data-start=\"715\" data-end=\"750\">Caract\u00e9ristiques du Okayo WT-350D :<\/p>\n<ul data-start=\"752\" data-end=\"1401\">\n<li data-start=\"752\" data-end=\"778\">\n<p data-start=\"754\" data-end=\"778\">transmission num\u00e9rique<\/p>\n<\/li>\n<li data-start=\"779\" data-end=\"792\">\n<p data-start=\"781\" data-end=\"792\">44 canaux<\/p>\n<\/li>\n<li data-start=\"793\" data-end=\"853\">\n<p data-start=\"795\" data-end=\"853\">fonction HAC (compatibilit\u00e9 avec les appareils auditifs)<\/p>\n<\/li>\n<li data-start=\"854\" data-end=\"919\">\n<p data-start=\"856\" data-end=\"919\">autonomie : plus de 15 h (\u00e9metteur), plus de 20 h (r\u00e9cepteur)<\/p>\n<\/li>\n<li data-start=\"920\" data-end=\"970\">\n<p data-start=\"922\" data-end=\"970\">port\u00e9e optimale (jusqu\u2019\u00e0 100 m en champ libre)<\/p>\n<\/li>\n<li data-start=\"971\" data-end=\"1049\">\n<p data-start=\"973\" data-end=\"1049\">format compact (63 x 132 x 70 mm) et poids l\u00e9ger (env. 65 g avec batterie)<\/p>\n<\/li>\n<li data-start=\"1050\" data-end=\"1116\">\n<p data-start=\"1052\" data-end=\"1116\">design moderne avec bo\u00eetier r\u00e9sistant \u00e0 la salet\u00e9 et aux chocs<\/p>\n<\/li>\n<li data-start=\"1117\" data-end=\"1164\">\n<p data-start=\"1119\" data-end=\"1164\">\u00e9cran avec indicateur de niveau de batterie<\/p>\n<\/li>\n<li data-start=\"1165\" data-end=\"1219\">\n<p data-start=\"1167\" data-end=\"1219\">microphone int\u00e9gr\u00e9 dans l\u2019\u00e9metteur et le r\u00e9cepteur<\/p>\n<\/li>\n<li data-start=\"1220\" data-end=\"1346\">\n<p data-start=\"1222\" data-end=\"1346\">syst\u00e8me 2 en 1 \u2013 possibilit\u00e9 d\u2019activer\/d\u00e9sactiver la fonction Talk-back (communication bidirectionnelle) depuis l\u2019\u00e9metteur<\/p>\n<\/li>\n<li data-start=\"1347\" data-end=\"1401\">\n<p data-start=\"1349\" data-end=\"1401\">alimentation par 1 pile AA ou 1 accumulateur Ni-MH<\/p>\n<\/li>\n<\/ul>\n<p data-start=\"1403\" data-end=\"1518\"><span style=\"color: #800000;\">Le mod\u00e8le Okayo WT-350D City Jungle Edition n\u2019est pas compatible avec le mod\u00e8le analogique Okayo WT-350.<\/span><\/p>\n<p data-start=\"1520\" data-end=\"1533\">Utilisation :<\/p>\n<p data-start=\"1535\" data-end=\"1692\" data-is-last-node=\"\" data-is-only-node=\"\">Le syst\u00e8me tourguide num\u00e9rique Okayo WT-350D a \u00e9t\u00e9 con\u00e7u pour le secteur du tourisme, o\u00f9 la simplicit\u00e9 d\u2019utilisation et la qualit\u00e9 sonore sont des priorit\u00e9s.<\/p>\n","protected":false},"excerpt":{"rendered":"<p>Le r\u00e9cepteur pour syst\u00e8me de guide touristique Okayo WT-350D est le successeur num\u00e9rique du mod\u00e8le analogique WT-350, avec des fonctionnalit\u00e9s suppl\u00e9mentaires incluses gratuitement. Il est dot\u00e9 d&#8217;un \u00e9cran clair et d&#8217;indicateurs LED. Son faible poids et sa longue autonomie en font un appareil id\u00e9al pour une utilisation dans le tourisme, entre autres.<\/p>\n","protected":false},"featured_media":60713,"template":"","meta":{"_acf_changed":false},"product_brand":[],"product_cat":[5186],"product_tag":[],"class_list":{"0":"post-63643","1":"product","2":"type-product","3":"status-publish","4":"has-post-thumbnail","6":"product_cat-emetteurs-et-recepteurs","8":"first","9":"instock","10":"taxable","11":"shipping-taxable","12":"purchasable","13":"product-type-simple"},"acf":[],"_links":{"self":[{"href":"https:\/\/mexpo.eu\/fr\/wp-json\/wp\/v2\/product\/63643","targetHints":{"allow":["GET"]}}],"collection":[{"href":"https:\/\/mexpo.eu\/fr\/wp-json\/wp\/v2\/product"}],"about":[{"href":"https:\/\/mexpo.eu\/fr\/wp-json\/wp\/v2\/types\/product"}],"wp:featuredmedia":[{"embeddable":true,"href":"https:\/\/mexpo.eu\/fr\/wp-json\/wp\/v2\/media\/60713"}],"wp:attachment":[{"href":"https:\/\/mexpo.eu\/fr\/wp-json\/wp\/v2\/media?parent=63643"}],"wp:term":[{"taxonomy":"product_brand","embeddable":true,"href":"https:\/\/mexpo.eu\/fr\/wp-json\/wp\/v2\/product_brand?post=63643"},{"taxonomy":"product_cat","embeddable":true,"href":"https:\/\/mexpo.eu\/fr\/wp-json\/wp\/v2\/product_cat?post=63643"},{"taxonomy":"product_tag","embeddable":true,"href":"https:\/\/mexpo.eu\/fr\/wp-json\/wp\/v2\/product_tag?post=63643"}],"curies":[{"name":"wp","href":"https:\/\/api.w.org\/{rel}","templated":true}]}}