{"id":63636,"date":"2025-02-17T13:37:21","date_gmt":"2025-02-17T13:37:21","guid":{"rendered":"https:\/\/mexpo.pl?post_type=product&#038;p=63636"},"modified":"2025-08-05T09:55:42","modified_gmt":"2025-08-05T09:55:42","slug":"systeme-de-visite-guidee-emetteur-okayo-wt-350d","status":"publish","type":"product","link":"https:\/\/mexpo.eu\/fr\/produkt\/systeme-de-visite-guidee-emetteur-okayo-wt-350d\/","title":{"rendered":"Syst\u00e8me de visite guid\u00e9e &#8211; \u00c9metteur Okayo WT-350D"},"content":{"rendered":"<p><span style=\"color: #800000;\">Le mod\u00e8le Okayo WT-350D City Jungle Edition n\u2019est pas compatible avec le syst\u00e8me analogique Okayo WT-350. <strong>Un casque doit \u00eatre achet\u00e9 s\u00e9par\u00e9ment pour l\u2019\u00e9metteur Okayo WT-350D.<\/strong><\/span><\/p>\n<p>\u00c9metteur pour le syst\u00e8me tourguide num\u00e9rique Okayo WT-350D City Jungle Edition.<\/p>\n<p>L&#8217;appareil dispose d&#8217;un \u00e9cran facile \u00e0 lire, de LED de signalisation et d&#8217;un microphone int\u00e9gr\u00e9. Pour obtenir la meilleure qualit\u00e9 sonore, il est recommand\u00e9 de connecter un headset externe.<\/p>\n<p>L&#8217;\u00e9metteur Okayo WT-350D City Jungle Edition, de couleur vert sobre, combin\u00e9 au r\u00e9cepteur jaune, conf\u00e8re au syst\u00e8me un caract\u00e8re unique et, comme son nom l&#8217;indique, urbain.<\/p>\n<p>Le syst\u00e8me de communication sans fil Okayo WT-350D a \u00e9t\u00e9 d\u00e9velopp\u00e9 pour le secteur du tourisme, o\u00f9 la s\u00e9curit\u00e9 et le contr\u00f4le de groupe sont importants.<br \/>\nC&#8217;est pour cette raison que l&#8217;\u00e9metteur a \u00e9t\u00e9 \u00e9quip\u00e9 d&#8217;un interrupteur qui permet d&#8217;activer la conversation bidirectionnelle gr\u00e2ce \u00e0 laquelle le guide peut donner la parole aux participants \u00e0 la visite au moment opportun. Cette fonction augmente le sentiment de s\u00e9curit\u00e9 car elle permet au guide d&#8217;\u00eatre inform\u00e9 si un participant s&#8217;\u00e9loigne accidentellement du groupe ou de poser des questions, par exemple lors d&#8217;un trajet en bus.<\/p>\n<p>De plus, l&#8217;utilisation de la transmission num\u00e9rique au lieu de la transmission analogique nous offre de nouvelles possibilit\u00e9s telles que l&#8217;augmentation de la puissance de l&#8217;appareil pour obtenir une plus grande port\u00e9e ou le changement rapide de canal \u00e0 distance de l&#8217;\u00e9metteur.<\/p>\n","protected":false},"excerpt":{"rendered":"<p>\u00c9metteur pour le syst\u00e8me tourguide Okayo WT-350D. Une continuation num\u00e9rique du mod\u00e8le analogique WT-350 avec des fonctionnalit\u00e9s suppl\u00e9mentaires gratuites. Le premier syst\u00e8me 2 en 1: l&#8217;\u00e9metteur est \u00e9quip\u00e9 d&#8217;un interrupteur qui active et d\u00e9sactive la possibilit\u00e9 de conversation bidirectionnelle.<\/p>\n","protected":false},"featured_media":60707,"template":"","meta":{"_acf_changed":false},"product_brand":[],"product_cat":[5186],"product_tag":[],"class_list":{"0":"post-63636","1":"product","2":"type-product","3":"status-publish","4":"has-post-thumbnail","6":"product_cat-emetteurs-et-recepteurs","8":"first","9":"instock","10":"taxable","11":"shipping-taxable","12":"purchasable","13":"product-type-simple"},"acf":[],"_links":{"self":[{"href":"https:\/\/mexpo.eu\/fr\/wp-json\/wp\/v2\/product\/63636","targetHints":{"allow":["GET"]}}],"collection":[{"href":"https:\/\/mexpo.eu\/fr\/wp-json\/wp\/v2\/product"}],"about":[{"href":"https:\/\/mexpo.eu\/fr\/wp-json\/wp\/v2\/types\/product"}],"wp:featuredmedia":[{"embeddable":true,"href":"https:\/\/mexpo.eu\/fr\/wp-json\/wp\/v2\/media\/60707"}],"wp:attachment":[{"href":"https:\/\/mexpo.eu\/fr\/wp-json\/wp\/v2\/media?parent=63636"}],"wp:term":[{"taxonomy":"product_brand","embeddable":true,"href":"https:\/\/mexpo.eu\/fr\/wp-json\/wp\/v2\/product_brand?post=63636"},{"taxonomy":"product_cat","embeddable":true,"href":"https:\/\/mexpo.eu\/fr\/wp-json\/wp\/v2\/product_cat?post=63636"},{"taxonomy":"product_tag","embeddable":true,"href":"https:\/\/mexpo.eu\/fr\/wp-json\/wp\/v2\/product_tag?post=63636"}],"curies":[{"name":"wp","href":"https:\/\/api.w.org\/{rel}","templated":true}]}}