{"id":63631,"date":"2025-02-17T13:37:20","date_gmt":"2025-02-17T13:37:20","guid":{"rendered":"https:\/\/mexpo.pl?post_type=product&#038;p=63631"},"modified":"2025-02-17T15:06:32","modified_gmt":"2025-02-17T15:06:32","slug":"sp-1-sac-depaule-sportif","status":"publish","type":"product","link":"https:\/\/mexpo.eu\/fr\/produkt\/sp-1-sac-depaule-sportif\/","title":{"rendered":"SP-1 Sac d&#8217;\u00e9paule sportif"},"content":{"rendered":"<p>Housse en n\u00e9opr\u00e8ne avec sangle d&#8217;\u00e9paule r\u00e9glable. Il dispose de 2 poches zipp\u00e9es et d&#8217;une sortie pour \u00e9couteurs. <\/p>\n","protected":false},"excerpt":{"rendered":"<p>Housse en n\u00e9opr\u00e8ne avec sangle d&#8217;\u00e9paule r\u00e9glable. Il dispose de 2 poches zipp\u00e9es et d&#8217;une sortie pour \u00e9couteurs. <\/p>\n","protected":false},"featured_media":51689,"template":"","meta":{"_acf_changed":false},"product_brand":[],"product_cat":[5264],"product_tag":[],"class_list":{"0":"post-63631","1":"product","2":"type-product","3":"status-publish","4":"has-post-thumbnail","6":"product_cat-autres-accessoires","8":"first","9":"instock","10":"taxable","11":"shipping-taxable","12":"purchasable","13":"product-type-simple"},"acf":[],"_links":{"self":[{"href":"https:\/\/mexpo.eu\/fr\/wp-json\/wp\/v2\/product\/63631","targetHints":{"allow":["GET"]}}],"collection":[{"href":"https:\/\/mexpo.eu\/fr\/wp-json\/wp\/v2\/product"}],"about":[{"href":"https:\/\/mexpo.eu\/fr\/wp-json\/wp\/v2\/types\/product"}],"wp:featuredmedia":[{"embeddable":true,"href":"https:\/\/mexpo.eu\/fr\/wp-json\/wp\/v2\/media\/51689"}],"wp:attachment":[{"href":"https:\/\/mexpo.eu\/fr\/wp-json\/wp\/v2\/media?parent=63631"}],"wp:term":[{"taxonomy":"product_brand","embeddable":true,"href":"https:\/\/mexpo.eu\/fr\/wp-json\/wp\/v2\/product_brand?post=63631"},{"taxonomy":"product_cat","embeddable":true,"href":"https:\/\/mexpo.eu\/fr\/wp-json\/wp\/v2\/product_cat?post=63631"},{"taxonomy":"product_tag","embeddable":true,"href":"https:\/\/mexpo.eu\/fr\/wp-json\/wp\/v2\/product_tag?post=63631"}],"curies":[{"name":"wp","href":"https:\/\/api.w.org\/{rel}","templated":true}]}}