{"id":63569,"date":"2025-02-17T13:36:18","date_gmt":"2025-02-17T13:36:18","guid":{"rendered":"https:\/\/mexpo.pl?post_type=product&#038;p=63569"},"modified":"2025-06-10T11:01:33","modified_gmt":"2025-06-10T11:01:33","slug":"headset-jeu-micro-casque-elm-01","status":"publish","type":"product","link":"https:\/\/mexpo.eu\/fr\/produkt\/headset-jeu-micro-casque-elm-01\/","title":{"rendered":"Headset (jeu micro-casque) ELM-01"},"content":{"rendered":"<p>Un casque l\u00e9ger \u00e9quip\u00e9 d&#8217;\u00e9couteurs intra-auriculaires et d&#8217;un petit bouton PTT. Le set comprend des tailles suppl\u00e9mentaires d&#8217;embouts auriculaires de rechange et un clip pour attacher le c\u00e2ble aux v\u00eatements.<\/p>\n","protected":false},"excerpt":{"rendered":"<p>Un casque l\u00e9ger \u00e9quip\u00e9 d&#8217;\u00e9couteurs intra-auriculaires et d&#8217;un petit bouton PTT. Le set comprend des tailles suppl\u00e9mentaires d&#8217;embouts auriculaires de rechange et un clip pour attacher le c\u00e2ble aux v\u00eatements.<\/p>\n","protected":false},"featured_media":65616,"template":"","meta":{"_acf_changed":false},"product_brand":[],"product_cat":[5179,5181],"product_tag":[],"class_list":{"0":"post-63569","1":"product","2":"type-product","3":"status-publish","4":"has-post-thumbnail","6":"product_cat-headsets-systemes-tour-guide","7":"product_cat-headsets-systemes-dinterphone","9":"first","10":"instock","11":"taxable","12":"shipping-taxable","13":"purchasable","14":"product-type-variable"},"acf":[],"_links":{"self":[{"href":"https:\/\/mexpo.eu\/fr\/wp-json\/wp\/v2\/product\/63569","targetHints":{"allow":["GET"]}}],"collection":[{"href":"https:\/\/mexpo.eu\/fr\/wp-json\/wp\/v2\/product"}],"about":[{"href":"https:\/\/mexpo.eu\/fr\/wp-json\/wp\/v2\/types\/product"}],"wp:featuredmedia":[{"embeddable":true,"href":"https:\/\/mexpo.eu\/fr\/wp-json\/wp\/v2\/media\/65616"}],"wp:attachment":[{"href":"https:\/\/mexpo.eu\/fr\/wp-json\/wp\/v2\/media?parent=63569"}],"wp:term":[{"taxonomy":"product_brand","embeddable":true,"href":"https:\/\/mexpo.eu\/fr\/wp-json\/wp\/v2\/product_brand?post=63569"},{"taxonomy":"product_cat","embeddable":true,"href":"https:\/\/mexpo.eu\/fr\/wp-json\/wp\/v2\/product_cat?post=63569"},{"taxonomy":"product_tag","embeddable":true,"href":"https:\/\/mexpo.eu\/fr\/wp-json\/wp\/v2\/product_tag?post=63569"}],"curies":[{"name":"wp","href":"https:\/\/api.w.org\/{rel}","templated":true}]}}