{"id":63545,"date":"2025-02-17T13:36:15","date_gmt":"2025-02-17T13:36:15","guid":{"rendered":"https:\/\/mexpo.pl?post_type=product&#038;p=63545"},"modified":"2025-02-17T15:06:00","modified_gmt":"2025-02-17T15:06:00","slug":"kit-tourguide-mguide-dlr-02-s-18-2","status":"publish","type":"product","link":"https:\/\/mexpo.eu\/fr\/produkt\/kit-tourguide-mguide-dlr-02-s-18-2\/","title":{"rendered":"Kit tourguide mGuide DLR-02 | S (18 + 2)"},"content":{"rendered":"<p><strong>Le kit comprend:<\/strong><\/p>\n<ul>\n<li>18 X DLR-02P<\/li>\n<li>2 X DLR-02L<\/li>\n<li>18 x headset ELM-01<\/li>\n<li>2 x headset EHR-03S<\/li>\n<li>1 X CB- 20x<\/li>\n<\/ul>\n<p><strong>Le kit NE COMPRENDS PAS de lani\u00e8re tour de cou <\/strong><\/p>\n<p>Le mGuide DLR-02 est un syst\u00e8me num\u00e9rique bidirectionnel fonctionnant \u00e0 une fr\u00e9quence de 2,4 GHz. Il s&#8217;agit d&#8217;une fr\u00e9quence mondiale, sans licence, qui permet de communiquer sur tous les continents. Les guides touristiques disposent d\u00e9sormais d&#8217;un outil unique pour toutes les visites, \u00e9liminant ainsi le besoin d&#8217;acheter des syst\u00e8mes distincts pour diff\u00e9rentes destinations.<\/p>\n<p>De plus, le mode full duplex facilite non seulement la communication entre le guide et le participant, mais ouvre \u00e9galement la porte \u00e0 une conversation libre et sans aucun obstacle. C&#8217;est parfait pour ceux qui veulent permettre aux touristes de poser des questions pendant la visite!<\/p>\n<p>De plus, gr\u00e2ce \u00e0 l&#8217;entr\u00e9e AUX-IN, vous pouvez connecter une source sonore externe, ajoutant une ambiance musicale unique ou rempla\u00e7ant le silence dans les moments sans commentaire du guide.<\/p>\n<p>Le mGuide DLR-02 est enti\u00e8rement compatible avec le mod\u00e8le unidirectionnel mGuide DLR-01 existant, ce qui signifie que les accessoires et les appareils peuvent \u00eatre parfaitement combin\u00e9s les uns avec les autres.<\/p>\n<p>Nous offrons une garantie de 3 ans sur le syst\u00e8me.<\/p>\n<p><strong>Caract\u00e9ristiques de mGuide DLR-02:<\/strong><\/p>\n<ul>\n<li>Fr\u00e9quence mondiale de 2,4 GHz sans licence.<\/li>\n<li>Communication bidirectionnelle entre deux appareils avec \u00e9coute simultan\u00e9e par d&#8217;autres utilisateurs.<\/li>\n<li>Haute qualit\u00e9 sonore num\u00e9rique.<\/li>\n<li>S\u00e9lection de la sensibilit\u00e9 du microphone \u00e0 5 niveaux et entr\u00e9e AUX pour \u00e9couter de la musique de fond.<\/li>\n<li>Possibilit\u00e9 d&#8217;\u00e9couter la voix du pr\u00e9sentateur avec la musique de fond ou l&#8217;effet sonore de son choix.<\/li>\n<li>Configuration extr\u00eamement simple en seulement 3 \u00e9tapes et fonctionnalit\u00e9s conviviales.<\/li>\n<li>\u00c9cran LCD facile \u00e0 lire.<\/li>\n<li>Port\u00e9e jusqu&#8217;\u00e0 150 m\u00e8tres en ligne de mire.<\/li>\n<li>Dimensions compactes: 50 x 88 x 16,5 mm.<\/li>\n<li>Syst\u00e8me de chargement pratique par insertion ou par USB.<\/li>\n<\/ul>\n<p><strong>\u00c9metteur mGuide DLR-02L<\/strong><\/p>\n<p>L&#8217;\u00e9metteur mGuide DLR-02L agissant en tant que leader dans le syst\u00e8me tourguide bidirectionnel mGuide DLR-02. L&#8217;appareil fonctionne \u00e0 une fr\u00e9quence mondiale de 2,4 GHz. Il dispose d&#8217;un \u00e9cran LCD, d&#8217;une entr\u00e9e AUX-IN, d&#8217;un syst\u00e8me de charge de type drop-in, d&#8217;une entr\u00e9e USB-C et vous permet de r\u00e9gler la sensibilit\u00e9 du microphone.<br \/>\nDimensions: 50\u00a0 x 88 x 16.5 mm<br \/>\nPoids: 65 g<\/p>\n<p><strong>R\u00e9cepteur mGuide DLR-02P<\/strong><\/p>\n<p>Le r\u00e9cepteur mGuide DLR-02L agissant en tant que participant dans le syst\u00e8me tourguide bidirectionnel mGuide DLR-02. L&#8217;appareil fonctionne \u00e0 une fr\u00e9quence mondiale de 2,4 GHz. Il est dot\u00e9 d&#8217;un \u00e9cran LCD facile \u00e0 lire, d&#8217;un syst\u00e8me de charge de type drop-in et d&#8217;une entr\u00e9e USB-C.<br \/>\nDimensions: 50 x 88 x 16.5 mm<br \/>\nPoids: 65 g<\/p>\n<p><strong>Headset (micro-casque) EHR-03S<\/strong><\/p>\n<p>Micro tour de nuque avec un \u00e9couteur pour l&#8217;oreille gauche. Il est l\u00e9ger, flexible et dispose d&#8217;un microphone r\u00e9glable. Parfait pour les entra\u00eenements, les \u00e9v\u00e9nements sportifs et les visites guid\u00e9es.<\/p>\n<p><strong>ELM-01<\/strong><\/p>\n<p>Headset l\u00e9ger \u00e9quip\u00e9 d&#8217;\u00e9couteurs intra-auriculaires et d&#8217;un petit bouton PTT. L\u2019ensemble comprend des embouts hygi\u00e9niques suppl\u00e9mentaires de diff\u00e9rentes tailles pour les \u00e9couteurs et un clip pour attacher le c\u00e2ble aux v\u00eatements.<\/p>\n<p><strong>Valise de chargement CB-20x<\/strong><\/p>\n<p>Chargeur sp\u00e9cialis\u00e9 en forme de valise pour 20 appareils mGuide DLR-02. Alimentation et c\u00e2ble inclus. Les r\u00e9cepteurs et les \u00e9metteurs sont plac\u00e9s dans des poches \u00e0 l&#8217;int\u00e9rieur de la valise. Le temps de charge entre la d\u00e9charge compl\u00e8te et la charge compl\u00e8te est d&#8217;environ 5,5 heures.<br \/>\nDimensions: 540 x 285 x 150 mm<br \/>\nPoids: environ 5kg<\/p>\n","protected":false},"excerpt":{"rendered":"<p>Kit tourguide compos\u00e9 du syst\u00e8me mGuide DLR-02 pour un groupe de 18 personnes avec 1 ou 2 guides.<\/p>\n<p>Le syst\u00e8me fonctionne sur la fr\u00e9quence internationale de 2,4 GHz, couvrant tous les continents.<\/p>\n<p>Le kit est plac\u00e9 dans une mallette de transport pratique qui sert \u00e9galement de chargeur portable. De plus, il comprend les \u00e9couteurs n\u00e9cessaires.<\/p>\n","protected":false},"featured_media":48461,"template":"","meta":{"_acf_changed":false},"product_brand":[],"product_cat":[5175],"product_tag":[],"class_list":{"0":"post-63545","1":"product","2":"type-product","3":"status-publish","4":"has-post-thumbnail","6":"product_cat-sets-tour-guide","8":"first","9":"instock","10":"taxable","11":"shipping-taxable","12":"purchasable","13":"product-type-simple"},"acf":[],"_links":{"self":[{"href":"https:\/\/mexpo.eu\/fr\/wp-json\/wp\/v2\/product\/63545","targetHints":{"allow":["GET"]}}],"collection":[{"href":"https:\/\/mexpo.eu\/fr\/wp-json\/wp\/v2\/product"}],"about":[{"href":"https:\/\/mexpo.eu\/fr\/wp-json\/wp\/v2\/types\/product"}],"wp:featuredmedia":[{"embeddable":true,"href":"https:\/\/mexpo.eu\/fr\/wp-json\/wp\/v2\/media\/48461"}],"wp:attachment":[{"href":"https:\/\/mexpo.eu\/fr\/wp-json\/wp\/v2\/media?parent=63545"}],"wp:term":[{"taxonomy":"product_brand","embeddable":true,"href":"https:\/\/mexpo.eu\/fr\/wp-json\/wp\/v2\/product_brand?post=63545"},{"taxonomy":"product_cat","embeddable":true,"href":"https:\/\/mexpo.eu\/fr\/wp-json\/wp\/v2\/product_cat?post=63545"},{"taxonomy":"product_tag","embeddable":true,"href":"https:\/\/mexpo.eu\/fr\/wp-json\/wp\/v2\/product_tag?post=63545"}],"curies":[{"name":"wp","href":"https:\/\/api.w.org\/{rel}","templated":true}]}}