{"id":63538,"date":"2025-02-17T13:35:56","date_gmt":"2025-02-17T13:35:56","guid":{"rendered":"https:\/\/mexpo.pl?post_type=product&#038;p=63538"},"modified":"2025-02-17T15:05:56","modified_gmt":"2025-02-17T15:05:56","slug":"mguide-dlr-02","status":"publish","type":"product","link":"https:\/\/mexpo.eu\/fr\/produkt\/mguide-dlr-02\/","title":{"rendered":"mGuide DLR-02"},"content":{"rendered":"<p>Le mGuide DLR-02 est un syst\u00e8me num\u00e9rique bidirectionnel fonctionnant \u00e0 une fr\u00e9quence de 2,4 GHz. Il s&#8217;agit d&#8217;une fr\u00e9quence mondiale, sans licence, qui permet de communiquer sur tous les continents. Les guides touristiques disposent d\u00e9sormais d&#8217;un outil unique pour toutes les visites, \u00e9liminant ainsi le besoin d&#8217;acheter des syst\u00e8mes distincts pour diff\u00e9rentes destinations.<\/p>\n<p>De plus, le mode full duplex facilite non seulement la communication entre le guide et le participant, mais ouvre \u00e9galement la porte \u00e0 une conversation libre et sans aucun obstacle. C&#8217;est parfait pour ceux qui veulent permettre aux touristes de poser des questions pendant la visite!<\/p>\n<p>De plus, gr\u00e2ce \u00e0 l&#8217;entr\u00e9e AUX-IN, vous pouvez connecter une source sonore externe, ajoutant une ambiance musicale unique ou rempla\u00e7ant le silence dans les moments sans commentaire du guide.<\/p>\n<p>Le mGuide DLR-02 est enti\u00e8rement compatible avec le mod\u00e8le unidirectionnel mGuide DLR-01 existant, ce qui signifie que les accessoires et les appareils peuvent \u00eatre parfaitement combin\u00e9s les uns avec les autres.<\/p>\n<p>Nous offrons une garantie de 3 ans sur le syst\u00e8me.<\/p>\n","protected":false},"excerpt":{"rendered":"<p>Syst\u00e8me tourguide bidirectionnel fonctionnant \u00e0 une fr\u00e9quence de 2,4 GHz (sans licence sur tous les continents). Le syst\u00e8me mGuide DLR-02 est compatible avec le mod\u00e8le unidirectionnel mGuide DLR-01. Ce syst\u00e8me tourguide est id\u00e9al pour les applications touristiques et commerciales.<\/p>\n","protected":false},"featured_media":60609,"template":"","meta":{"_acf_changed":false},"product_brand":[],"product_cat":[5174],"product_tag":[],"class_list":{"0":"post-63538","1":"product","2":"type-product","3":"status-publish","4":"has-post-thumbnail","6":"product_cat-modeles","8":"first","9":"instock","10":"taxable","11":"shipping-taxable","12":"product-type-grouped"},"acf":[],"_links":{"self":[{"href":"https:\/\/mexpo.eu\/fr\/wp-json\/wp\/v2\/product\/63538","targetHints":{"allow":["GET"]}}],"collection":[{"href":"https:\/\/mexpo.eu\/fr\/wp-json\/wp\/v2\/product"}],"about":[{"href":"https:\/\/mexpo.eu\/fr\/wp-json\/wp\/v2\/types\/product"}],"wp:featuredmedia":[{"embeddable":true,"href":"https:\/\/mexpo.eu\/fr\/wp-json\/wp\/v2\/media\/60609"}],"wp:attachment":[{"href":"https:\/\/mexpo.eu\/fr\/wp-json\/wp\/v2\/media?parent=63538"}],"wp:term":[{"taxonomy":"product_brand","embeddable":true,"href":"https:\/\/mexpo.eu\/fr\/wp-json\/wp\/v2\/product_brand?post=63538"},{"taxonomy":"product_cat","embeddable":true,"href":"https:\/\/mexpo.eu\/fr\/wp-json\/wp\/v2\/product_cat?post=63538"},{"taxonomy":"product_tag","embeddable":true,"href":"https:\/\/mexpo.eu\/fr\/wp-json\/wp\/v2\/product_tag?post=63538"}],"curies":[{"name":"wp","href":"https:\/\/api.w.org\/{rel}","templated":true}]}}