{"id":63531,"date":"2025-02-17T13:35:55","date_gmt":"2025-02-17T13:35:55","guid":{"rendered":"https:\/\/mexpo.pl?post_type=product&#038;p=63531"},"modified":"2025-02-17T15:05:51","modified_gmt":"2025-02-17T15:05:51","slug":"systeme-de-visite-guidee-emetteur-mguide-dlr-02","status":"publish","type":"product","link":"https:\/\/mexpo.eu\/fr\/produkt\/systeme-de-visite-guidee-emetteur-mguide-dlr-02\/","title":{"rendered":"Syst\u00e8me de visite guid\u00e9e &#8211; \u00c9metteur mGuide DLR-02"},"content":{"rendered":"<p>\u00c9metteur pour le syst\u00e8me mGuide DLR-02. L&#8217;appareil se caract\u00e9rise par une qualit\u00e9 sonore \u00e9lev\u00e9e.<\/p>\n<p>L&#8217;\u00e9metteur dispose d&#8217;un \u00e9cran LCD clair qui facilite son utilisation.<\/p>\n<p>L&#8217;appareil est imm\u00e9diatement pr\u00eat \u00e0 fonctionner. Connectez simplement l\u00b4\u00e9couteur de votre choix \u00e0 l&#8217;\u00e9metteur, allumez-le et d\u00e9finissez votre num\u00e9ro de groupe (canal) de votre choix.<\/p>\n<p>Gr\u00e2ce \u00e0 l&#8217;entr\u00e9e AUX-IN int\u00e9gr\u00e9e, vous pouvez connecter une source sonore externe \u00e0 l&#8217;\u00e9metteur, ajoutant une ambiance musicale unique ou rempla\u00e7ant le silence dans les moments sans commentaire du guide.<\/p>\n<p>L&#8217;\u00e9metteur mGuide DLR-02L est \u00e9quip\u00e9 de contacts de charge, qui permettent de charger des appareils dans la valise de charge collective CB-20x ou CB-40x. En outre, il dispose d&#8217;une entr\u00e9e de type USB-C qui vous permet de charger l&#8217;appareil \u00e0 l&#8217;aide d&#8217;un c\u00e2ble USB-C.<\/p>\n<p>Le mGuide DLR-02 est un syst\u00e8me num\u00e9rique bidirectionnel fonctionnant \u00e0 une fr\u00e9quence de 2,4 GHz. \u00a0Il s&#8217;agit d&#8217;une fr\u00e9quence mondiale, sans licence, qui permet de communiquer sur tous les continents. Les guides touristiques disposent d\u00e9sormais d&#8217;un outil unique pour toutes les visites, \u00e9liminant ainsi le besoin d&#8217;acheter des syst\u00e8mes distincts pour diff\u00e9rentes destinations.<\/p>\n<p>Nous offrons une garantie de 3 ans sur l&#8217;appareil.<\/p>\n","protected":false},"excerpt":{"rendered":"<p>L&#8217;\u00e9metteur mGuide DLR-02L agissant en tant que leader dans le syst\u00e8me tourguide bidirectionnel mGuide DLR-02. Le syst\u00e8me mGuide DLR-02 est compatible avec le mod\u00e8le unidirectionnel mGuide DLR-01. Ce syst\u00e8me tourguide est id\u00e9al pour les applications touristiques et commerciales.<\/p>\n","protected":false},"featured_media":60585,"template":"","meta":{"_acf_changed":false},"product_brand":[],"product_cat":[5186],"product_tag":[],"class_list":{"0":"post-63531","1":"product","2":"type-product","3":"status-publish","4":"has-post-thumbnail","6":"product_cat-emetteurs-et-recepteurs","8":"first","9":"instock","10":"taxable","11":"shipping-taxable","12":"purchasable","13":"product-type-simple"},"acf":[],"_links":{"self":[{"href":"https:\/\/mexpo.eu\/fr\/wp-json\/wp\/v2\/product\/63531","targetHints":{"allow":["GET"]}}],"collection":[{"href":"https:\/\/mexpo.eu\/fr\/wp-json\/wp\/v2\/product"}],"about":[{"href":"https:\/\/mexpo.eu\/fr\/wp-json\/wp\/v2\/types\/product"}],"wp:featuredmedia":[{"embeddable":true,"href":"https:\/\/mexpo.eu\/fr\/wp-json\/wp\/v2\/media\/60585"}],"wp:attachment":[{"href":"https:\/\/mexpo.eu\/fr\/wp-json\/wp\/v2\/media?parent=63531"}],"wp:term":[{"taxonomy":"product_brand","embeddable":true,"href":"https:\/\/mexpo.eu\/fr\/wp-json\/wp\/v2\/product_brand?post=63531"},{"taxonomy":"product_cat","embeddable":true,"href":"https:\/\/mexpo.eu\/fr\/wp-json\/wp\/v2\/product_cat?post=63531"},{"taxonomy":"product_tag","embeddable":true,"href":"https:\/\/mexpo.eu\/fr\/wp-json\/wp\/v2\/product_tag?post=63531"}],"curies":[{"name":"wp","href":"https:\/\/api.w.org\/{rel}","templated":true}]}}