{"id":63508,"date":"2025-02-17T13:35:34","date_gmt":"2025-02-17T13:35:34","guid":{"rendered":"https:\/\/mexpo.pl?post_type=product&#038;p=63508"},"modified":"2026-04-02T14:18:02","modified_gmt":"2026-04-02T12:18:02","slug":"ecouteurs-jetables-sj-7","status":"publish","type":"product","link":"https:\/\/mexpo.eu\/fr\/produkt\/ecouteurs-jetables-sj-7\/","title":{"rendered":"\u00c9couteurs jetables SJ-7"},"content":{"rendered":"<p><img loading=\"lazy\" decoding=\"async\" class=\"alignnone size-full wp-image-68522\" src=\"https:\/\/mexpo.eu\/wp-content\/uploads\/2025\/02\/ikona-rohs.png\" alt=\"\" width=\"32\" height=\"32\" \/> Conforme \u00e0 la norme RoHS \u2013 fabriqu\u00e9 sans substances nocives. Votre sant\u00e9 et la plan\u00e8te nous tiennent \u00e0 c\u0153ur !<\/p>\n<p>\u00c9couteurs intra-auriculaires SJ-7, filaires, con\u00e7us pour une oreille, avec embout en caoutchouc souple.<\/p>\n<p>Ils ont un haut-parleur de 10 mm. Ils sont termin\u00e9s par une double broche de 3,5 mm (fiche jack standard de 3,5 mm). La longueur du c\u00e2ble est de 120 cm.<\/p>\n<p>Chaque \u00e9couteur est emball\u00e9 dans un sac scell\u00e9 garantissant l&#8217;hygi\u00e8ne et la premi\u00e8re utilisation. Les \u00e9couteurs sont disponibles en bleu.<\/p>\n","protected":false},"excerpt":{"rendered":"<p>\u00c9couteurs intra-auriculaires filaires simples (pour 1 oreille) SJ-7 avec embout en caoutchouc souple de couleur bleue.<\/p>\n","protected":false},"featured_media":51583,"template":"","meta":{"_acf_changed":false},"product_brand":[],"product_cat":[5183,5195],"product_tag":[],"class_list":{"0":"post-63508","1":"product","2":"type-product","3":"status-publish","4":"has-post-thumbnail","6":"product_cat-ecouteurs","7":"product_cat-ecouteurs-hygieniques-ecouteurs-jetables","9":"first","10":"instock","11":"taxable","12":"shipping-taxable","13":"purchasable","14":"product-type-variable"},"acf":[],"_links":{"self":[{"href":"https:\/\/mexpo.eu\/fr\/wp-json\/wp\/v2\/product\/63508","targetHints":{"allow":["GET"]}}],"collection":[{"href":"https:\/\/mexpo.eu\/fr\/wp-json\/wp\/v2\/product"}],"about":[{"href":"https:\/\/mexpo.eu\/fr\/wp-json\/wp\/v2\/types\/product"}],"wp:featuredmedia":[{"embeddable":true,"href":"https:\/\/mexpo.eu\/fr\/wp-json\/wp\/v2\/media\/51583"}],"wp:attachment":[{"href":"https:\/\/mexpo.eu\/fr\/wp-json\/wp\/v2\/media?parent=63508"}],"wp:term":[{"taxonomy":"product_brand","embeddable":true,"href":"https:\/\/mexpo.eu\/fr\/wp-json\/wp\/v2\/product_brand?post=63508"},{"taxonomy":"product_cat","embeddable":true,"href":"https:\/\/mexpo.eu\/fr\/wp-json\/wp\/v2\/product_cat?post=63508"},{"taxonomy":"product_tag","embeddable":true,"href":"https:\/\/mexpo.eu\/fr\/wp-json\/wp\/v2\/product_tag?post=63508"}],"curies":[{"name":"wp","href":"https:\/\/api.w.org\/{rel}","templated":true}]}}