{"id":63453,"date":"2025-02-17T13:35:13","date_gmt":"2025-02-17T13:35:13","guid":{"rendered":"https:\/\/mexpo.pl?post_type=product&#038;p=63453"},"modified":"2025-02-17T15:05:27","modified_gmt":"2025-02-17T15:05:27","slug":"couvercles-hygieniques-pour-microphone-100-pc","status":"publish","type":"product","link":"https:\/\/mexpo.eu\/fr\/produkt\/couvercles-hygieniques-pour-microphone-100-pc\/","title":{"rendered":"Couvercles hygi\u00e9niques pour microphone (100 pc.)"},"content":{"rendered":"<p>Fabriqu\u00e9 en mat\u00e9riau sp\u00e9cial sans fibre. Couleur : noir ou jaune. D\u00e9di\u00e9 au microphone \u00e0 main standard (dimensions env. 4 x 5-6 cm).<\/p>\n","protected":false},"excerpt":{"rendered":"<p>Housses de microphone jetables, garantissant une hygi\u00e8ne maximale lors de l&#8217;utilisation. Fabriqu\u00e9 en polaire sans fibres.<\/p>\n","protected":false},"featured_media":48595,"template":"","meta":{"_acf_changed":false},"product_brand":[],"product_cat":[5185],"product_tag":[],"class_list":{"0":"post-63453","1":"product","2":"type-product","3":"status-publish","4":"has-post-thumbnail","6":"product_cat-hygiene-fr","8":"first","9":"instock","10":"taxable","11":"shipping-taxable","12":"purchasable","13":"product-type-variable"},"acf":[],"_links":{"self":[{"href":"https:\/\/mexpo.eu\/fr\/wp-json\/wp\/v2\/product\/63453","targetHints":{"allow":["GET"]}}],"collection":[{"href":"https:\/\/mexpo.eu\/fr\/wp-json\/wp\/v2\/product"}],"about":[{"href":"https:\/\/mexpo.eu\/fr\/wp-json\/wp\/v2\/types\/product"}],"wp:featuredmedia":[{"embeddable":true,"href":"https:\/\/mexpo.eu\/fr\/wp-json\/wp\/v2\/media\/48595"}],"wp:attachment":[{"href":"https:\/\/mexpo.eu\/fr\/wp-json\/wp\/v2\/media?parent=63453"}],"wp:term":[{"taxonomy":"product_brand","embeddable":true,"href":"https:\/\/mexpo.eu\/fr\/wp-json\/wp\/v2\/product_brand?post=63453"},{"taxonomy":"product_cat","embeddable":true,"href":"https:\/\/mexpo.eu\/fr\/wp-json\/wp\/v2\/product_cat?post=63453"},{"taxonomy":"product_tag","embeddable":true,"href":"https:\/\/mexpo.eu\/fr\/wp-json\/wp\/v2\/product_tag?post=63453"}],"curies":[{"name":"wp","href":"https:\/\/api.w.org\/{rel}","templated":true}]}}