{"id":63416,"date":"2025-02-17T13:34:33","date_gmt":"2025-02-17T13:34:33","guid":{"rendered":"https:\/\/mexpo.pl?post_type=product&#038;p=63416"},"modified":"2025-02-17T15:05:13","modified_gmt":"2025-02-17T15:05:13","slug":"gst-hlt-micro-casque-pour-gst-g2-ski-1-velo-1","status":"publish","type":"product","link":"https:\/\/mexpo.eu\/fr\/produkt\/gst-hlt-micro-casque-pour-gst-g2-ski-1-velo-1\/","title":{"rendered":"GST-HLT: micro-casque pour GST G2, SKI-1, VELO-1"},"content":{"rendered":"<p><span data-sheets-root=\"1\" data-sheets-value=\"{&quot;1&quot;:2,&quot;2&quot;:&quot;Casque de sous-surface pour les interphones de la s\u00e9rie GST. \u00c9couteurs plats avec la possibilit\u00e9 de s'habiller sur la fixation velcro dans le casque, un microphone sur une \u00e9paule flexible. Le casque correspond au ski, \u00e0 la moto et aux casques VTT complets.&quot;}\" data-sheets-userformat=\"{&quot;2&quot;:1389449,&quot;3&quot;:{&quot;1&quot;:0},&quot;6&quot;:{&quot;1&quot;:[{&quot;1&quot;:2,&quot;2&quot;:0,&quot;5&quot;:{&quot;1&quot;:2,&quot;2&quot;:4031942}},{&quot;1&quot;:0,&quot;2&quot;:0,&quot;3&quot;:3},{&quot;1&quot;:1,&quot;2&quot;:0,&quot;4&quot;:1}]},&quot;10&quot;:1,&quot;11&quot;:4,&quot;12&quot;:0,&quot;15&quot;:&quot;Barlow&quot;,&quot;16&quot;:12,&quot;19&quot;:0,&quot;21&quot;:0,&quot;23&quot;:2}\" data-sheets-formula=\"=GOOGLETRANSLATE(R[0]C[-1];&quot;auto&quot;;&quot;fr&quot;)\">Casque de sous-surface pour les interphones de la s\u00e9rie GST. \u00c9couteurs plats avec la possibilit\u00e9 de s&#8217;habiller sur la fixation velcro dans le casque, un microphone sur une \u00e9paule flexible. Le casque correspond au ski, \u00e0 la moto et aux casques VTT complets.<\/span><\/p>\n","protected":false},"excerpt":{"rendered":"<p><span data-sheets-root=\"1\" data-sheets-value=\"{&quot;1&quot;:2,&quot;2&quot;:&quot;Casque de sous-surface pour les interphones de la s\u00e9rie GST. \u00c9couteurs plats avec la possibilit\u00e9 de s'habiller sur la fixation velcro dans le casque, un microphone sur une \u00e9paule flexible. Le casque correspond au ski, \u00e0 la moto et aux casques VTT complets.&quot;}\" data-sheets-userformat=\"{&quot;2&quot;:1389449,&quot;3&quot;:{&quot;1&quot;:0},&quot;6&quot;:{&quot;1&quot;:[{&quot;1&quot;:2,&quot;2&quot;:0,&quot;5&quot;:{&quot;1&quot;:2,&quot;2&quot;:4031942}},{&quot;1&quot;:0,&quot;2&quot;:0,&quot;3&quot;:3},{&quot;1&quot;:1,&quot;2&quot;:0,&quot;4&quot;:1}]},&quot;10&quot;:1,&quot;11&quot;:4,&quot;12&quot;:0,&quot;15&quot;:&quot;Barlow&quot;,&quot;16&quot;:12,&quot;19&quot;:0,&quot;21&quot;:0,&quot;23&quot;:2}\" data-sheets-formula=\"=GOOGLETRANSLATE(R[0]C[-1];&quot;auto&quot;;&quot;fr&quot;)\">Casque de sous-surface pour les interphones de la s\u00e9rie GST. \u00c9couteurs plats avec la possibilit\u00e9 de s&#8217;habiller sur la fixation velcro dans le casque, un microphone sur une \u00e9paule flexible. Le casque correspond au ski, \u00e0 la moto et aux casques VTT complets.<\/span><\/p>\n","protected":false},"featured_media":51545,"template":"","meta":{"_acf_changed":false},"product_brand":[],"product_cat":[5181,5449,5966,5452],"product_tag":[],"class_list":{"0":"post-63416","1":"product","2":"type-product","3":"status-publish","4":"has-post-thumbnail","6":"product_cat-headsets-systemes-dinterphone","7":"product_cat-intercom-pour-la-gastronomie-horeca","8":"product_cat-intercoms-pour-le-ski-fr","9":"product_cat-intercoms-pour-les-sports-cyclistes","11":"first","12":"instock","13":"taxable","14":"shipping-taxable","15":"purchasable","16":"product-type-simple"},"acf":[],"_links":{"self":[{"href":"https:\/\/mexpo.eu\/fr\/wp-json\/wp\/v2\/product\/63416","targetHints":{"allow":["GET"]}}],"collection":[{"href":"https:\/\/mexpo.eu\/fr\/wp-json\/wp\/v2\/product"}],"about":[{"href":"https:\/\/mexpo.eu\/fr\/wp-json\/wp\/v2\/types\/product"}],"wp:featuredmedia":[{"embeddable":true,"href":"https:\/\/mexpo.eu\/fr\/wp-json\/wp\/v2\/media\/51545"}],"wp:attachment":[{"href":"https:\/\/mexpo.eu\/fr\/wp-json\/wp\/v2\/media?parent=63416"}],"wp:term":[{"taxonomy":"product_brand","embeddable":true,"href":"https:\/\/mexpo.eu\/fr\/wp-json\/wp\/v2\/product_brand?post=63416"},{"taxonomy":"product_cat","embeddable":true,"href":"https:\/\/mexpo.eu\/fr\/wp-json\/wp\/v2\/product_cat?post=63416"},{"taxonomy":"product_tag","embeddable":true,"href":"https:\/\/mexpo.eu\/fr\/wp-json\/wp\/v2\/product_tag?post=63416"}],"curies":[{"name":"wp","href":"https:\/\/api.w.org\/{rel}","templated":true}]}}