{"id":63402,"date":"2025-02-17T13:34:30","date_gmt":"2025-02-17T13:34:30","guid":{"rendered":"https:\/\/mexpo.pl?post_type=product&#038;p=63402"},"modified":"2025-02-17T15:05:05","modified_gmt":"2025-02-17T15:05:05","slug":"gst-bt-micro-casque-pour-gst-g2-g3-eqs-4-ski-1-velo-1","status":"publish","type":"product","link":"https:\/\/mexpo.eu\/fr\/produkt\/gst-bt-micro-casque-pour-gst-g2-g3-eqs-4-ski-1-velo-1\/","title":{"rendered":"GST-BT: micro-casque pour GST G2, G3, EQS-4, SKI-1, VELO-1"},"content":{"rendered":"<p><span data-sheets-root=\"1\" data-sheets-value=\"{&quot;1&quot;:2,&quot;2&quot;:&quot;Le casque Bluetooth pour les interphones de la s\u00e9rie GST peut \u00e9galement \u00eatre utilis\u00e9 en m\u00eame temps qu'un t\u00e9l\u00e9phone \u00e9quip\u00e9 de Bluetooth. Bouton PTT sans fil confortable avec une courroie arri\u00e8re du doigt.&quot;}\" data-sheets-userformat=\"{&quot;2&quot;:1389449,&quot;3&quot;:{&quot;1&quot;:0},&quot;6&quot;:{&quot;1&quot;:[{&quot;1&quot;:2,&quot;2&quot;:0,&quot;5&quot;:{&quot;1&quot;:2,&quot;2&quot;:4031942}},{&quot;1&quot;:0,&quot;2&quot;:0,&quot;3&quot;:3},{&quot;1&quot;:1,&quot;2&quot;:0,&quot;4&quot;:1}]},&quot;10&quot;:1,&quot;11&quot;:4,&quot;12&quot;:0,&quot;15&quot;:&quot;Barlow&quot;,&quot;16&quot;:12,&quot;19&quot;:0,&quot;21&quot;:0,&quot;23&quot;:2}\" data-sheets-formula=\"=GOOGLETRANSLATE(R[0]C[-1];&quot;auto&quot;;&quot;fr&quot;)\">Le casque Bluetooth pour les interphones de la s\u00e9rie GST peut \u00e9galement \u00eatre utilis\u00e9 en m\u00eame temps qu&#8217;un t\u00e9l\u00e9phone \u00e9quip\u00e9 de Bluetooth. Bouton PTT sans fil confortable avec une courroie arri\u00e8re du doigt.<\/span><\/p>\n","protected":false},"excerpt":{"rendered":"<p><span data-sheets-root=\"1\" data-sheets-value=\"{&quot;1&quot;:2,&quot;2&quot;:&quot;Le casque Bluetooth pour les interphones de la s\u00e9rie GST peut \u00e9galement \u00eatre utilis\u00e9 en m\u00eame temps qu'un t\u00e9l\u00e9phone \u00e9quip\u00e9 de Bluetooth. Bouton PTT sans fil confortable avec une courroie arri\u00e8re du doigt.&quot;}\" data-sheets-userformat=\"{&quot;2&quot;:1389449,&quot;3&quot;:{&quot;1&quot;:0},&quot;6&quot;:{&quot;1&quot;:[{&quot;1&quot;:2,&quot;2&quot;:0,&quot;5&quot;:{&quot;1&quot;:2,&quot;2&quot;:4031942}},{&quot;1&quot;:0,&quot;2&quot;:0,&quot;3&quot;:3},{&quot;1&quot;:1,&quot;2&quot;:0,&quot;4&quot;:1}]},&quot;10&quot;:1,&quot;11&quot;:4,&quot;12&quot;:0,&quot;15&quot;:&quot;Barlow&quot;,&quot;16&quot;:12,&quot;19&quot;:0,&quot;21&quot;:0,&quot;23&quot;:2}\" data-sheets-formula=\"=GOOGLETRANSLATE(R[0]C[-1];&quot;auto&quot;;&quot;fr&quot;)\">Le casque Bluetooth pour les interphones de la s\u00e9rie GST peut \u00e9galement \u00eatre utilis\u00e9 en m\u00eame temps qu&#8217;un t\u00e9l\u00e9phone \u00e9quip\u00e9 de Bluetooth. Bouton PTT sans fil confortable avec une courroie arri\u00e8re du doigt.<\/span><\/p>\n","protected":false},"featured_media":51453,"template":"","meta":{"_acf_changed":false},"product_brand":[],"product_cat":[5181,5449,5946,5966,5452,5963],"product_tag":[],"class_list":{"0":"post-63402","1":"product","2":"type-product","3":"status-publish","4":"has-post-thumbnail","6":"product_cat-headsets-systemes-dinterphone","7":"product_cat-intercom-pour-la-gastronomie-horeca","8":"product_cat-intercoms-pour-lequitation-fr","9":"product_cat-intercoms-pour-le-ski-fr","10":"product_cat-intercoms-pour-les-sports-cyclistes","11":"product_cat-mguide-gst-fr","13":"first","14":"instock","15":"taxable","16":"shipping-taxable","17":"purchasable","18":"product-type-simple"},"acf":[],"_links":{"self":[{"href":"https:\/\/mexpo.eu\/fr\/wp-json\/wp\/v2\/product\/63402","targetHints":{"allow":["GET"]}}],"collection":[{"href":"https:\/\/mexpo.eu\/fr\/wp-json\/wp\/v2\/product"}],"about":[{"href":"https:\/\/mexpo.eu\/fr\/wp-json\/wp\/v2\/types\/product"}],"wp:featuredmedia":[{"embeddable":true,"href":"https:\/\/mexpo.eu\/fr\/wp-json\/wp\/v2\/media\/51453"}],"wp:attachment":[{"href":"https:\/\/mexpo.eu\/fr\/wp-json\/wp\/v2\/media?parent=63402"}],"wp:term":[{"taxonomy":"product_brand","embeddable":true,"href":"https:\/\/mexpo.eu\/fr\/wp-json\/wp\/v2\/product_brand?post=63402"},{"taxonomy":"product_cat","embeddable":true,"href":"https:\/\/mexpo.eu\/fr\/wp-json\/wp\/v2\/product_cat?post=63402"},{"taxonomy":"product_tag","embeddable":true,"href":"https:\/\/mexpo.eu\/fr\/wp-json\/wp\/v2\/product_tag?post=63402"}],"curies":[{"name":"wp","href":"https:\/\/api.w.org\/{rel}","templated":true}]}}