{"id":63395,"date":"2025-02-17T13:34:30","date_gmt":"2025-02-17T13:34:30","guid":{"rendered":"https:\/\/mexpo.pl?post_type=product&#038;p=63395"},"modified":"2025-02-17T15:05:03","modified_gmt":"2025-02-17T15:05:03","slug":"bandouliere-ap-1","status":"publish","type":"product","link":"https:\/\/mexpo.eu\/fr\/produkt\/bandouliere-ap-1\/","title":{"rendered":"Bandouli\u00e8re AP-1"},"content":{"rendered":"<p>Pochette avec bandouli\u00e8re \u00e9lastique. Gr\u00e2ce au mat\u00e9riau souple, la bandouli\u00e8re reste en place et l&#8217;appareil est prot\u00e9g\u00e9 de l&#8217;humidit\u00e9 et de la poussi\u00e8re.<\/p>\n","protected":false},"excerpt":{"rendered":"<p>Pochette avec bandouli\u00e8re \u00e9lastique. Gr\u00e2ce au mat\u00e9riau souple, la bandouli\u00e8re reste en place et l&#8217;appareil est prot\u00e9g\u00e9 de l&#8217;humidit\u00e9 et de la poussi\u00e8re.<\/p>\n","protected":false},"featured_media":51437,"template":"","meta":{"_acf_changed":false},"product_brand":[],"product_cat":[5264],"product_tag":[],"class_list":{"0":"post-63395","1":"product","2":"type-product","3":"status-publish","4":"has-post-thumbnail","6":"product_cat-autres-accessoires","8":"first","9":"instock","10":"taxable","11":"shipping-taxable","12":"purchasable","13":"product-type-simple"},"acf":[],"_links":{"self":[{"href":"https:\/\/mexpo.eu\/fr\/wp-json\/wp\/v2\/product\/63395","targetHints":{"allow":["GET"]}}],"collection":[{"href":"https:\/\/mexpo.eu\/fr\/wp-json\/wp\/v2\/product"}],"about":[{"href":"https:\/\/mexpo.eu\/fr\/wp-json\/wp\/v2\/types\/product"}],"wp:featuredmedia":[{"embeddable":true,"href":"https:\/\/mexpo.eu\/fr\/wp-json\/wp\/v2\/media\/51437"}],"wp:attachment":[{"href":"https:\/\/mexpo.eu\/fr\/wp-json\/wp\/v2\/media?parent=63395"}],"wp:term":[{"taxonomy":"product_brand","embeddable":true,"href":"https:\/\/mexpo.eu\/fr\/wp-json\/wp\/v2\/product_brand?post=63395"},{"taxonomy":"product_cat","embeddable":true,"href":"https:\/\/mexpo.eu\/fr\/wp-json\/wp\/v2\/product_cat?post=63395"},{"taxonomy":"product_tag","embeddable":true,"href":"https:\/\/mexpo.eu\/fr\/wp-json\/wp\/v2\/product_tag?post=63395"}],"curies":[{"name":"wp","href":"https:\/\/api.w.org\/{rel}","templated":true}]}}