{"id":63389,"date":"2025-02-17T13:34:11","date_gmt":"2025-02-17T13:34:11","guid":{"rendered":"https:\/\/mexpo.pl?post_type=product&#038;p=63389"},"modified":"2025-02-17T15:04:58","modified_gmt":"2025-02-17T15:04:58","slug":"ensemble-okayo-otg-102-502","status":"publish","type":"product","link":"https:\/\/mexpo.eu\/fr\/produkt\/ensemble-okayo-otg-102-502\/","title":{"rendered":"Ensemble Okayo OTG-102 (50+2)"},"content":{"rendered":"<p>Un ensemble compos\u00e9 de r\u00e9cepteurs OTG-102 (50 pi\u00e8ces) et d&#8217;\u00e9metteurs (2 pi\u00e8ces), fabriqu\u00e9s en 2023 et utilis\u00e9s pendant la saison estivale 2023 par un client.<\/p>\n<p>Garantie &#8211; 2 ans.<\/p>\n<p>L&#8217;ensemble NE comprend PAS\u00a0:<br \/>\n&#8211; \u00e9couteurs<br \/>\n&#8211; micros<br \/>\n&#8211; batteries\/batteries-chargeurs rechargeables<br \/>\n&#8211; laisse<br \/>\n&#8211; sac\/\u00e9tui<\/p>\n<p><strong>Applications:<\/strong><\/p>\n<ul>\n<li>visites guid\u00e9es de groupes de touristes organis\u00e9s<\/li>\n<li>communication avec un groupe dans un environnement bruyant<\/li>\n<li>formation<\/li>\n<li>traductions simultan\u00e9es<\/li>\n<li>conf\u00e9rences<\/li>\n<li>entra\u00eenements sportifs<\/li>\n<\/ul>\n<p>Caract\u00e9ristiques de Okayo OTG-102 mGuide\u24c7:<\/p>\n<ul>\n<li>modulation de transmission num\u00e9rique 4GFSK avec technologie de r\u00e9duction du bruit<\/li>\n<li>Active Dynamic Noise Reduction et son r\u00e9glage par l&#8217;utilisateur<\/li>\n<li>42 canaux dans les bandes de fr\u00e9quences 823 MHz ~ 832 MHz et 865 MHz ~ 863 MHz plus la bande des \u00c9tats Unis<\/li>\n<li>transmission de deux \u00e9metteurs simultan\u00e9ment sur le m\u00eame canal<\/li>\n<li>port\u00e9e dans la ligne de mire plus de 100 m\u00e8tres<\/li>\n<li>plus de 40 heures de fonctionnement du r\u00e9cepteur avec une seule alimentation: 2x pile alcaline AA 1.5V \/ 2x AA Ni-MH 1.2V<\/li>\n<li>fonctionnement de l&#8217;\u00e9metteur et du r\u00e9cepteur avec une seule pile ou batterie AA rechargeable<\/li>\n<li>synchronisation automatique et couplage des r\u00e9cepteurs \u00e0 l&#8217;\u00e9metteur, fonction de recherche de canal sans interf\u00e9rence<\/li>\n<li>s\u00e9lection de canaux simultan\u00e9s uniquement: une option pour interpr\u00e8tes et plusieurs groupes dans la m\u00eame zone<\/li>\n<li>3 modes de gestion de groupe: Alarm, Roll-Call, Out-of-Range Alarm<\/li>\n<li>possibilit\u00e9 d&#8217;\u00e9teindre rapidement les r\u00e9cepteurs: \u00e9teindre l&#8217;\u00e9metteur \u00e9teindra imm\u00e9diatement les r\u00e9cepteurs coupl\u00e9s<\/li>\n<li>prise st\u00e9r\u00e9o aux-in 3,5 mm sur l&#8217;\u00e9metteur avec option Audio Priority<\/li>\n<li>facilit\u00e9s pour les personnes en situation de handicap: \u00e9cran OLED sur l&#8217;\u00e9metteur et HAC sur les r\u00e9cepteurs<\/li>\n<\/ul>\n","protected":false},"excerpt":{"rendered":"<p>Ensemble de guide touristique OTG-102 compos\u00e9 de 2 \u00e9metteurs et 50 r\u00e9cepteurs. Produit en 2023. Utilis\u00e9 uniquement par 1 client.<\/p>\n","protected":false},"featured_media":51417,"template":"","meta":{"_acf_changed":false},"product_brand":[],"product_cat":[5927],"product_tag":[],"class_list":{"0":"post-63389","1":"product","2":"type-product","3":"status-publish","4":"has-post-thumbnail","6":"product_cat-outlet-fr","8":"first","9":"instock","10":"taxable","11":"shipping-taxable","12":"purchasable","13":"product-type-simple"},"acf":[],"_links":{"self":[{"href":"https:\/\/mexpo.eu\/fr\/wp-json\/wp\/v2\/product\/63389","targetHints":{"allow":["GET"]}}],"collection":[{"href":"https:\/\/mexpo.eu\/fr\/wp-json\/wp\/v2\/product"}],"about":[{"href":"https:\/\/mexpo.eu\/fr\/wp-json\/wp\/v2\/types\/product"}],"wp:featuredmedia":[{"embeddable":true,"href":"https:\/\/mexpo.eu\/fr\/wp-json\/wp\/v2\/media\/51417"}],"wp:attachment":[{"href":"https:\/\/mexpo.eu\/fr\/wp-json\/wp\/v2\/media?parent=63389"}],"wp:term":[{"taxonomy":"product_brand","embeddable":true,"href":"https:\/\/mexpo.eu\/fr\/wp-json\/wp\/v2\/product_brand?post=63389"},{"taxonomy":"product_cat","embeddable":true,"href":"https:\/\/mexpo.eu\/fr\/wp-json\/wp\/v2\/product_cat?post=63389"},{"taxonomy":"product_tag","embeddable":true,"href":"https:\/\/mexpo.eu\/fr\/wp-json\/wp\/v2\/product_tag?post=63389"}],"curies":[{"name":"wp","href":"https:\/\/api.w.org\/{rel}","templated":true}]}}