{"id":63374,"date":"2025-02-17T13:34:10","date_gmt":"2025-02-17T13:34:10","guid":{"rendered":"https:\/\/mexpo.pl?post_type=product&#038;p=63374"},"modified":"2025-02-17T15:04:50","modified_gmt":"2025-02-17T15:04:50","slug":"ski-1-11-ensemble-semi-duplex-bidirectionnel-pour-la-communication-entre-le-moniteur-de-ski-et-son-eleve","status":"publish","type":"product","link":"https:\/\/mexpo.eu\/fr\/produkt\/ski-1-11-ensemble-semi-duplex-bidirectionnel-pour-la-communication-entre-le-moniteur-de-ski-et-son-eleve\/","title":{"rendered":"SKI-1 (1+1) &#8211; Ensemble semi-duplex bidirectionnel pour la communication entre le moniteur de ski et son \u00e9l\u00e8ve"},"content":{"rendered":"<p>Une communication efficace est essentielle \u00e0 la r\u00e9ussite de toute formation, y compris l\u2019apprentissage du ski. Notre syst\u00e8me est bas\u00e9 sur l&#8217;intercom bidirectionnel semi-duplex mGuide GST-G3 qui permet \u00e0 un moniteur de ski de parler \u00e0 un \u00e9l\u00e8ve sur la plus grande distance de tous nos syst\u00e8mes: jusqu&#8217;\u00e0 2 km en terrain d\u00e9couvert. Interkom mGuide est \u00e9galement id\u00e9al pour discuter en skiant en famille ou avec un groupe d&#8217;amis. La communication en mode PTT (push to talk, appuyez pour parler) facilitera les autres conversations tant pour l&#8217;instructeur de ski que pour l&#8217;\u00e9l\u00e8ve qui ne seront pas transmises lorsque le bouton n&#8217;est pas enfonc\u00e9.<\/p>\n<p>L&#8217;ensemble contient:<br \/>\n&#8211; Radio GST G2: 2 unit\u00e9s<br \/>\n&#8211; Casque pour GST G2\/G3 &#8211; pour casque : GST-HLT (podkaskowy), GST-E005 et GST-E007: 2 unit\u00e9s<br \/>\n&#8211; brassard SPORT universel: 2 unit\u00e9s<\/p>\n","protected":false},"excerpt":{"rendered":"<p>Jeu de deux intercoms pour communiquer pendant l&#8217;apprentissage du ski, comprenant des \u00e9couteurs et un \u00e9tui en forme de brassard confortable. mGuide SKI-1 peut \u00eatre utilis\u00e9 pour vous aider \u00e0 trouver les informations n\u00e9cessaires \u00e0 votre voyage.<\/p>\n","protected":false},"featured_media":51393,"template":"","meta":{"_acf_changed":false},"product_brand":[],"product_cat":[5966],"product_tag":[],"class_list":{"0":"post-63374","1":"product","2":"type-product","3":"status-publish","4":"has-post-thumbnail","6":"product_cat-intercoms-pour-le-ski-fr","8":"first","9":"instock","10":"taxable","11":"shipping-taxable","12":"purchasable","13":"product-type-simple"},"acf":[],"_links":{"self":[{"href":"https:\/\/mexpo.eu\/fr\/wp-json\/wp\/v2\/product\/63374","targetHints":{"allow":["GET"]}}],"collection":[{"href":"https:\/\/mexpo.eu\/fr\/wp-json\/wp\/v2\/product"}],"about":[{"href":"https:\/\/mexpo.eu\/fr\/wp-json\/wp\/v2\/types\/product"}],"wp:featuredmedia":[{"embeddable":true,"href":"https:\/\/mexpo.eu\/fr\/wp-json\/wp\/v2\/media\/51393"}],"wp:attachment":[{"href":"https:\/\/mexpo.eu\/fr\/wp-json\/wp\/v2\/media?parent=63374"}],"wp:term":[{"taxonomy":"product_brand","embeddable":true,"href":"https:\/\/mexpo.eu\/fr\/wp-json\/wp\/v2\/product_brand?post=63374"},{"taxonomy":"product_cat","embeddable":true,"href":"https:\/\/mexpo.eu\/fr\/wp-json\/wp\/v2\/product_cat?post=63374"},{"taxonomy":"product_tag","embeddable":true,"href":"https:\/\/mexpo.eu\/fr\/wp-json\/wp\/v2\/product_tag?post=63374"}],"curies":[{"name":"wp","href":"https:\/\/api.w.org\/{rel}","templated":true}]}}