{"id":63337,"date":"2025-02-17T13:33:47","date_gmt":"2025-02-17T13:33:47","guid":{"rendered":"https:\/\/mexpo.pl?post_type=product&#038;p=63337"},"modified":"2025-06-26T11:09:25","modified_gmt":"2025-06-26T11:09:25","slug":"lanieres-personnalisees","status":"publish","type":"product","link":"https:\/\/mexpo.eu\/fr\/produkt\/lanieres-personnalisees\/","title":{"rendered":"Lani\u00e8res personnalis\u00e9es"},"content":{"rendered":"<p>En plus de leur fonction de base &#8211; prot\u00e9ger l&#8217;\u00e9quipement contre les chutes &#8211; les cordons servent \u00e9galement de publicit\u00e9 ou simplement de marquage individuel du kit de guide touristique achet\u00e9.<\/p>\n<p>La laisse est en tissu artificiel, termin\u00e9e par une boucle amovible avec ce qu&#8217;on appelle moustaches (une boucle pour attacher l&#8217;appareil). 3 largeurs de laisse au choix.<\/p>\n<p>L&#8217;impression sur le cordon peut \u00eatre recto-verso ou simple face.<\/p>\n","protected":false},"excerpt":{"rendered":"<p>Choisissez des cordons personnalis\u00e9s si vous souhaitez que l&#8217;ensemble que vous avez achet\u00e9 soit \u00e0 la fois une vitrine et une publicit\u00e9 pour votre entreprise, ou si vous souhaitez simplement que votre groupe se d\u00e9marque de la foule.<\/p>\n<p>Vous pouvez apposer votre propre impression sur le cordon, choisir sa couleur et sa largeur.<\/p>\n[contact-form-7 id=\"3112e65\" title=\"Smycze personalizowane\"]\n","protected":false},"featured_media":51295,"template":"","meta":{"_acf_changed":false},"product_brand":[],"product_cat":[5189,5185],"product_tag":[],"class_list":{"0":"post-63337","1":"product","2":"type-product","3":"status-publish","4":"has-post-thumbnail","6":"product_cat-cordons-tour-de-cou","7":"product_cat-hygiene-fr","9":"first","10":"onbackorder","11":"taxable","12":"shipping-taxable","13":"product-type-simple"},"acf":[],"_links":{"self":[{"href":"https:\/\/mexpo.eu\/fr\/wp-json\/wp\/v2\/product\/63337","targetHints":{"allow":["GET"]}}],"collection":[{"href":"https:\/\/mexpo.eu\/fr\/wp-json\/wp\/v2\/product"}],"about":[{"href":"https:\/\/mexpo.eu\/fr\/wp-json\/wp\/v2\/types\/product"}],"wp:featuredmedia":[{"embeddable":true,"href":"https:\/\/mexpo.eu\/fr\/wp-json\/wp\/v2\/media\/51295"}],"wp:attachment":[{"href":"https:\/\/mexpo.eu\/fr\/wp-json\/wp\/v2\/media?parent=63337"}],"wp:term":[{"taxonomy":"product_brand","embeddable":true,"href":"https:\/\/mexpo.eu\/fr\/wp-json\/wp\/v2\/product_brand?post=63337"},{"taxonomy":"product_cat","embeddable":true,"href":"https:\/\/mexpo.eu\/fr\/wp-json\/wp\/v2\/product_cat?post=63337"},{"taxonomy":"product_tag","embeddable":true,"href":"https:\/\/mexpo.eu\/fr\/wp-json\/wp\/v2\/product_tag?post=63337"}],"curies":[{"name":"wp","href":"https:\/\/api.w.org\/{rel}","templated":true}]}}