{"id":63274,"date":"2025-02-17T13:32:40","date_gmt":"2025-02-17T13:32:40","guid":{"rendered":"https:\/\/mexpo.pl?post_type=product&#038;p=63274"},"modified":"2025-02-17T15:03:41","modified_gmt":"2025-02-17T15:03:41","slug":"systeme-de-visite-guidee-okayo-earme-l-442","status":"publish","type":"product","link":"https:\/\/mexpo.eu\/fr\/produkt\/systeme-de-visite-guidee-okayo-earme-l-442\/","title":{"rendered":"Syst\u00e8me de visite guid\u00e9e \u2013 Okayo EarMe | L (44+2)"},"content":{"rendered":"<p><strong>Contenu du set:<\/strong><br \/>\n\u2013 44 r\u00e9cepteurs Okayo EarMe<br \/>\n\u2013 2 \u00e9metteurs Okayo EarMe<br \/>\n\u2013 2 chargeures C222<br \/>\n\u2013 2 microphones HEM-100A<\/p>\n<p>Okayo EarMe est un syst\u00e8me tourguide num\u00e9rique moderne pour les visites guid\u00e9es avec le fonctionnement le plus simple possible. Si ce n&#8217;\u00e9tait du fait que les r\u00e9cepteurs sont \u00e9quip\u00e9s d&#8217;un contr\u00f4le du volume, on pourrait dire qu&#8217;il s&#8217;agit d&#8217;un mod\u00e8le qui ne n\u00e9cessite aucune intervention de la part de l&#8217;utilisateur.<\/p>\n<p>Outre la simplicit\u00e9 d&#8217;utilisation, l&#8217;avantage incontestable du r\u00e9cepteur EarMe est l&#8217;absence de c\u00e2bles, et plus pr\u00e9cis\u00e9ment de l&#8217;\u00e9couteur sur le c\u00e2ble qu&#8217;il faudrait brancher \u00e0 la prise appropri\u00e9e comme sur d&#8217;autres mod\u00e8les. Avec l&#8217;ensemble tourguide EarMe, nous n&#8217;avons plus besoin d&#8217;acheter des \u00e9couteurs pour les r\u00e9cepteurs. Plus de c\u00e2bles emm\u00eal\u00e9s, d&#8217;\u00e9couteurs r\u00e9utilisables perdus ou de pr\u00e9paration du bon nombre d&#8217;\u00e9couteurs jetables.<\/p>\n<p>Il s&#8217;agit du premier mod\u00e8le du syst\u00e8me Okayo tourguide dont le r\u00e9cepteur se pr\u00e9sente sous la forme d&#8217;un \u00e9couteur. Le r\u00e9cepteur- \u00e9couteur peut \u00eatre port\u00e9 \u00e0 la fois sur l&#8217;oreille droite et sur l&#8217;oreille gauche. Il est compact, l\u00e9ger, r\u00e9sistant aux dommages et facile \u00e0 d\u00e9sinfecter. Le r\u00e9cepteur EarMe peut \u00eatre utilis\u00e9 avec la housse hygi\u00e9nique jetable NHS-55. Le r\u00e9cepteur ne comporte que deux boutons qui servent \u00e0 la fois \u00e0 allumer et \u00e9teindre et au r\u00e9glage du volume.<\/p>\n<p>Lors de la premi\u00e8re activation, l&#8217;\u00e9metteur est appari\u00e9 avec les r\u00e9cepteurs. D&#8217;autres r\u00e9cepteurs peuvent \u00eatre coupl\u00e9s en cours d&#8217;utilisation. Lorsqu&#8217;il est \u00e9teint, le set m\u00e9morise le groupe appari\u00e9. L&#8217;\u00e9metteur permet de changer de canal \u00e0 distance sur tous les r\u00e9cepteurs appair\u00e9s, ce qui se fait de mani\u00e8re imperceptible pour les utilisateurs. Lorsque l&#8217;\u00e9metteur est \u00e9teint, les r\u00e9cepteurs s&#8217;\u00e9teignent automatiquement apr\u00e8s 5 minutes.<\/p>\n<p>Caract\u00e9ristiques du mod\u00e8le:<\/p>\n<ul>\n<li>r\u00e9cepteur sous forme d\u2019\u00e9couteur sans c\u00e2ble<\/li>\n<li>port\u00e9e de 80 m\u00e8tres<\/li>\n<li>dur\u00e9e de fonctionnement de m\u00edn.10 heures<\/li>\n<li>r\u00e9cepteur avec \u00e9couteur int\u00e9gr\u00e9 adapt\u00e9 \u00e0 la fois \u00e0 l&#8217;oreille droite et \u00e0 l&#8217;oreille gauche<\/li>\n<li>d\u00e9sinfection facile du r\u00e9cepteur<\/li>\n<li>utilisation du r\u00e9cepteur \u00e0 2 boutons<\/li>\n<li>couplage automatique et simple avec l&#8217;\u00e9metteur<\/li>\n<li>lorsqu&#8217;ils sont \u00e9teints, les r\u00e9cepteurs ne sont pas d\u00e9coupl\u00e9s<\/li>\n<li>possibilit\u00e9 de v\u00e9rifier le niveau de la batterie lorsque le r\u00e9cepteur est \u00e9teint<\/li>\n<li>chargeurs l\u00e9gers avec contacts magn\u00e9tiques pour une charge rapide \u00e0 domicile<\/li>\n<li>le r\u00e9cepteur le plus l\u00e9ger ne p\u00e8se que 20 grammes<\/li>\n<\/ul>\n","protected":false},"excerpt":{"rendered":"<p>Okayo EarMe est un syst\u00e8me de guide touristique compact d\u00e9di\u00e9 au tourisme et aux affaires. Il se distingue par un r\u00e9cepteur ultra l\u00e9ger sous la forme d&#8217;un casque supra-auriculaire sans fil.<\/p>\n","protected":false},"featured_media":51119,"template":"","meta":{"_acf_changed":false},"product_brand":[],"product_cat":[5175],"product_tag":[],"class_list":{"0":"post-63274","1":"product","2":"type-product","3":"status-publish","4":"has-post-thumbnail","6":"product_cat-sets-tour-guide","8":"first","9":"instock","10":"taxable","11":"shipping-taxable","12":"purchasable","13":"product-type-simple"},"acf":[],"_links":{"self":[{"href":"https:\/\/mexpo.eu\/fr\/wp-json\/wp\/v2\/product\/63274","targetHints":{"allow":["GET"]}}],"collection":[{"href":"https:\/\/mexpo.eu\/fr\/wp-json\/wp\/v2\/product"}],"about":[{"href":"https:\/\/mexpo.eu\/fr\/wp-json\/wp\/v2\/types\/product"}],"wp:featuredmedia":[{"embeddable":true,"href":"https:\/\/mexpo.eu\/fr\/wp-json\/wp\/v2\/media\/51119"}],"wp:attachment":[{"href":"https:\/\/mexpo.eu\/fr\/wp-json\/wp\/v2\/media?parent=63274"}],"wp:term":[{"taxonomy":"product_brand","embeddable":true,"href":"https:\/\/mexpo.eu\/fr\/wp-json\/wp\/v2\/product_brand?post=63274"},{"taxonomy":"product_cat","embeddable":true,"href":"https:\/\/mexpo.eu\/fr\/wp-json\/wp\/v2\/product_cat?post=63274"},{"taxonomy":"product_tag","embeddable":true,"href":"https:\/\/mexpo.eu\/fr\/wp-json\/wp\/v2\/product_tag?post=63274"}],"curies":[{"name":"wp","href":"https:\/\/api.w.org\/{rel}","templated":true}]}}