{"id":63204,"date":"2025-02-17T13:17:06","date_gmt":"2025-02-17T13:17:06","guid":{"rendered":"https:\/\/mexpo.pl?post_type=product&#038;p=63204"},"modified":"2026-02-20T13:12:35","modified_gmt":"2026-02-20T12:12:35","slug":"axiwi-at-350-set-de-10-unites-plus-accessoires-intercom-numerique-sans-fil-en-duplex-integral-pour-le-bureau-lusine-le-sport","status":"publish","type":"product","link":"https:\/\/mexpo.eu\/fr\/produkt\/axiwi-at-350-set-de-10-unites-plus-accessoires-intercom-numerique-sans-fil-en-duplex-integral-pour-le-bureau-lusine-le-sport\/","title":{"rendered":"Axiwi AT-350 set de 10 unit\u00e9s plus accessoires: intercom num\u00e9rique sans fil, en duplex int\u00e9gral pour le bureau, l&#8217;usine, le sport"},"content":{"rendered":"<div class=\"wpb-content-wrapper\"><p>[vc_row][vc_column][vc_video link=&#8221;https:\/\/www.youtube.com\/watch?v=0OMtN_QBG-Y&#8221;][vc_column_text css=&#8221;&#8221;]<\/p>\n<p><strong>Le d\u00e9lai de r\u00e9alisation de la commande est de 7 \u00e0 10 jours ouvrables.<\/strong><\/p>\n<p>L\u2019intercom AXIWI AT-350 est un syst\u00e8me de communication sans fil bidirectionnel en mode full duplex (conf\u00e9rence).<\/p>\n<p><strong>Contenu du kit :<\/strong><\/p>\n<ul>\n<li>\n<p data-path-to-node=\"8,0,0\"><b data-path-to-node=\"8,0,0\" data-index-in-node=\"0\">Intercom sans fil AT-350<\/b> \u2013 10 pcs.<\/p>\n<\/li>\n<li>\n<p data-path-to-node=\"8,1,0\"><b data-path-to-node=\"8,1,0\" data-index-in-node=\"0\">Micro-casque mono HE-001<\/b> \u2013 1 pc.<\/p>\n<\/li>\n<li>\n<p data-path-to-node=\"8,2,0\"><b data-path-to-node=\"8,2,0\" data-index-in-node=\"0\">Micro-casque avec microphone HE-003<\/b> \u2013 9 pcs.<\/p>\n<\/li>\n<li>\n<p data-path-to-node=\"8,3,0\"><b data-path-to-node=\"8,3,0\" data-index-in-node=\"0\">Bandouli\u00e8re AT-350 OSFA (ou SP-1)<\/b> \u2013 10 pcs.<\/p>\n<\/li>\n<li>\n<p data-path-to-node=\"8,4,0\"><b data-path-to-node=\"8,4,0\" data-index-in-node=\"0\">Station de charge d\u00e9di\u00e9e pour 10 appareils<\/b> \u2013 1 pc.<\/p>\n<\/li>\n<li>\n<p data-path-to-node=\"8,5,0\"><b data-path-to-node=\"8,5,0\" data-index-in-node=\"0\">Mallette de transport pour 10 appareils<\/b> \u2013 1 pc.<\/p>\n<\/li>\n<\/ul>\n<p><strong>Applications :<\/strong><\/p>\n<ul>\n<li>Communication entre les arbitres assistants, l\u2019arbitre principal et le VAR lors des matchs de football<\/li>\n<li>Communication arbitrale dans d\u2019autres disciplines sportives<\/li>\n<li>Communication dans le sport \u2013 entre l\u2019entra\u00eeneur et les joueurs<\/li>\n<li>Communication au sein de l\u2019\u00e9quipe de tournage \u2013 \u00e9change libre d\u2019informations entre l\u2019op\u00e9rateur, le r\u00e9alisateur et le producteur sur le plateau de tournage<\/li>\n<li>Communication des \u00e9quipes de travail sur la ligne de production ou dans les entrep\u00f4ts, centres de tri ou autres environnements industriels<\/li>\n<li>Communication pendant les formations sur le lieu de travail ou sur le terrain<\/li>\n<li>Communication dans les restaurants entre la cuisine et les serveurs<\/li>\n<li>Communication lors de l\u2019organisation d\u2019\u00e9v\u00e9nements, de concerts ou de pr\u00e9sentations<\/li>\n<\/ul>\n<p><strong>Caract\u00e9ristiques de l\u2019intercom sans fil AXIWI AT-350 :<\/strong><\/p>\n<ul>\n<li>Communication fluide en full duplex (comme un appel t\u00e9l\u00e9phonique, mais avec une meilleure qualit\u00e9)<\/li>\n<li>Taille et poids r\u00e9duits<\/li>\n<li>Grande port\u00e9e<\/li>\n<li>\u00c9tanch\u00e9it\u00e9<\/li>\n<li>Facilit\u00e9 d\u2019utilisation<\/li>\n<li>Large choix d\u2019accessoires<\/li>\n<\/ul>\n<p><strong>Sp\u00e9cifications techniques :<\/strong><\/p>\n<ul>\n<li>6 personnes peuvent communiquer simultan\u00e9ment en full duplex par canal, les autres en mode \u00e9coute<\/li>\n<li>Jusqu\u2019\u00e0 250 utilisateurs par canal<\/li>\n<li>Libert\u00e9 de passer du full duplex au mode \u00e9coute<\/li>\n<li>Plage de fr\u00e9quences : 863-865 MHz (sans licence en Europe)<\/li>\n<li>Modulation num\u00e9rique GFSK<\/li>\n<li>8 canaux (8 groupes peuvent fonctionner ind\u00e9pendamment, sans interf\u00e9rence, dans la m\u00eame zone)<\/li>\n<li>Port\u00e9e de 300 m\u00e8tres en ligne de vue<\/li>\n<li>Dimensions : 78 x 38 x 19 mm<\/li>\n<li>Poids : 70 grammes (avec batterie)<\/li>\n<li>Prise casque\/micro TRRS de 3,5 mm<\/li>\n<li>Autonomie : 10 heures, temps de charge : 3~4 heures<\/li>\n<li>Indice de protection IP54<\/li>\n<\/ul>\n<p>[\/vc_column_text][\/vc_column][\/vc_row]<\/p>\n<\/div>","protected":false},"excerpt":{"rendered":"<p>Ensemble sans fil pour communication radio \u00c0 courte distance compos\u00e9 de 10 intercoms Axiwi AT-350 full-duplex. Longue port\u00e9e, \u00e9tanche, facile \u00e0 utiliser. Port\u00e9e 300 m\u00e8tres en ligne de mire.<\/p>\n","protected":false},"featured_media":49256,"template":"","meta":{"_acf_changed":false},"product_brand":[],"product_cat":[5309,5180],"product_tag":[],"class_list":{"0":"post-63204","1":"product","2":"type-product","3":"status-publish","4":"has-post-thumbnail","6":"product_cat-sets-dinterphone","7":"product_cat-systemes-dinterphone","9":"first","10":"instock","11":"taxable","12":"shipping-taxable","13":"purchasable","14":"product-type-simple"},"acf":[],"_links":{"self":[{"href":"https:\/\/mexpo.eu\/fr\/wp-json\/wp\/v2\/product\/63204","targetHints":{"allow":["GET"]}}],"collection":[{"href":"https:\/\/mexpo.eu\/fr\/wp-json\/wp\/v2\/product"}],"about":[{"href":"https:\/\/mexpo.eu\/fr\/wp-json\/wp\/v2\/types\/product"}],"wp:featuredmedia":[{"embeddable":true,"href":"https:\/\/mexpo.eu\/fr\/wp-json\/wp\/v2\/media\/49256"}],"wp:attachment":[{"href":"https:\/\/mexpo.eu\/fr\/wp-json\/wp\/v2\/media?parent=63204"}],"wp:term":[{"taxonomy":"product_brand","embeddable":true,"href":"https:\/\/mexpo.eu\/fr\/wp-json\/wp\/v2\/product_brand?post=63204"},{"taxonomy":"product_cat","embeddable":true,"href":"https:\/\/mexpo.eu\/fr\/wp-json\/wp\/v2\/product_cat?post=63204"},{"taxonomy":"product_tag","embeddable":true,"href":"https:\/\/mexpo.eu\/fr\/wp-json\/wp\/v2\/product_tag?post=63204"}],"curies":[{"name":"wp","href":"https:\/\/api.w.org\/{rel}","templated":true}]}}