{"id":63174,"date":"2025-02-17T13:17:06","date_gmt":"2025-02-17T12:17:06","guid":{"rendered":"https:\/\/mexpo.pl?post_type=product&#038;p=63174"},"modified":"2025-02-17T14:52:48","modified_gmt":"2025-02-17T14:52:48","slug":"axiwi-at-350-1-unite-plus-accessoires-intercom-numerique-sans-fil-en-duplex-integral-pour-le-bureau-lusine-le-sport","status":"publish","type":"product","link":"https:\/\/mexpo.eu\/fr\/produkt\/axiwi-at-350-1-unite-plus-accessoires-intercom-numerique-sans-fil-en-duplex-integral-pour-le-bureau-lusine-le-sport\/","title":{"rendered":"Axiwi AT-350 1 unit\u00e9 plus accessoires: intercom num\u00e9rique sans fil en duplex int\u00e9gral pour le bureau, l&#8217;usine, le sport"},"content":{"rendered":"<div class=\"wpb-content-wrapper\"><p>[vc_row][vc_column][vc_video link=&#8221;https:\/\/www.youtube.com\/watch?v=VaWrcxCCj4s&#8221;][vc_column_text]<strong>Termin realizacji zam\u00f3wienia to 7 &#8211; 10 dni roboczych.<\/strong><\/p>\n<p>Interkom AXIWI AT-350 to bezprzewodowy system komunikacji dwukierunkowej w trybie full duplex (konferencyjnym).<\/p>\n<p><span style=\"font-weight: 400;\">Dwukierunkowe systemy do komunikacji AXIWI znajduj\u0105 si\u0119 na <\/span><a href=\"https:\/\/www.fifa.com\/en\/technical\/football-technology\/standards\/video-assistant-referee\/var-iaap-technology\"><span style=\"font-weight: 400;\">li\u015bcie system\u00f3w do komunikacji s\u0119dziowskiej \u015bwiatowego zwi\u0105zku pi\u0142ki no\u017cnej FIFA<\/span><\/a><span style=\"font-weight: 400;\"> (F\u00e9d\u00e9ration Internationale de Football Association) AXIWI to profesjonalne systemy dla s\u0119dzi\u00f3w sportowych i s\u0105 u\u017cywane przez organizacje pi\u0142karskie i s\u0119dziowskie na ca\u0142ym \u015bwiecie. <\/span><a href=\"https:\/\/www.axiwi.com\/references-axiwi-wireless-communication-system\/\"><span style=\"font-weight: 400;\">Link do pozosta\u0142ych referencji.<\/span><\/a><\/p>\n<p><strong>Sk\u0142ad zestawu:<\/strong><\/p>\n<ul>\n<li>bezprzewodowy interkom AT-350 &#8211; 1 szt.<\/li>\n<li>zestaw s\u0142uchawkowo-mikrofonowy HE-009 &#8211; 1 szt.<\/li>\n<li>pasek na rami\u0119 OT-009 &#8211; 1 szt.<\/li>\n<li>\u0142adowarka sieciowa 1x USB CR-009 &#8211; 1 szt.<\/li>\n<li>kabel Micro USB CA-001 &#8211; 1 szt.<\/li>\n<\/ul>\n<p><strong>Zastosowanie:<\/strong><\/p>\n<ul>\n<li>komunikacja pomi\u0119dzy s\u0119dziami liniowymi, arbitrem g\u0142\u00f3wnym i VAR w meczach pi\u0142ki no\u017cnej<\/li>\n<li>komunikacja s\u0119dziowska w pozosta\u0142ych dyscyplinach<\/li>\n<li>komunikacja w sporcie &#8211; pomi\u0119dzy trenerem i zawodnikami<\/li>\n<li>komunikacja ekipy filmowej &#8211; swobodna wymiana informacji pomi\u0119dzy operatorem, re\u017cyserem, producentem na planie filmowym<\/li>\n<li>komunikacja zespo\u0142\u00f3w roboczych na linii produkcyjnej lub w magazynie, sortowni czy w innym \u015brodowisku przemys\u0142owym<\/li>\n<li>komunikacja podczas szkole\u0144 w miejscu pracy lub w terenie<\/li>\n<li>komunikacja w restauracji pomi\u0119dzy kuchni\u0105 i kelnerami<\/li>\n<li>komunikacja przy organizacji event\u00f3w, koncert\u00f3w, wyst\u0105pie\u0144<\/li>\n<\/ul>\n<p><strong>Cechy interkomu bezprzewodowego Axiwi AT-350<\/strong><\/p>\n<ul>\n<li>swobodna komunikacja w pe\u0142nym dupleksie (jak przez telefon, ale lepsza jako\u015b\u0107)<\/li>\n<li>niewielkie rozmiary i waga<\/li>\n<li>du\u017cy zasi\u0119g<\/li>\n<li>wodoszczelno\u015b\u0107<\/li>\n<li>prostota obs\u0142ugi<\/li>\n<li>bardzo du\u017cy wyb\u00f3r akcesori\u00f3w<\/li>\n<\/ul>\n<p><strong>Specyfikacja techniczna:<\/strong><br \/>\n6 os\u00f3b jednocze\u015bnie w pe\u0142nym dupleksie na kana\u0142, pozosta\u0142e w ods\u0142uchu<br \/>\ndo 250 u\u017cytkownik\u00f3w na kanale<br \/>\nswoboda rotacji pomi\u0119dzy pe\u0142nym dupleksem a ods\u0142uchem<br \/>\nzakres cz\u0119stotliwo\u015bci 863-865 MHz (bez licencji w Europie)<br \/>\nmodulacja cyfrowa GFSK<br \/>\n8 kana\u0142\u00f3w (8 grup mo\u017ce pracowa\u0107 niezale\u017cnie, bez zak\u0142\u00f3ce\u0144 na tym samym obszarze)<br \/>\nzasi\u0119g 300 metr\u00f3w w linii wzroku<br \/>\nWymiary 78 x 38 x 19 mm<br \/>\nWaga 70 gram\u00f3w (z bateri\u0105)<br \/>\nGniazdo s\u0142uchawkowo-mikrofonowe jack 3,5 mm TRRS<br \/>\nCzas pracy &#8211; 10 godzin, czas \u0142adowania &#8211; 3~4 godziny<br \/>\nKlasa szczelno\u015bci IP54[\/vc_column_text][vc_video link=&#8221;https:\/\/www.youtube.com\/watch?v=noPTV-e9ddU&amp;t=1s&amp;ab_channel=AXIWI&#8221;][\/vc_column][\/vc_row]<\/p>\n<\/div>","protected":false},"excerpt":{"rendered":"<p>Axiwi AT-350 est un intercom sans fil, miniature et ultral\u00e9ger, utilis\u00e9 par les arbitres sportifs et les professionnels de la communication. Port\u00e9e 300 m\u00e8tres en ligne de mire.<\/p>\n","protected":false},"featured_media":49184,"template":"","meta":{"_acf_changed":false},"product_brand":[],"product_cat":[5309,5180],"product_tag":[],"class_list":{"0":"post-63174","1":"product","2":"type-product","3":"status-publish","4":"has-post-thumbnail","6":"product_cat-sets-dinterphone","7":"product_cat-systemes-dinterphone","9":"first","10":"instock","11":"taxable","12":"shipping-taxable","13":"purchasable","14":"product-type-simple"},"acf":[],"_links":{"self":[{"href":"https:\/\/mexpo.eu\/fr\/wp-json\/wp\/v2\/product\/63174","targetHints":{"allow":["GET"]}}],"collection":[{"href":"https:\/\/mexpo.eu\/fr\/wp-json\/wp\/v2\/product"}],"about":[{"href":"https:\/\/mexpo.eu\/fr\/wp-json\/wp\/v2\/types\/product"}],"wp:featuredmedia":[{"embeddable":true,"href":"https:\/\/mexpo.eu\/fr\/wp-json\/wp\/v2\/media\/49184"}],"wp:attachment":[{"href":"https:\/\/mexpo.eu\/fr\/wp-json\/wp\/v2\/media?parent=63174"}],"wp:term":[{"taxonomy":"product_brand","embeddable":true,"href":"https:\/\/mexpo.eu\/fr\/wp-json\/wp\/v2\/product_brand?post=63174"},{"taxonomy":"product_cat","embeddable":true,"href":"https:\/\/mexpo.eu\/fr\/wp-json\/wp\/v2\/product_cat?post=63174"},{"taxonomy":"product_tag","embeddable":true,"href":"https:\/\/mexpo.eu\/fr\/wp-json\/wp\/v2\/product_tag?post=63174"}],"curies":[{"name":"wp","href":"https:\/\/api.w.org\/{rel}","templated":true}]}}