{"id":63158,"date":"2025-02-17T13:22:27","date_gmt":"2025-02-17T12:22:27","guid":{"rendered":"https:\/\/mexpo.pl?post_type=product&#038;p=63158"},"modified":"2025-02-17T14:57:25","modified_gmt":"2025-02-17T14:57:25","slug":"intercom-bidirectionnel-pour-equitation-pour-entraineurs-eqs-3-avec-accessoires","status":"publish","type":"product","link":"https:\/\/mexpo.eu\/fr\/produkt\/intercom-bidirectionnel-pour-equitation-pour-entraineurs-eqs-3-avec-accessoires\/","title":{"rendered":"Intercom bidirectionnel pour \u00e9quitation \/ pour entraineurs EQS-3 avec accessoires"},"content":{"rendered":"<p>Le d\u00e9lai de livraison est de 7 \u00e0 10 jours ouvrables.<br \/>\nLa p\u00e9riode de garantie est de 2 ans.<br \/>\nNous vous offrons une assistance technique compl\u00e8te, des mises \u00e0 jour et un service du syst\u00e8me m\u00eame apr\u00e8s l&#8217;expiration de la p\u00e9riode de garantie.<br \/>\nVeuillez noter que ce produit n&#8217;est pas un ensemble de communication complet, mais seulement un intercom suppl\u00e9mentaire!<\/p>\n<p>Axiwi AT-320 est le plus petit et le plus l\u00e9ger intercom pour arbitres disponible sur le march\u00e9! L&#8217;appareil mesure 32 x 65 x 22 mm et ne p\u00e8se que 39 g avec la batterie.<br \/>\nComment former efficacement un jockey ?<br \/>\nD\u00e9sormais, vous pouvez le faire avec le kit d&#8217;entra\u00eenement AXIWI\u00ae pour entra\u00eenement \u00e9questre.<br \/>\nDe plus en plus d&#8217;entra\u00eeneurs et d&#8217;instructeurs utilisent des syst\u00e8mes de communication sans fil dans le sport \u00e9questre pour donner des indications et des conseils aux jockeys.<br \/>\nL&#8217;intercom sans fil pour entra\u00eeneur AXIWI\u00ae est le choix des entra\u00eeneurs et des formateurs dans toute l&#8217;Europe.<\/p>\n<p>Qu&#8217;est-ce que le syst\u00e8me d&#8217;intercom AXIWI ?<br \/>\nIl s&#8217;agit d&#8217;un syst\u00e8me de communication bidirectionnelle sans fil &#8220;mains libres&#8221; (intercom \u00e9questre) qui permet \u00e0 l&#8217;entra\u00eeneur et aux jockeys de se parler et de s&#8217;\u00e9couter, comme lors d&#8217;un appel t\u00e9l\u00e9phonique.<br \/>\nJusqu&#8217;\u00e0 6 personnes peuvent parler et \u00e9couter en m\u00eame temps.<br \/>\nRevue vid\u00e9o AXIWI par Edward Chitta: casques sans fil pour l&#8217;entra\u00eenement \u00e9questre<\/p>\n<blockquote><p>\u00ab Excellent produit pour l&#8217;entra\u00eenement \u00e9questre, tr\u00e8s recommand\u00e9, super qualit\u00e9 sonore et tr\u00e8s l\u00e9ger, ce qui le rend facile \u00e0 utiliser \u00bb.<\/p><\/blockquote>\n<p style=\"text-align: center;\"><iframe loading=\"lazy\" title=\"YouTube video player\" src=\"https:\/\/www.youtube.com\/embed\/hi0PTAdMuag\" width=\"560\" height=\"315\" frameborder=\"0\" allowfullscreen=\"allowfullscreen\"><\/iframe><\/p>\n<blockquote><p>\u00ab La raison pour laquelle je pr\u00e9f\u00e8re le syst\u00e8me de communication AXIWI est qu&#8217;il est petit et l\u00e9ger. Il vous permet de communiquer efficacement; plus besoin de crier et votre voix ne sera plus emport\u00e9e par le vent. Nous utilisons le syst\u00e8me de communication pour travailler en man\u00e8ge et pendant les promenades. Il rend l&#8217;ensemble de l&#8217;exp\u00e9rience \u00e9questre plus calme et plus agr\u00e9able \u00bb.<\/p>\n<p style=\"text-align: right;\">Claire Aitchison &#8211; Entra\u00eeneur de chevaux britannique certifi\u00e9<\/p>\n<\/blockquote>\n<p>L\u2019ensemble AXIWI AT-320 contient:<br \/>\n&#8211; intercom sans fil AT-320 &#8211; 1 unit\u00e9<br \/>\n&#8211; cordon tour de cou et clips de ceinture &#8211; 1 unit\u00e9<br \/>\n&#8211; headset HE-009 &#8211; 1 unit\u00e9<br \/>\n&#8211; brassard OT-008 &#8211; 1 unit\u00e9<br \/>\n&#8211; chargeur r\u00e9seau USB CR-009 &#8211; 1 unit\u00e9<br \/>\n&#8211; c\u00e2ble micro USB CA-001- 1 unit\u00e9<\/p>\n<p>Caract\u00e9ristiques du syst\u00e8me AXIWI AT-320<br \/>\n\u2013 syst\u00e8me enti\u00e8rement sans fil, sans station de base ni installation<br \/>\n\u2013 communication bidirectionnel en duplex int\u00e9gral jusqu&#8217;\u00e0 6 personnes<br \/>\n\u2013 r\u00e9ception audio en temps r\u00e9el de haute qualit\u00e9 sans retard (latence &lt; 1 ms)<br \/>\n\u2013 jusqu&#8217;\u00e0 250 appareils par canal pouvant participer \u00e0 une conversation en mode conf\u00e9rence<br \/>\n\u2013 bande de fr\u00e9quences radio universelle: 2,4 GHz<br \/>\n\u2013 port\u00e9e de plus de 200 m\u00e8tres en ligne de mire<br \/>\n\u2013 4 canaux radio simultan\u00e9s<br \/>\n\u2013 petit et ultral\u00e9ger: 32 x 65 x 22 mm \/ 39 g<br \/>\n\u2013 charge individuelle via une prise micro USB ou collectivement dans un chargeur de bureau d\u00e9di\u00e9<br \/>\n\u2013 temps de travail: 6 heures, temps de charge: +\/- 2 heures<br \/>\n\u2013 prise \u00e9couteur\/microphone jack 3.5 mm TRRS<\/p>\n","protected":false},"excerpt":{"rendered":"<p>Le d\u00e9lai de livraison est de 7 \u00e0 10 jours ouvrables. La p\u00e9riode de garantie est de 2 ans. Nous vous offrons une assistance technique compl\u00e8te, des mises \u00e0 jour<\/p>\n","protected":false},"featured_media":49916,"template":"","meta":{"_acf_changed":false},"product_brand":[],"product_cat":[5953,5946],"product_tag":[],"class_list":{"0":"post-63158","1":"product","2":"type-product","3":"status-publish","4":"has-post-thumbnail","6":"product_cat-axiwi-at-320-fr","7":"product_cat-intercoms-pour-lequitation-fr","9":"first","10":"instock","11":"taxable","12":"shipping-taxable","13":"purchasable","14":"product-type-simple"},"acf":[],"_links":{"self":[{"href":"https:\/\/mexpo.eu\/fr\/wp-json\/wp\/v2\/product\/63158","targetHints":{"allow":["GET"]}}],"collection":[{"href":"https:\/\/mexpo.eu\/fr\/wp-json\/wp\/v2\/product"}],"about":[{"href":"https:\/\/mexpo.eu\/fr\/wp-json\/wp\/v2\/types\/product"}],"wp:featuredmedia":[{"embeddable":true,"href":"https:\/\/mexpo.eu\/fr\/wp-json\/wp\/v2\/media\/49916"}],"wp:attachment":[{"href":"https:\/\/mexpo.eu\/fr\/wp-json\/wp\/v2\/media?parent=63158"}],"wp:term":[{"taxonomy":"product_brand","embeddable":true,"href":"https:\/\/mexpo.eu\/fr\/wp-json\/wp\/v2\/product_brand?post=63158"},{"taxonomy":"product_cat","embeddable":true,"href":"https:\/\/mexpo.eu\/fr\/wp-json\/wp\/v2\/product_cat?post=63158"},{"taxonomy":"product_tag","embeddable":true,"href":"https:\/\/mexpo.eu\/fr\/wp-json\/wp\/v2\/product_tag?post=63158"}],"curies":[{"name":"wp","href":"https:\/\/api.w.org\/{rel}","templated":true}]}}