{"id":63125,"date":"2025-02-17T13:31:02","date_gmt":"2025-02-17T13:31:02","guid":{"rendered":"https:\/\/mexpo.pl?post_type=product&#038;p=63125"},"modified":"2025-02-17T15:02:59","modified_gmt":"2025-02-17T15:02:59","slug":"headset-jeu-micro-casque-b-50qr","status":"publish","type":"product","link":"https:\/\/mexpo.eu\/fr\/produkt\/headset-jeu-micro-casque-b-50qr\/","title":{"rendered":"Headset (jeu micro-casque) B-50QR"},"content":{"rendered":"<p>Casque avec tour de cou (permet d&#8217;utiliser un casque de protection et un casque lourd en m\u00eame temps). Il dispose d&#8217;un microphone perche int\u00e9gr\u00e9, qui permet l&#8217;utilisation d&#8217;un kit mains libres dans des environnements tr\u00e8s bruyants.<\/p>\n","protected":false},"excerpt":{"rendered":"<p>Casque avec tour de cou (permet d&#8217;utiliser un casque de protection et un casque lourd en m\u00eame temps). Il dispose d&#8217;un microphone perche int\u00e9gr\u00e9, qui permet l&#8217;utilisation d&#8217;un kit mains libres dans des environnements tr\u00e8s bruyants.<\/p>\n","protected":false},"featured_media":51029,"template":"","meta":{"_acf_changed":false},"product_brand":[],"product_cat":[5181],"product_tag":[],"class_list":{"0":"post-63125","1":"product","2":"type-product","3":"status-publish","4":"has-post-thumbnail","6":"product_cat-headsets-systemes-dinterphone","8":"first","9":"instock","10":"taxable","11":"shipping-taxable","12":"purchasable","13":"product-type-simple"},"acf":[],"_links":{"self":[{"href":"https:\/\/mexpo.eu\/fr\/wp-json\/wp\/v2\/product\/63125","targetHints":{"allow":["GET"]}}],"collection":[{"href":"https:\/\/mexpo.eu\/fr\/wp-json\/wp\/v2\/product"}],"about":[{"href":"https:\/\/mexpo.eu\/fr\/wp-json\/wp\/v2\/types\/product"}],"wp:featuredmedia":[{"embeddable":true,"href":"https:\/\/mexpo.eu\/fr\/wp-json\/wp\/v2\/media\/51029"}],"wp:attachment":[{"href":"https:\/\/mexpo.eu\/fr\/wp-json\/wp\/v2\/media?parent=63125"}],"wp:term":[{"taxonomy":"product_brand","embeddable":true,"href":"https:\/\/mexpo.eu\/fr\/wp-json\/wp\/v2\/product_brand?post=63125"},{"taxonomy":"product_cat","embeddable":true,"href":"https:\/\/mexpo.eu\/fr\/wp-json\/wp\/v2\/product_cat?post=63125"},{"taxonomy":"product_tag","embeddable":true,"href":"https:\/\/mexpo.eu\/fr\/wp-json\/wp\/v2\/product_tag?post=63125"}],"curies":[{"name":"wp","href":"https:\/\/api.w.org\/{rel}","templated":true}]}}