{"id":63082,"date":"2025-02-17T13:26:56","date_gmt":"2025-02-17T12:26:56","guid":{"rendered":"https:\/\/mexpo.pl?post_type=product&#038;p=63082"},"modified":"2025-02-17T15:01:15","modified_gmt":"2025-02-17T15:01:15","slug":"intercom-radio-hc-1-350-sans-fil-bidirectionnel-pour-les-services-de-sante-avec-accessoires","status":"publish","type":"product","link":"https:\/\/mexpo.eu\/fr\/produkt\/intercom-radio-hc-1-350-sans-fil-bidirectionnel-pour-les-services-de-sante-avec-accessoires\/","title":{"rendered":"Intercom radio HC-1-350, sans fil, bidirectionnel, pour les services de sant\u00e9, avec accessoires"},"content":{"rendered":"<p>Le d\u00e9lai de livraison est de 7 \u00e0 10 jours ouvrables.<\/p>\n<p>AXIWI AT-350 assure une coordination sans fil de haute qualit\u00e9 des h\u00f4pitaux, des centres m\u00e9dicaux et des \u00e9quipes m\u00e9dicales gr\u00e2ce \u00e0 une communication vocale fluide, \u00e0 distance et en temps r\u00e9el.<\/p>\n<p>Nous avons d\u00e9velopp\u00e9 un ensemble suppl\u00e9mentaire sp\u00e9cialement con\u00e7u pour les h\u00f4pitaux, les centres m\u00e9dicaux, les chambres d&#8217;isolement et les \u00e9quipes soignantes*:<br \/>\n&#8211; intercom sans fil AXIWI AT-350: 1 unit\u00e9<br \/>\n&#8211; headset HE-001 &#8211; 1 unit\u00e9<\/p>\n<p>Les accessoires d&#8217;hygi\u00e8ne se trouvent dans la section \u00ab<a href=\"https:\/\/mguide.eu\/fr\/categorie-de-produit\/hygiene-fr\/\">Hygi\u00e8ne<\/a>\u00bb.<\/p>\n<p><strong>Note: Veuillez noter que ce produit n&#8217;est pas un ensemble de communication complet, mais seulement un intercom avec un headset suppl\u00e9mentaire!\u00a0<\/strong><\/p>\n<p>Dans les soins m\u00e9dicaux, il est important d&#8217;\u00eatre vigilant, concentr\u00e9 et de r\u00e9agir rapidement en cas d&#8217;urgence. L&#8217;\u00e9change d&#8217;informations cl\u00e9s, entre le personnel param\u00e9dical d&#8217;une ambulance ou le personnel hospitalier, de mani\u00e8re pr\u00e9cise et claire est essentiel et, dans de nombreux cas, peut \u00eatre important pour la vie et la sant\u00e9 des patients. El headset sans fil Axiwi AT-350 peut contribuer de mani\u00e8re significative \u00e0 l&#8217;efficacit\u00e9 et \u00e0 la clart\u00e9 de la communication.<\/p>\n<p><iframe loading=\"lazy\" title=\"AXIWI AT-350 communication system - user manual\" width=\"1170\" height=\"658\" src=\"https:\/\/www.youtube.com\/embed\/_GHQNDcNrvQ?feature=oembed\" frameborder=\"0\" allow=\"accelerometer; autoplay; clipboard-write; encrypted-media; gyroscope; picture-in-picture; web-share\" referrerpolicy=\"strict-origin-when-cross-origin\" allowfullscreen><\/iframe><\/p>\n","protected":false},"excerpt":{"rendered":"<p>Headset radio bidirectionnel en mode duplex int\u00e9gral pour la communication en \u00e9quipe, d\u00e9di\u00e9 au personnel m\u00e9dical. Mini-radio bidirectionnelle de type intercom pour les services de sant\u00e9, y compris les centres et les \u00e9quipes m\u00e9dicaux, les h\u00f4pitaux, les ambulanciers param\u00e9dicaux, les m\u00e9decins, les infirmi\u00e8res, les aides-soignants.<\/p>\n","protected":false},"featured_media":50353,"template":"","meta":{"_acf_changed":false},"product_brand":[],"product_cat":[5425],"product_tag":[],"class_list":{"0":"post-63082","1":"product","2":"type-product","3":"status-publish","4":"has-post-thumbnail","6":"product_cat-intercoms-pour-les-services-de-sante","8":"first","9":"instock","10":"taxable","11":"shipping-taxable","12":"purchasable","13":"product-type-simple"},"acf":[],"_links":{"self":[{"href":"https:\/\/mexpo.eu\/fr\/wp-json\/wp\/v2\/product\/63082","targetHints":{"allow":["GET"]}}],"collection":[{"href":"https:\/\/mexpo.eu\/fr\/wp-json\/wp\/v2\/product"}],"about":[{"href":"https:\/\/mexpo.eu\/fr\/wp-json\/wp\/v2\/types\/product"}],"wp:featuredmedia":[{"embeddable":true,"href":"https:\/\/mexpo.eu\/fr\/wp-json\/wp\/v2\/media\/50353"}],"wp:attachment":[{"href":"https:\/\/mexpo.eu\/fr\/wp-json\/wp\/v2\/media?parent=63082"}],"wp:term":[{"taxonomy":"product_brand","embeddable":true,"href":"https:\/\/mexpo.eu\/fr\/wp-json\/wp\/v2\/product_brand?post=63082"},{"taxonomy":"product_cat","embeddable":true,"href":"https:\/\/mexpo.eu\/fr\/wp-json\/wp\/v2\/product_cat?post=63082"},{"taxonomy":"product_tag","embeddable":true,"href":"https:\/\/mexpo.eu\/fr\/wp-json\/wp\/v2\/product_tag?post=63082"}],"curies":[{"name":"wp","href":"https:\/\/api.w.org\/{rel}","templated":true}]}}