{"id":62993,"date":"2025-02-17T13:26:31","date_gmt":"2025-02-17T13:26:31","guid":{"rendered":"https:\/\/mexpo.pl?post_type=product&#038;p=62993"},"modified":"2025-02-17T15:00:17","modified_gmt":"2025-02-17T15:00:17","slug":"systeme-dintercom-pour-la-communication-sans-fil-pendant-le-tournage-de-films-des-concerts-at-350-2av","status":"publish","type":"product","link":"https:\/\/mexpo.eu\/fr\/produkt\/systeme-dintercom-pour-la-communication-sans-fil-pendant-le-tournage-de-films-des-concerts-at-350-2av\/","title":{"rendered":"Syst\u00e8me d&#8217;intercom pour la communication sans fil pendant le tournage de films, des concerts: AT-350-2AV"},"content":{"rendered":"<p><strong>L&#8217;ensemble contient:<\/strong><br \/>\n&#8211; intercom sans fil AXIWI AT-350: 2 unit\u00e9s<br \/>\n&#8211; headset HE-001: 2 unit\u00e9s<br \/>\n&#8211; mallette de transport \u00e0 roulettes TR-007: 1 unit\u00e9<br \/>\n&#8211; chargeur USB CR-009: 1 unit\u00e9<br \/>\n&#8211; c\u00e2ble USB pour 2x micro USB CA-006: 1 unit\u00e9<\/p>\n<p><strong>La p\u00e9riode de garantie est de 2 ans<\/strong><br \/>\nNous vous offrons une assistance technique compl\u00e8te, des mises \u00e0 jour et un service du syst\u00e8me m\u00eame apr\u00e8s l&#8217;expiration de la p\u00e9riode de garantie.<\/p>\n<p>T-350 est le plus petit et le plus l\u00e9ger des syst\u00e8mes d&#8217;intercoms bidirectionnels en mode full duplex disponibles sur le march\u00e9!<\/p>\n<p><strong>Qu&#8217;est-ce que l&#8217;intercom AXIWI?<\/strong><br \/>\nAXIWI est un syst\u00e8me d&#8217;intercom sans fil con\u00e7u pour les productions audiovisuelles et les \u00e9v\u00e9nements en direct.<br \/>\nLe syst\u00e8me permet de cr\u00e9er un syst\u00e8me de communication instantan\u00e9 et professionnel pour les \u00e9quipes de production audio et vid\u00e9o ainsi que pour les techniciens.<br \/>\nAT-350 offre une communication mains libres en duplex int\u00e9gral pour un maximum de 6 personnes.<br \/>\nLe syst\u00e8me fonctionne sans licence sur la fr\u00e9quence radio de 863 MHz ~ 865 MHz en modulation num\u00e9rique GFSK, gr\u00e2ce \u00e0 laquelle il r\u00e9siste aux interf\u00e9rences des autres syst\u00e8mes radio \u00e0 proximit\u00e9, par exemple Wi-Fi, microphones sans fil et microports.<br \/>\nAXIWI AT-350 dispose de 8 canaux de communication ind\u00e9pendants (tous peuvent fonctionner simultan\u00e9ment dans la m\u00eame zone) sur lesquels jusqu&#8217;\u00e0 250 personnes par canal peuvent \u00e9couter et participer \u00e0 la conversation.<\/p>\n<p><iframe loading=\"lazy\" title=\"AXIWI AT-350 communication system - user manual\" width=\"1170\" height=\"658\" src=\"https:\/\/www.youtube.com\/embed\/_GHQNDcNrvQ?feature=oembed\" frameborder=\"0\" allow=\"accelerometer; autoplay; clipboard-write; encrypted-media; gyroscope; picture-in-picture; web-share\" referrerpolicy=\"strict-origin-when-cross-origin\" allowfullscreen><\/iframe><\/p>\n<p><strong>Syst\u00e8me d&#8217;intercom sans fil avanc\u00e9 pour la transmission et la communication audio <\/strong><\/p>\n<p><strong>\u00ab Hands-free \u00bb<\/strong><br \/>\nAT-350 offre une communication bidirectionnelle \u00ab mains libres \u00bb ce qui signifie que l&#8217;utilisateur dispose d&#8217;un petit terminal accroch\u00e9 \u00e0 la ceinture et peut \u00e0 tout moment dire quelque chose au reste de l&#8217;\u00e9quipe ou entendre des messages importants via un headset. Le fonctionnement mains libres augmente la productivit\u00e9, am\u00e9liore la s\u00e9curit\u00e9 sur le lieu de travail, r\u00e9duit les d\u00e9sorganisations et la distraction.<\/p>\n<p><strong>Solution sans fil pour une communication autonome en \u00e9quipe<\/strong><br \/>\nAXIWI est un syst\u00e8me de communication qui ne n\u00e9cessite pas de station de base ni d\u00b4installation par c\u00e2ble. Il s&#8217;agit d&#8217;une solution enti\u00e8rement sans fil o\u00f9 il suffit d&#8217;activer un intercom du groupe en mode &#8220;Master&#8221; pour cr\u00e9er un r\u00e9seau de t\u00e9l\u00e9communications.<\/p>\n<p><strong>Transmission sonore s\u00fbre et claire<\/strong><br \/>\nAT-350 transmet et re\u00e7oit le son dans la bande 863 MHz ~ 865 MHz, en modulation num\u00e9rique GFSK, qui n&#8217;est pas utilis\u00e9e par les syst\u00e8mes sans fil et Wi-Fi populaires. Le r\u00e9sultat est un syst\u00e8me de communication s\u00e9curis\u00e9, libre d&#8217;interf\u00e9rences, sans la r\u00e9duction de la port\u00e9e de transmission, ce qui affecte g\u00e9n\u00e9ralement les syst\u00e8mes sans fil UHF standard.<\/p>\n<p><strong>Syst\u00e8me avanc\u00e9 dans un bo\u00eetier compact et l\u00e9ger<\/strong><br \/>\nAXIWI AT-350 offre une port\u00e9e allant jusqu&#8217;\u00e0 300 m\u00e8tres en ligne de mire et peut fonctionner jusqu&#8217;\u00e0 10 heures apr\u00e8s une charge compl\u00e8te. Il s&#8217;agit d&#8217;un intercom miniature ne pesant pas plus de 70 g, ce qui garantit le confort d&#8217;utilisation tout au long de la journ\u00e9e.<\/p>\n<p><strong>Connecteur universel pour casque\/microphone<\/strong><br \/>\nGr\u00e2ce \u00e0 l&#8217;utilisation d&#8217;un mini jack TRRS de 3,5 mm, AXIWI fonctionnera avec la plupart des micro-casques disponibles sur le march\u00e9. Vous pouvez \u00e9galement utiliser un headset de votre t\u00e9l\u00e9phone portable.<br \/>\nEn bref, AXIWI AT-350 garantit une coordination sans fil de haute qualit\u00e9 pour les \u00e9quipes de production audio et vid\u00e9o, la production multim\u00e9dia, le cin\u00e9ma, le streaming ou pour toute \u00e9quipe \u00e0 la recherche d&#8217;une communication vocale fluide et en temps r\u00e9el.<\/p>\n<p><strong>Caract\u00e9ristiques de AXIWI AT-350:<\/strong><br \/>\n&#8211; Communication bidirectionnelle jusqu&#8217;\u00e0 6 personnes \u00e0 la fois<br \/>\n&#8211; 3 modes de de communication: Master, Sub-master, Follower<br \/>\n&#8211; Nombre maximal d&#8217;utilisateurs par canal: jusqu&#8217;\u00e0 250 personnes<br \/>\n&#8211; Bande de fr\u00e9quence: 863 MHz ~ 865 MHz<br \/>\n&#8211; Port\u00e9e jusqu&#8217;\u00e0 300 m\u00e8tres en ligne de vue<br \/>\n&#8211; 8 canaux de communication<br \/>\n&#8211; Dimensions 78 x 38 x 19 mm<br \/>\n&#8211; Poids 70 grammes (avec batterie)<br \/>\n&#8211; Prise \u00e9couteur\/microphone jack 3.5 mm TRRS<br \/>\n&#8211; Temps de travail: 10 heures, temps de charge: 3 \u00e0 4 heures<br \/>\n&#8211; Degr\u00e9 d&#8217;\u00e9tanch\u00e9it\u00e9 IP54<\/p>\n<p>Axitour Communication Solutions est un fournisseur fiable et exp\u00e9riment\u00e9 de solutions de communication sans fil en temps r\u00e9el. Les syst\u00e8mes comprennent la communication sans fil en duplex int\u00e9gral pour le sport et les arbitres sportifs, l&#8217;industrie, la production audio et vid\u00e9o, l&#8217;interpr\u00e9tation simultan\u00e9e et les services d&#8217;urgence et civils. La soci\u00e9t\u00e9 n\u00e9erlandaise Axitour est un partenaire officiel de la FIFA pour les solutions de communication bidirectionnelle sans fil.<\/p>\n","protected":false},"excerpt":{"rendered":"<p>Ensemble de 2 intercoms pour la communication audio, en mode duplex int\u00e9gral, entre les membres d&#8217;une \u00e9quipe de tournage, des reporters, par exemple entre un r\u00e9alisateur et un op\u00e9rateur de cam\u00e9ra.<\/p>\n","protected":false},"featured_media":50395,"template":"","meta":{"_acf_changed":false},"product_brand":[],"product_cat":[5414],"product_tag":[],"class_list":{"0":"post-62993","1":"product","2":"type-product","3":"status-publish","4":"has-post-thumbnail","6":"product_cat-realisation-audio-video","8":"first","9":"instock","10":"taxable","11":"shipping-taxable","12":"purchasable","13":"product-type-simple"},"acf":[],"_links":{"self":[{"href":"https:\/\/mexpo.eu\/fr\/wp-json\/wp\/v2\/product\/62993","targetHints":{"allow":["GET"]}}],"collection":[{"href":"https:\/\/mexpo.eu\/fr\/wp-json\/wp\/v2\/product"}],"about":[{"href":"https:\/\/mexpo.eu\/fr\/wp-json\/wp\/v2\/types\/product"}],"wp:featuredmedia":[{"embeddable":true,"href":"https:\/\/mexpo.eu\/fr\/wp-json\/wp\/v2\/media\/50395"}],"wp:attachment":[{"href":"https:\/\/mexpo.eu\/fr\/wp-json\/wp\/v2\/media?parent=62993"}],"wp:term":[{"taxonomy":"product_brand","embeddable":true,"href":"https:\/\/mexpo.eu\/fr\/wp-json\/wp\/v2\/product_brand?post=62993"},{"taxonomy":"product_cat","embeddable":true,"href":"https:\/\/mexpo.eu\/fr\/wp-json\/wp\/v2\/product_cat?post=62993"},{"taxonomy":"product_tag","embeddable":true,"href":"https:\/\/mexpo.eu\/fr\/wp-json\/wp\/v2\/product_tag?post=62993"}],"curies":[{"name":"wp","href":"https:\/\/api.w.org\/{rel}","templated":true}]}}