{"id":62971,"date":"2025-02-17T13:28:25","date_gmt":"2025-02-17T13:28:25","guid":{"rendered":"https:\/\/mexpo.pl?post_type=product&#038;p=62971"},"modified":"2025-02-17T15:02:36","modified_gmt":"2025-02-17T15:02:36","slug":"gst-fbi-micro-casque-discret-pour-gst-g2","status":"publish","type":"product","link":"https:\/\/mexpo.eu\/fr\/produkt\/gst-fbi-micro-casque-discret-pour-gst-g2\/","title":{"rendered":"GST-FBI: micro-casque discret pour GST G2"},"content":{"rendered":"<p>Micro-casque con\u00e7u pour les personnes travaillant dans la restauration, les services de s\u00e9curit\u00e9 ou qui souhaitent communiquer sans attirer l&#8217;attention. La technologie unique du c\u00e2ble de l&#8217;oreillette rend son utilisation tr\u00e8s discr\u00e8te. Le headset est \u00e9quip\u00e9 d&#8217;un bouton PTT et d&#8217;un clip qui vous permet de le fixer discr\u00e8tement \u00e0 une chemise, par exemple.<\/p>\n","protected":false},"excerpt":{"rendered":"<p>Micro-casque discret pour la radio mGuide GST G2.<\/p>\n","protected":false},"featured_media":50969,"template":"","meta":{"_acf_changed":false},"product_brand":[],"product_cat":[5181,5449,5452],"product_tag":[],"class_list":{"0":"post-62971","1":"product","2":"type-product","3":"status-publish","4":"has-post-thumbnail","6":"product_cat-headsets-systemes-dinterphone","7":"product_cat-intercom-pour-la-gastronomie-horeca","8":"product_cat-intercoms-pour-les-sports-cyclistes","10":"first","11":"instock","12":"taxable","13":"shipping-taxable","14":"purchasable","15":"product-type-simple"},"acf":[],"_links":{"self":[{"href":"https:\/\/mexpo.eu\/fr\/wp-json\/wp\/v2\/product\/62971","targetHints":{"allow":["GET"]}}],"collection":[{"href":"https:\/\/mexpo.eu\/fr\/wp-json\/wp\/v2\/product"}],"about":[{"href":"https:\/\/mexpo.eu\/fr\/wp-json\/wp\/v2\/types\/product"}],"wp:featuredmedia":[{"embeddable":true,"href":"https:\/\/mexpo.eu\/fr\/wp-json\/wp\/v2\/media\/50969"}],"wp:attachment":[{"href":"https:\/\/mexpo.eu\/fr\/wp-json\/wp\/v2\/media?parent=62971"}],"wp:term":[{"taxonomy":"product_brand","embeddable":true,"href":"https:\/\/mexpo.eu\/fr\/wp-json\/wp\/v2\/product_brand?post=62971"},{"taxonomy":"product_cat","embeddable":true,"href":"https:\/\/mexpo.eu\/fr\/wp-json\/wp\/v2\/product_cat?post=62971"},{"taxonomy":"product_tag","embeddable":true,"href":"https:\/\/mexpo.eu\/fr\/wp-json\/wp\/v2\/product_tag?post=62971"}],"curies":[{"name":"wp","href":"https:\/\/api.w.org\/{rel}","templated":true}]}}