{"id":62970,"date":"2025-02-17T13:28:24","date_gmt":"2025-02-17T13:28:24","guid":{"rendered":"https:\/\/mexpo.pl?post_type=product&#038;p=62970"},"modified":"2025-02-17T15:02:33","modified_gmt":"2025-02-17T15:02:33","slug":"gst-sshk-headset-avec-laryngophone-pour-gst-g2","status":"publish","type":"product","link":"https:\/\/mexpo.eu\/fr\/produkt\/gst-sshk-headset-avec-laryngophone-pour-gst-g2\/","title":{"rendered":"GST-SSHK: headset avec laryngophone pour GST G2"},"content":{"rendered":"<p>Headset avec laryngophone. Id\u00e9al pour les situations o\u00f9 il y a beaucoup de bruit ambiant, trop pour un micro-casque normal. La partie du microphone s&#8217;adapte parfaitement \u00e0 la gorge, bloquant la plupart des bruits ambiants. L\u00e9ger et confortable \u00e0 porter. Comprend \u00e9galement un \u00e9couteur discret.<\/p>\n","protected":false},"excerpt":{"rendered":"<p>Headset avec laryngophone pour radio GST G2.<\/p>\n","protected":false},"featured_media":50963,"template":"","meta":{"_acf_changed":false},"product_brand":[],"product_cat":[5181,5449],"product_tag":[],"class_list":{"0":"post-62970","1":"product","2":"type-product","3":"status-publish","4":"has-post-thumbnail","6":"product_cat-headsets-systemes-dinterphone","7":"product_cat-intercom-pour-la-gastronomie-horeca","9":"first","10":"instock","11":"taxable","12":"shipping-taxable","13":"purchasable","14":"product-type-simple"},"acf":[],"_links":{"self":[{"href":"https:\/\/mexpo.eu\/fr\/wp-json\/wp\/v2\/product\/62970","targetHints":{"allow":["GET"]}}],"collection":[{"href":"https:\/\/mexpo.eu\/fr\/wp-json\/wp\/v2\/product"}],"about":[{"href":"https:\/\/mexpo.eu\/fr\/wp-json\/wp\/v2\/types\/product"}],"wp:featuredmedia":[{"embeddable":true,"href":"https:\/\/mexpo.eu\/fr\/wp-json\/wp\/v2\/media\/50963"}],"wp:attachment":[{"href":"https:\/\/mexpo.eu\/fr\/wp-json\/wp\/v2\/media?parent=62970"}],"wp:term":[{"taxonomy":"product_brand","embeddable":true,"href":"https:\/\/mexpo.eu\/fr\/wp-json\/wp\/v2\/product_brand?post=62970"},{"taxonomy":"product_cat","embeddable":true,"href":"https:\/\/mexpo.eu\/fr\/wp-json\/wp\/v2\/product_cat?post=62970"},{"taxonomy":"product_tag","embeddable":true,"href":"https:\/\/mexpo.eu\/fr\/wp-json\/wp\/v2\/product_tag?post=62970"}],"curies":[{"name":"wp","href":"https:\/\/api.w.org\/{rel}","templated":true}]}}