{"id":62969,"date":"2025-02-17T13:28:24","date_gmt":"2025-02-17T13:28:24","guid":{"rendered":"https:\/\/mexpo.pl?post_type=product&#038;p=62969"},"modified":"2025-02-17T15:02:30","modified_gmt":"2025-02-17T15:02:30","slug":"gst-e007-headset-pour-gst-g2","status":"publish","type":"product","link":"https:\/\/mexpo.eu\/fr\/produkt\/gst-e007-headset-pour-gst-g2\/","title":{"rendered":"GST-E007: Headset pour GST G2"},"content":{"rendered":"<p>Headset pour une oreille permettant \u00e0 l&#8217;utilisateur de parler et d&#8217;\u00e9couter les autres membres du groupe de communication. Le design ergonomique en caoutchouc souple, la perche r\u00e9glable et le clip de v\u00eatement int\u00e9gr\u00e9 permettent \u00e0 l&#8217;utilisateur de porter le micro-casque (sur chaque oreille) pendant de longues r\u00e9unions sans fatigue.<\/p>\n","protected":false},"excerpt":{"rendered":"<p>Headset avec microphone \u00e0 perche pour la radio GST G2.<\/p>\n","protected":false},"featured_media":50939,"template":"","meta":{"_acf_changed":false},"product_brand":[],"product_cat":[5181,5449,5452],"product_tag":[],"class_list":{"0":"post-62969","1":"product","2":"type-product","3":"status-publish","4":"has-post-thumbnail","6":"product_cat-headsets-systemes-dinterphone","7":"product_cat-intercom-pour-la-gastronomie-horeca","8":"product_cat-intercoms-pour-les-sports-cyclistes","10":"first","11":"instock","12":"taxable","13":"shipping-taxable","14":"purchasable","15":"product-type-simple"},"acf":[],"_links":{"self":[{"href":"https:\/\/mexpo.eu\/fr\/wp-json\/wp\/v2\/product\/62969","targetHints":{"allow":["GET"]}}],"collection":[{"href":"https:\/\/mexpo.eu\/fr\/wp-json\/wp\/v2\/product"}],"about":[{"href":"https:\/\/mexpo.eu\/fr\/wp-json\/wp\/v2\/types\/product"}],"wp:featuredmedia":[{"embeddable":true,"href":"https:\/\/mexpo.eu\/fr\/wp-json\/wp\/v2\/media\/50939"}],"wp:attachment":[{"href":"https:\/\/mexpo.eu\/fr\/wp-json\/wp\/v2\/media?parent=62969"}],"wp:term":[{"taxonomy":"product_brand","embeddable":true,"href":"https:\/\/mexpo.eu\/fr\/wp-json\/wp\/v2\/product_brand?post=62969"},{"taxonomy":"product_cat","embeddable":true,"href":"https:\/\/mexpo.eu\/fr\/wp-json\/wp\/v2\/product_cat?post=62969"},{"taxonomy":"product_tag","embeddable":true,"href":"https:\/\/mexpo.eu\/fr\/wp-json\/wp\/v2\/product_tag?post=62969"}],"curies":[{"name":"wp","href":"https:\/\/api.w.org\/{rel}","templated":true}]}}