{"id":62963,"date":"2025-02-17T13:28:23","date_gmt":"2025-02-17T13:28:23","guid":{"rendered":"https:\/\/mexpo.pl?post_type=product&#038;p=62963"},"modified":"2025-02-17T15:02:14","modified_gmt":"2025-02-17T15:02:14","slug":"mguide-gst-g1-intercom-pour-horeca","status":"publish","type":"product","link":"https:\/\/mexpo.eu\/fr\/produkt\/mguide-gst-g1-intercom-pour-horeca\/","title":{"rendered":"mGuide GST G1: intercom pour HoReCa"},"content":{"rendered":"<p>mGuide GST est un syst\u00e8me de communication sans fil qui am\u00e9liore la communication et facilite l&#8217;organisation du travail dans l&#8217;industrie HORECA.<\/p>\n<p>mGuide GST sera utile, par exemple, pour la communication entre:<\/p>\n<ul>\n<li>le personnel de cuisine et les serveurs d&#8217;un restaurant,<\/li>\n<li>les serveurs et l&#8217;\u00e9quipe d&#8217;organisation lors des \u00e9v\u00e9nements,<\/li>\n<li>le chef de salle et le personnel lors de services de catering ou de r\u00e9ceptions,<\/li>\n<li>la r\u00e9ception de l&#8217;h\u00f4tel et le personnel de nettoyage ou de s\u00e9curit\u00e9.<\/li>\n<\/ul>\n<p>Le poste de radio mGuide G1, situ\u00e9e dans la cuisine, dans la zone de dressage ou de service, sert de centre de coordination pour les serveurs. L&#8217;assistant du chef qui s&#8217;occupe de la zone de dressage et de service peut informer les serveurs via le microphone du poste de radio qu&#8217;une commande est pr\u00eate et attend d&#8217;\u00eatre ramass\u00e9e. Le bouton PTT qui active la transmission peut \u00eatre lib\u00e9r\u00e9 au moyen d&#8217;une p\u00e9dale sp\u00e9ciale PTT (FS-01: bouton \u00e0 pied PTT pour SM-01) sans utiliser les mains qui peuvent \u00eatre occup\u00e9es \u00e0 travailler.<br \/>\n\u00c0 leur tour, les serveurs \u00e9quip\u00e9s de radios de poche G2 avec un micro-casque discret peuvent rapidement passer des commande de boissons au bar ou confirmer qu&#8217;ils sont pr\u00eats \u00e0 prendre des commandes dans la zone de service.<\/p>\n<p>Dans un h\u00f4tel, mGuide GST peut \u00e9galement \u00eatre utilis\u00e9e pour coordonner le travail de l&#8217;\u00e9quipe d&#8217;entretien m\u00e9nager des chambres. Lorsque le client quitte la chambre, l&#8217;employ\u00e9 v\u00e9rifie l&#8217;\u00e9tat de la chambre et du minibar en faisant un rapport \u00e0 la r\u00e9ception via la radio de poche G2.<\/p>\n<p>Pendant les \u00e9v\u00e9nements ou banquets en plein air, les postes radio GST, quelle que soit la configuration des appareils G1 et G2, peuvent \u00eatre utilis\u00e9s pour coordonner les activit\u00e9s de service de restauration, des agents de s\u00e9curit\u00e9, du personnel d&#8217;\u00e9clairage ou des personnes responsables de la sc\u00e8ne de l&#8217;\u00e9v\u00e9nement.<\/p>\n","protected":false},"excerpt":{"rendered":"<p>Intercom sans fil mGuide GST G1. Unit\u00e9 centrale du syst\u00e8me de communication d&#8217;\u00e9quipe dans les \u00e9tablissements HoReCa.<\/p>\n","protected":false},"featured_media":50873,"template":"","meta":{"_acf_changed":false},"product_brand":[],"product_cat":[5449],"product_tag":[],"class_list":{"0":"post-62963","1":"product","2":"type-product","3":"status-publish","4":"has-post-thumbnail","6":"product_cat-intercom-pour-la-gastronomie-horeca","8":"first","9":"instock","10":"taxable","11":"shipping-taxable","12":"purchasable","13":"product-type-simple"},"acf":[],"_links":{"self":[{"href":"https:\/\/mexpo.eu\/fr\/wp-json\/wp\/v2\/product\/62963","targetHints":{"allow":["GET"]}}],"collection":[{"href":"https:\/\/mexpo.eu\/fr\/wp-json\/wp\/v2\/product"}],"about":[{"href":"https:\/\/mexpo.eu\/fr\/wp-json\/wp\/v2\/types\/product"}],"wp:featuredmedia":[{"embeddable":true,"href":"https:\/\/mexpo.eu\/fr\/wp-json\/wp\/v2\/media\/50873"}],"wp:attachment":[{"href":"https:\/\/mexpo.eu\/fr\/wp-json\/wp\/v2\/media?parent=62963"}],"wp:term":[{"taxonomy":"product_brand","embeddable":true,"href":"https:\/\/mexpo.eu\/fr\/wp-json\/wp\/v2\/product_brand?post=62963"},{"taxonomy":"product_cat","embeddable":true,"href":"https:\/\/mexpo.eu\/fr\/wp-json\/wp\/v2\/product_cat?post=62963"},{"taxonomy":"product_tag","embeddable":true,"href":"https:\/\/mexpo.eu\/fr\/wp-json\/wp\/v2\/product_tag?post=62963"}],"curies":[{"name":"wp","href":"https:\/\/api.w.org\/{rel}","templated":true}]}}