{"id":62897,"date":"2025-02-17T13:28:01","date_gmt":"2025-02-17T13:28:01","guid":{"rendered":"https:\/\/mexpo.pl?post_type=product&#038;p=62897"},"modified":"2025-02-17T15:02:03","modified_gmt":"2025-02-17T15:02:03","slug":"cable-usb-c-everactive-cbb-1cb","status":"publish","type":"product","link":"https:\/\/mexpo.eu\/fr\/produkt\/cable-usb-c-everactive-cbb-1cb\/","title":{"rendered":"C\u00e2ble USB-C everActive CBB-1CB"},"content":{"rendered":"<p>C\u00e2ble USB-C tress\u00e9 en nylon avec prise en charge de la charge rapide.<\/p>\n","protected":false},"excerpt":{"rendered":"<p>C\u00e2ble USB-C tress\u00e9 en nylon avec prise en charge de la charge rapide.<\/p>\n","protected":false},"featured_media":50786,"template":"","meta":{"_acf_changed":false},"product_brand":[],"product_cat":[5330],"product_tag":[],"class_list":{"0":"post-62897","1":"product","2":"type-product","3":"status-publish","4":"has-post-thumbnail","6":"product_cat-chargeurs-pour-systemes-dintercoms","8":"first","9":"instock","10":"taxable","11":"shipping-taxable","12":"purchasable","13":"product-type-simple"},"acf":[],"_links":{"self":[{"href":"https:\/\/mexpo.eu\/fr\/wp-json\/wp\/v2\/product\/62897","targetHints":{"allow":["GET"]}}],"collection":[{"href":"https:\/\/mexpo.eu\/fr\/wp-json\/wp\/v2\/product"}],"about":[{"href":"https:\/\/mexpo.eu\/fr\/wp-json\/wp\/v2\/types\/product"}],"wp:featuredmedia":[{"embeddable":true,"href":"https:\/\/mexpo.eu\/fr\/wp-json\/wp\/v2\/media\/50786"}],"wp:attachment":[{"href":"https:\/\/mexpo.eu\/fr\/wp-json\/wp\/v2\/media?parent=62897"}],"wp:term":[{"taxonomy":"product_brand","embeddable":true,"href":"https:\/\/mexpo.eu\/fr\/wp-json\/wp\/v2\/product_brand?post=62897"},{"taxonomy":"product_cat","embeddable":true,"href":"https:\/\/mexpo.eu\/fr\/wp-json\/wp\/v2\/product_cat?post=62897"},{"taxonomy":"product_tag","embeddable":true,"href":"https:\/\/mexpo.eu\/fr\/wp-json\/wp\/v2\/product_tag?post=62897"}],"curies":[{"name":"wp","href":"https:\/\/api.w.org\/{rel}","templated":true}]}}