{"id":62862,"date":"2025-02-17T13:27:37","date_gmt":"2025-02-17T13:27:37","guid":{"rendered":"https:\/\/mexpo.pl?post_type=product&#038;p=62862"},"modified":"2025-02-17T15:01:32","modified_gmt":"2025-02-17T15:01:32","slug":"radio-sans-fil-bidirectionnelle-en-duplex-integral-pour-les-services-de-sante-hcl-1-fc-avec-accessoires","status":"publish","type":"product","link":"https:\/\/mexpo.eu\/fr\/produkt\/radio-sans-fil-bidirectionnelle-en-duplex-integral-pour-les-services-de-sante-hcl-1-fc-avec-accessoires\/","title":{"rendered":"Radio sans fil bidirectionnelle en duplex int\u00e9gral pour les services de sant\u00e9 HCL-1-FC avec accessoires"},"content":{"rendered":"<p><strong>Comment la communication radio bidirectionnelle peut-elle b\u00e9n\u00e9ficier le secteur de sant\u00e9?<\/strong><br \/>\nPendant la crise, les headsets bidirectionnelles sont devenues un outil encore plus pr\u00e9cieux pour la communication, la coordination, la s\u00e9curit\u00e9 et la protection.<br \/>\nAvec une large gamme d&#8217;intercoms num\u00e9riques, sans fil et sans licence et de headsets, nous avons la solution pour r\u00e9pondre \u00e0 vos besoins et vous aider \u00e0 augmenter la productivit\u00e9.<br \/>\nDe plus, nous sommes en mesure de fournir des syst\u00e8mes de communication avec des r\u00e9p\u00e9teurs et une connectivit\u00e9 entre les sites pour augmenter la port\u00e9e et la force du signal.<\/p>\n<p>Nous avons con\u00e7u un set sp\u00e9cial pour les h\u00f4pitaux, les blocs op\u00e9ratoires, les chambres d&#8217;isolement, ainsi que les \u00e9quipes soignantes:<br \/>\n&#8211; intercom sans fil Okayo FreeCom &#8211; 1 unit\u00e9s<br \/>\n&#8211; headset RTM-3: 1 unit\u00e9<br \/>\n&#8211; batterie Ni-MH AA everActive Silver Line 2000 &#8211; 2 unit\u00e9s<\/p>\n<p>Les accessoires hygi\u00e9niques se trouvent dans la section &#8220;<a href=\"https:\/\/mguide.eu\/fr\/categorie-de-produit\/hygiene-fr\/\">hygiene<\/a>&#8220;.<\/p>\n<p><strong>Note: Veuillez noter que ce produit n&#8217;est pas un ensemble de communication complet, mais seulement un intercom avec un headset suppl\u00e9mentaire!<\/strong><\/p>\n<p>De nombreux traitements n\u00e9cessitent l&#8217;utilisation d&#8217;un \u00e9quipement de protection individuelle complet.<br \/>\nLes masques, les \u00e9crans faciaux et les combinaisons sont indispensables pour les m\u00e9decins travaillant en salle d&#8217;op\u00e9ration et le personnel de laboratoire.<br \/>\nLes headset professionnels FreeCom avec laryngophone faciliteront consid\u00e9rablement la communication, am\u00e9liorant la s\u00e9curit\u00e9 et le confort de tous les membres de l&#8217;\u00e9quipe.<\/p>\n<p>Okayo FreeCom est un syst\u00e8me d&#8217;intercom moderne avec fonction mains libres pour une communication bidirectionnelle en mode full duplex. Un syst\u00e8me d\u00e9di\u00e9 aux h\u00f4pitaux, cliniques, centres m\u00e9dicaux, laboratoires et \u00e9quipe de param\u00e9dicaux. Le syst\u00e8me permet de cr\u00e9er un syst\u00e8me de communication imm\u00e9diat et professionnel pour le personnel m\u00e9dical et hospitalier.<br \/>\nIl permet la conversation simultan\u00e9e en mode conf\u00e9rence avec un maximum de 6 personnes parmi un nombre illimit\u00e9 d&#8217;utilisateurs sur le m\u00eame canal radio. Le syst\u00e8me fonctionne sans licence (avec la possibilit\u00e9 de chiffrer l&#8217;acc\u00e8s) sur la fr\u00e9quence radio de 863 MHz ~ 865 MHz en modulation num\u00e9rique 4GFSK, gr\u00e2ce \u00e0 laquelle il r\u00e9siste aux interf\u00e9rences des autres syst\u00e8mes radio \u00e0 proximit\u00e9, par exemple Wi-Fi, microphones sans fil et microports. FreeCom dispose de 7 canaux de communication ind\u00e9pendants (tous peuvent fonctionner simultan\u00e9ment dans la m\u00eame zone) sur lesquels un nombre illimit\u00e9 d&#8217;utilisateurs peuvent \u00e9couter et participer \u00e0 la conversation.<\/p>\n<p>Le syst\u00e8me Okayo FreeCom peut \u00eatre utilis\u00e9 comme un syst\u00e8me audio bidirectionnel pour les formations et les tables rondes pour les participants en pr\u00e9sentiel ou en ligne. Il offre une connectivit\u00e9 totale avec les plateformes audio et les communicateurs externes tels que Zoom, Teams, offrant aux cliniciens une communication bidirectionnelle claire et en temps r\u00e9el, avec des s\u00e9minaires \u00e0 distance, entre des salles de classe et des lieux similaires.<\/p>\n<p>Nous vous invitons \u00e0 regarder une vid\u00e9o sur le syst\u00e8me Okayo FreeCom enregistr\u00e9e par le dr. ing Marcin Zastawnik (sp\u00e9cialiste en acoustique de la soci\u00e9t\u00e9 ProperSound): Les interphones sans fil Okayo FreeCom:<br \/>\nD&#8217;un autre c\u00f4t\u00e9, si quelqu&#8217;un devait acheter un tel syst\u00e8me, je recommanderais certainement d&#8217;acheter ce FreeCom car c&#8217;est une excellente solution qui fonctionne parfaitement. Il est petit par rapport aux autres solutions professionnelles.<\/p>\n<p><iframe loading=\"lazy\" title=\"Interkomy bezprzewodowe Okayo FreeCom\" width=\"1170\" height=\"658\" src=\"https:\/\/www.youtube.com\/embed\/AnLdZNaQENM?feature=oembed\" frameborder=\"0\" allow=\"accelerometer; autoplay; clipboard-write; encrypted-media; gyroscope; picture-in-picture; web-share\" referrerpolicy=\"strict-origin-when-cross-origin\" allowfullscreen><\/iframe><\/p>\n<p><strong>FreeCom est un syst\u00e8me num\u00e9rique bidirectionnel offrant un large \u00e9ventail d&#8217;applications qui repose sur quatre principes fondamentaux:<\/strong><br \/>\n<strong>Flexibilit\u00e9:<\/strong> chaque intercom peut \u00eatre configur\u00e9 comme unit\u00e9 principale (Master), unit\u00e9 secondaire (Sub-Master) ou simplement pour \u00e9couter le groupe (Listen).<br \/>\n<strong>Contr\u00f4le:<\/strong> fonction prioritaire de l&#8217;unit\u00e9 Master sur les autres pour mettre de l&#8217;ordre dans le groupe.<br \/>\n<strong>S\u00e9curit\u00e9:<\/strong> cryptage num\u00e9rique pour l&#8217;acc\u00e8s aux canaux. Pour les transmissions priv\u00e9es, le groupe ferm\u00e9 peut \u00eatre crypt\u00e9 pour emp\u00eacher les personnes ind\u00e9sirables d&#8217;\u00e9couter les conversations.<br \/>\n<strong>Sans fil:<\/strong> sans station de base, sans installation ou enregistrement du dispositif. Le syst\u00e8me peut \u00eatre utilis\u00e9 aussi bien \u00e0 l&#8217;int\u00e9rieur qu&#8217;\u00e0 l&#8217;ext\u00e9rieur.<\/p>\n<p><strong>Avantage des syst\u00e8mes bidirectionnels full-duplex par rapport aux syst\u00e8mes half-duplex.<\/strong><br \/>\nLes avantages des intercoms sans fil incluent des conversations plus rapides, plus claires et plus naturelles, un fonctionnement mains libres et une augmentation de la productivit\u00e9. De plus, les intercoms dot\u00e9s de technologies num\u00e9riques offrent souvent une meilleure qualit\u00e9 sonore qu&#8217;un radiot\u00e9l\u00e9phone. Les technologies utilis\u00e9es \u00e9vitent des bruits de fond ou d&#8217;autres interf\u00e9rences. Gr\u00e2ce \u00e0 un son de haute qualit\u00e9 et \u00e0 une faible latence, les employ\u00e9s s&#8217;entendent plus clairement, communiquent plus rapidement et \u00e9vitent les malentendus.<\/p>\n<p><strong>Caract\u00e9ristiques d&#8217;Okayo FreeCom:<\/strong><br \/>\n\u2013 Modulation de transmission num\u00e9rique 4GFSK avec technologie de r\u00e9duction du bruit<br \/>\n\u2013 Communication unidirectionnelle ou bidirectionnelle en duplex int\u00e9gral<br \/>\n\u2013 S\u00e9lection du cryptage des canaux pour des conversations priv\u00e9es et s\u00e9curis\u00e9es<br \/>\n\u2013 Chaque appareil peut \u00eatre configur\u00e9 comme Master, Sub-Master ou Listen<br \/>\n\u2013 Synchronisation des appareils sans fil<br \/>\n\u2013 7 canaux pour la bande de fr\u00e9quence 863 ~ 865 MHz<br \/>\n\u2013 Aucune limitation sur la taille du groupe<br \/>\n\u2013 \u00c9cran OLED r\u00e9tro\u00e9clair\u00e9 \u00e0 contraste \u00e9lev\u00e9<br \/>\n\u2013 Syst\u00e8me enti\u00e8rement sans fil sans station de base ni installation<br \/>\n\u2013 Port\u00e9e de plus de 100 m\u00e8tres en ligne de mire<br \/>\n\u2013 Fonctionnement toute la journ\u00e9e avec un jeu de piles<br \/>\n\u2013 Trois fonctions de bouton de conversation: PTB, PTT, PTM<br \/>\n\u2013 Sensibilit\u00e9 du microphone et puissance RF r\u00e9glables<br \/>\n\u2013 Prise \u00e9couteurs compatible avec les aides auditives (HAC)<br \/>\n\u2013 Prise d&#8217;entr\u00e9e auxiliaire suppl\u00e9mentaire sur l&#8217;appareil<br \/>\n\u2013 Large gamme d&#8217;accessoires disponibles<\/p>\n<p><strong>La p\u00e9riode de garantie est de 3 ans.<\/strong><br \/>\nNous vous offrons une assistance technique compl\u00e8te, des mises \u00e0 jour et un service du syst\u00e8me m\u00eame apr\u00e8s l&#8217;expiration de la p\u00e9riode de garantie.<\/p>\n<p><strong>Okayo Electronics Co.<\/strong>, Ltd est une soci\u00e9t\u00e9 bas\u00e9e \u00e0 Taiwan qui a \u00e9t\u00e9 fond\u00e9e en 1996 par un groupe d&#8217;ing\u00e9nieurs passionn\u00e9s par la communication sans fil.<br \/>\nOkayo fabrique des produits fiables, durables et abordables qui aident les gens \u00e0 communiquer entre eux de mani\u00e8re pratique et commode, en se basant sur diverses technologies et solutions sans fil : infrarouge, VHF, UHF, 2,4 GHz, UHF num\u00e9rique et autres. Gr\u00e2ce \u00e0 ses efforts continus en mati\u00e8re d&#8217;\u00e9tude de march\u00e9, de recherche technologique et d&#8217;am\u00e9lioration de la qualit\u00e9, Okayo est en train de devenir un fournisseur de premier plan de syst\u00e8mes de tourguide sans fil, de syst\u00e8mes audioguide, de syst\u00e8mes de sonorisation sans fil et de micros.<\/p>\n","protected":false},"excerpt":{"rendered":"<p>Intercom radio bidirectionnel en mode full duplex avec laryngophone pour la communication d&#8217;\u00e9quipe, d\u00e9di\u00e9 au personnel clinique. Mini-radio bidirectionnelle de type intercom pour les services de sant\u00e9, les centres m\u00e9dicaux, les h\u00f4pitaux, les ambulanciers param\u00e9dicaux.<\/p>\n","protected":false},"featured_media":50447,"template":"","meta":{"_acf_changed":false},"product_brand":[],"product_cat":[5425],"product_tag":[],"class_list":{"0":"post-62862","1":"product","2":"type-product","3":"status-publish","4":"has-post-thumbnail","6":"product_cat-intercoms-pour-les-services-de-sante","8":"first","9":"outofstock","10":"taxable","11":"shipping-taxable","12":"purchasable","13":"product-type-simple"},"acf":[],"_links":{"self":[{"href":"https:\/\/mexpo.eu\/fr\/wp-json\/wp\/v2\/product\/62862","targetHints":{"allow":["GET"]}}],"collection":[{"href":"https:\/\/mexpo.eu\/fr\/wp-json\/wp\/v2\/product"}],"about":[{"href":"https:\/\/mexpo.eu\/fr\/wp-json\/wp\/v2\/types\/product"}],"wp:featuredmedia":[{"embeddable":true,"href":"https:\/\/mexpo.eu\/fr\/wp-json\/wp\/v2\/media\/50447"}],"wp:attachment":[{"href":"https:\/\/mexpo.eu\/fr\/wp-json\/wp\/v2\/media?parent=62862"}],"wp:term":[{"taxonomy":"product_brand","embeddable":true,"href":"https:\/\/mexpo.eu\/fr\/wp-json\/wp\/v2\/product_brand?post=62862"},{"taxonomy":"product_cat","embeddable":true,"href":"https:\/\/mexpo.eu\/fr\/wp-json\/wp\/v2\/product_cat?post=62862"},{"taxonomy":"product_tag","embeddable":true,"href":"https:\/\/mexpo.eu\/fr\/wp-json\/wp\/v2\/product_tag?post=62862"}],"curies":[{"name":"wp","href":"https:\/\/api.w.org\/{rel}","templated":true}]}}