{"id":62840,"date":"2025-02-17T13:14:38","date_gmt":"2025-02-17T13:14:38","guid":{"rendered":"https:\/\/mexpo.pl?post_type=product&#038;p=62840"},"modified":"2025-02-17T14:51:32","modified_gmt":"2025-02-17T14:51:32","slug":"chargeur-ni-mh-everactive-nc-800-pour-8-batteries","status":"publish","type":"product","link":"https:\/\/mexpo.eu\/fr\/produkt\/chargeur-ni-mh-everactive-nc-800-pour-8-batteries\/","title":{"rendered":"Chargeur Ni-MH everActive NC-800 pour 8 batteries"},"content":{"rendered":"<p>Le chargeur everActive NC-800 poss\u00e8de jusqu&#8217;\u00e0 8 emplacements de charge ind\u00e9pendants pour les batteries rechargeables Ni-MH de taille R6\/AA ou R03\/AA, chaque batterie \u00e9tant charg\u00e9e individuellement.<\/p>\n<p>Il permet de charger 8 piles rechargeables R6 \/ AA ou R03 \/ AAA dans n&#8217;importe quelle configuration \/ combinaison, avec n&#8217;importe quelle capacit\u00e9, de n&#8217;importe quel fabricant.<\/p>\n<p>Principales caract\u00e9ristiques du chargeur NC-800:<br \/>\n&#8211; Charge rapide d&#8217;un grand nombre de batteries simultan\u00e9ment: id\u00e9al pour une utilisation industrielle et professionnelle.<br \/>\n&#8211; \u00c9cran LCD r\u00e9tro\u00e9clair\u00e9 avec indicateur de charge de la batterie, s\u00e9par\u00e9ment pour chaque emplacement de charge: pendant la charge, il affiche de mani\u00e8re simple et lisible le niveau de charge actuel (correspondant \u00e0 25\/50\/75\/100 %) dans un graphique \u00e0 barres.<br \/>\n&#8211; Adaptateur secteur 100-240V AC et adaptateur de voiture 12V inclus<br \/>\n&#8211; Il dispose d&#8217;une fonction permettant de rafra\u00eechir (d\u00e9charger) les batteries rechargeables \u00e0 la demande, ce qui vous permet de profiter plus longtemps du bon \u00e9tat des batteries.<br \/>\n&#8211; Le chargeur est prot\u00e9g\u00e9 contre les courts-circuits, l&#8217;insertion incorrecte des batteries et la surchauffe.<br \/>\n&#8211; Le processus de charge est contr\u00f4l\u00e9 par microprocesseur avec d\u00e9tection -dV ce il garantit une charge compl\u00e8te pour chaque batterie s\u00e9par\u00e9ment.<\/p>\n<p>Contenu du set:<br \/>\n&#8211; chargeur<br \/>\n&#8211; adaptateur secteur<br \/>\n&#8211; adaptateur de voiture de 12V,<br \/>\n&#8211; mode d&#8217;emploi en polonais, anglais et allemand.<\/p>\n","protected":false},"excerpt":{"rendered":"<p>Le chargeur everActive NC-800 poss\u00e8de jusqu&#8217;\u00e0 8 emplacements de charge ind\u00e9pendants pour les batteries rechargeables Ni-MH de taille R6\/AA ou R03\/AA, chaque batterie \u00e9tant charg\u00e9e individuellement.<\/p>\n","protected":false},"featured_media":48917,"template":"","meta":{"_acf_changed":false},"product_brand":[],"product_cat":[5177,5330],"product_tag":[],"class_list":{"0":"post-62840","1":"product","2":"type-product","3":"status-publish","4":"has-post-thumbnail","6":"product_cat-chargeurs","7":"product_cat-chargeurs-pour-systemes-dintercoms","9":"first","10":"instock","11":"taxable","12":"shipping-taxable","13":"purchasable","14":"product-type-simple"},"acf":[],"_links":{"self":[{"href":"https:\/\/mexpo.eu\/fr\/wp-json\/wp\/v2\/product\/62840","targetHints":{"allow":["GET"]}}],"collection":[{"href":"https:\/\/mexpo.eu\/fr\/wp-json\/wp\/v2\/product"}],"about":[{"href":"https:\/\/mexpo.eu\/fr\/wp-json\/wp\/v2\/types\/product"}],"wp:featuredmedia":[{"embeddable":true,"href":"https:\/\/mexpo.eu\/fr\/wp-json\/wp\/v2\/media\/48917"}],"wp:attachment":[{"href":"https:\/\/mexpo.eu\/fr\/wp-json\/wp\/v2\/media?parent=62840"}],"wp:term":[{"taxonomy":"product_brand","embeddable":true,"href":"https:\/\/mexpo.eu\/fr\/wp-json\/wp\/v2\/product_brand?post=62840"},{"taxonomy":"product_cat","embeddable":true,"href":"https:\/\/mexpo.eu\/fr\/wp-json\/wp\/v2\/product_cat?post=62840"},{"taxonomy":"product_tag","embeddable":true,"href":"https:\/\/mexpo.eu\/fr\/wp-json\/wp\/v2\/product_tag?post=62840"}],"curies":[{"name":"wp","href":"https:\/\/api.w.org\/{rel}","templated":true}]}}