{"id":62799,"date":"2025-02-17T13:26:53","date_gmt":"2025-02-17T13:26:53","guid":{"rendered":"https:\/\/mexpo.pl?post_type=product&#038;p=62799"},"modified":"2025-02-17T15:00:37","modified_gmt":"2025-02-17T15:00:37","slug":"jeu-de-intercoms-pour-la-communication-entre-les-equipes-de-tournage-et-de-production-freecom-5av","status":"publish","type":"product","link":"https:\/\/mexpo.eu\/fr\/produkt\/jeu-de-intercoms-pour-la-communication-entre-les-equipes-de-tournage-et-de-production-freecom-5av\/","title":{"rendered":"Jeu de intercoms pour la communication entre les \u00e9quipes de tournage et de production &#8211; FreeCom-5AV"},"content":{"rendered":"<p><strong>L&#8217;ensemble contient:<\/strong><br \/>\n&#8211; intercom sans fil Okayo FreeCom &#8211; 5 unit\u00e9s<br \/>\n&#8211; casque tour de t\u00eate HEM-30 &#8211; 5 unit\u00e9s<br \/>\n&#8211; chargeur de bureau avec valise de transport Okayo CHG-5 &#8211; 1 unit\u00e9<br \/>\n&#8211; batterie Ni-MH AA everActive Silver Line 2000 &#8211; 10 unit\u00e9s<\/p>\n<p><strong>La p\u00e9riode de garantie est de 3 ans.<\/strong><br \/>\nNous vous offrons une assistance technique compl\u00e8te, des mises \u00e0 jour et un service du syst\u00e8me m\u00eame apr\u00e8s l&#8217;expiration de la p\u00e9riode de garantie.<\/p>\n<p>Okayo FreeCom est un syst\u00e8me d&#8217;intercom moderne avec fonction mains libres pour une communication bidirectionnelle en mode full duplex.<br \/>\nIl est con\u00e7u pour les productions audiovisuelles et les \u00e9v\u00e9nements en direct.<br \/>\nLe syst\u00e8me permet de cr\u00e9er un syst\u00e8me de communication instantan\u00e9 et professionnel pour les \u00e9quipes de production audio et vid\u00e9o ainsi que pour les techniciens.<br \/>\nJusqu&#8217;\u00e0 6 utilisateurs d&#8217;un groupe illimit\u00e9 de dispositifs peuvent communiquer simultan\u00e9ment entre eux.<br \/>\nLe syst\u00e8me fonctionne sans licence sur la fr\u00e9quence radio de 863 MHz ~ 865 MHz en modulation num\u00e9rique 4GFSK, gr\u00e2ce \u00e0 laquelle il r\u00e9siste aux interf\u00e9rences des autres syst\u00e8mes radio \u00e0 proximit\u00e9, par exemple Wi-Fi, microphones sans fil et microports.<br \/>\nFreeCom dispose de 7 canaux de communication ind\u00e9pendants (tous peuvent fonctionner simultan\u00e9ment dans la m\u00eame zone) sur lesquels un nombre illimit\u00e9 d&#8217;utilisateurs peuvent \u00e9couter et participer \u00e0 la conversation.<\/p>\n<p>Nous vous invitons \u00e0 regarder une vid\u00e9o sur le syst\u00e8me Okayo FreeCom enregistr\u00e9e par le dr. ing Marcin Zastawnik (sp\u00e9cialiste en acoustique de la soci\u00e9t\u00e9 ProperSound): Les interphones sans fil Okayo FreeCom:<br \/>\nD&#8217;un autre c\u00f4t\u00e9, si quelqu&#8217;un devait acheter un tel syst\u00e8me, je recommanderais certainement d&#8217;acheter ce FreeCom car c&#8217;est une excellente solution qui fonctionne parfaitement. Il est petit par rapport aux autres solutions professionnelles. C\u2019est un syst\u00e8me pour qui ? En fait, pour ce genre de productions, d&#8217;\u00e9missions en direct, etc., \u00e0 mon avis, c&#8217;est un tr\u00e8s bon appareil, surtout qu&#8217;aujourd&#8217;hui nous devons nous d\u00e9placer beaucoup avec les appareils et aussi les prix de production baissent de nos jours.&#8221;<\/p>\n<p><iframe loading=\"lazy\" title=\"Interkomy bezprzewodowe Okayo FreeCom\" width=\"1170\" height=\"658\" src=\"https:\/\/www.youtube.com\/embed\/AnLdZNaQENM?feature=oembed\" frameborder=\"0\" allow=\"accelerometer; autoplay; clipboard-write; encrypted-media; gyroscope; picture-in-picture; web-share\" referrerpolicy=\"strict-origin-when-cross-origin\" allowfullscreen><\/iframe><\/p>\n<p><strong>FreeCom est un syst\u00e8me num\u00e9rique bidirectionnel offrant un large \u00e9ventail d&#8217;applications qui repose sur quatre principes fondamentaux:<\/strong><br \/>\n<strong>Flexibilit\u00e9:<\/strong> chaque intercom peut \u00eatre configur\u00e9 comme unit\u00e9 principale (Master), unit\u00e9 secondaire (Sub-Master) ou simplement pour \u00e9couter le groupe (Listen).<br \/>\n<strong>Contr\u00f4le:<\/strong> fonction prioritaire de l&#8217;unit\u00e9 Master sur les autres pour mettre de l&#8217;ordre dans le groupe.<br \/>\n<strong>S\u00e9curit\u00e9:<\/strong> cryptage num\u00e9rique pour l&#8217;acc\u00e8s aux canaux. Pour les transmissions priv\u00e9es, le groupe ferm\u00e9 peut \u00eatre crypt\u00e9 pour emp\u00eacher les personnes ind\u00e9sirables d&#8217;\u00e9couter les conversations.<br \/>\n<strong>Sans fil:<\/strong> sans station de base, le syst\u00e8me peut \u00eatre utilis\u00e9 aussi bien \u00e0 l&#8217;int\u00e9rieur qu&#8217;\u00e0 l&#8217;ext\u00e9rieur.<\/p>\n<p><strong>Caract\u00e9ristiques d&#8217;Okayo FreeCom:<\/strong><br \/>\n\u2013 Modulation de transmission num\u00e9rique 4GFSK avec technologie de r\u00e9duction du bruit<br \/>\n\u2013 Communication unidirectionnelle ou bidirectionnelle en duplex int\u00e9gral<br \/>\n\u2013 S\u00e9lection du cryptage des canaux pour des conversations priv\u00e9es et s\u00e9curis\u00e9es<br \/>\n\u2013 Chaque appareil peut \u00eatre configur\u00e9 comme Master, Sub-Master ou Listen<br \/>\n\u2013 Synchronisation des appareils sans fil<br \/>\n\u2013 7 canaux pour la bande de fr\u00e9quence 863 ~ 865 MHz<br \/>\n\u2013 Aucune limitation sur la taille du groupe<br \/>\n\u2013 \u00c9cran OLED r\u00e9tro\u00e9clair\u00e9 \u00e0 contraste \u00e9lev\u00e9<br \/>\n\u2013 Syst\u00e8me enti\u00e8rement sans fil sans station de base ni installation<br \/>\n\u2013 Port\u00e9e de plus de 100 m\u00e8tres en ligne de mire<br \/>\n\u2013 Fonctionnement toute la journ\u00e9e avec un jeu de piles<br \/>\n\u2013 Trois fonctions de bouton de conversation : PTB, PTT, PTM<br \/>\n\u2013 Sensibilit\u00e9 du microphone et puissance RF r\u00e9glables<br \/>\n\u2013 Prise \u00e9couteurs compatible avec les aides auditives (HAC)<br \/>\n\u2013 Prise d&#8217;entr\u00e9e auxiliaire suppl\u00e9mentaire sur l&#8217;appareil<br \/>\n\u2013 Large gamme d&#8217;accessoires disponibles<\/p>\n<p><strong>Okayo Electronics Co.<\/strong>, Ltd est une soci\u00e9t\u00e9 bas\u00e9e \u00e0 Taiwan qui a \u00e9t\u00e9 fond\u00e9e en 1996 par un groupe d&#8217;ing\u00e9nieurs passionn\u00e9s par la communication sans fil.<br \/>\nOkayo fabrique des produits fiables, durables et abordables qui aident les gens \u00e0 communiquer entre eux de mani\u00e8re pratique et commode, en se basant sur diverses technologies et solutions sans fil : infrarouge, VHF, UHF, 2,4 GHz, UHF num\u00e9rique et autres.<br \/>\nGr\u00e2ce \u00e0 ses efforts continus en mati\u00e8re d&#8217;\u00e9tude de march\u00e9, de recherche technologique et d&#8217;am\u00e9lioration de la qualit\u00e9, Okayo est en train de devenir un fournisseur de premier plan de syst\u00e8mes de tourguide sans fil, de syst\u00e8mes audioguide, de syst\u00e8mes de sonorisation sans fil et de micros.<\/p>\n","protected":false},"excerpt":{"rendered":"<p>Jeu de 5 Intercoms sans fil en mode duplex int\u00e9gral pour la communication entre les membres d&#8217;une \u00e9quipe de tournage, les vid\u00e9astes, les ing\u00e9nieurs du son pendant un concert, par exemple pour la communication entre le r\u00e9alisateur et les cam\u00e9ramans ou les ing\u00e9nieurs du son.<\/p>\n","protected":false},"featured_media":50501,"template":"","meta":{"_acf_changed":false},"product_brand":[],"product_cat":[5414],"product_tag":[],"class_list":{"0":"post-62799","1":"product","2":"type-product","3":"status-publish","4":"has-post-thumbnail","6":"product_cat-realisation-audio-video","8":"first","9":"instock","10":"taxable","11":"shipping-taxable","12":"purchasable","13":"product-type-simple"},"acf":[],"_links":{"self":[{"href":"https:\/\/mexpo.eu\/fr\/wp-json\/wp\/v2\/product\/62799","targetHints":{"allow":["GET"]}}],"collection":[{"href":"https:\/\/mexpo.eu\/fr\/wp-json\/wp\/v2\/product"}],"about":[{"href":"https:\/\/mexpo.eu\/fr\/wp-json\/wp\/v2\/types\/product"}],"wp:featuredmedia":[{"embeddable":true,"href":"https:\/\/mexpo.eu\/fr\/wp-json\/wp\/v2\/media\/50501"}],"wp:attachment":[{"href":"https:\/\/mexpo.eu\/fr\/wp-json\/wp\/v2\/media?parent=62799"}],"wp:term":[{"taxonomy":"product_brand","embeddable":true,"href":"https:\/\/mexpo.eu\/fr\/wp-json\/wp\/v2\/product_brand?post=62799"},{"taxonomy":"product_cat","embeddable":true,"href":"https:\/\/mexpo.eu\/fr\/wp-json\/wp\/v2\/product_cat?post=62799"},{"taxonomy":"product_tag","embeddable":true,"href":"https:\/\/mexpo.eu\/fr\/wp-json\/wp\/v2\/product_tag?post=62799"}],"curies":[{"name":"wp","href":"https:\/\/api.w.org\/{rel}","templated":true}]}}